{"id":15057,"date":"2024-02-24T11:58:34","date_gmt":"2024-02-24T09:58:34","guid":{"rendered":"https:\/\/www.ksttukku.fi\/kauppa\/?post_type=product&#038;p=15057"},"modified":"2024-02-24T11:58:34","modified_gmt":"2024-02-24T09:58:34","slug":"sailytyshyllykko-3-lokerolla-akaasia-70-cm","status":"publish","type":"product","link":"https:\/\/www.ksttukku.fi\/kauppa\/tuote\/sailytyshyllykko-3-lokerolla-akaasia-70-cm\/","title":{"rendered":"S\u00e4ilytyshyllykk\u00f6 3 lokerolla akaasia 70 cm"},"content":{"rendered":"<p>Akaasiasta valmistettu luonnollisen v\u00e4rinen s\u00e4ilytyshyllykk\u00f6.<\/p>\n<p>Hyllyk\u00f6n voi asettaa p\u00f6yd\u00e4lle, tuo kaivattua lis\u00e4tilaa.<\/p>\n<p>Kolme reunallista tasoa. Enimm\u00e4iskuormitus 2 kg\/taso.<\/p>\n<p>Materiaali: akaasia puu<\/p>\n<p>&nbsp;<\/p>\n","protected":false},"excerpt":{"rendered":"<p>Akaasiasta valmistettu luonnollisen v\u00e4rinen s\u00e4ilytyshyllykk\u00f6. Hyllyk\u00f6n voi asettaa p\u00f6yd\u00e4lle, tuo kaivattua lis\u00e4tilaa. Kolme reunallista tasoa. Enimm\u00e4iskuormitus 2 kg\/taso. Materiaali: akaasia puu &nbsp;<\/p>\n","protected":false},"featured_media":15058,"comment_status":"closed","ping_status":"closed","template":"","meta":[],"product_brand":[],"product_cat":[491,377],"product_tag":[],"class_list":{"0":"post-15057","1":"product","2":"type-product","3":"status-publish","4":"has-post-thumbnail","6":"product_cat-kodin-sisustustuotteet","7":"product_cat-sisustus-lahjatavarat","9":"first","10":"instock","11":"taxable","12":"shipping-taxable","13":"purchasable","14":"product-type-simple"},"_links":{"self":[{"href":"https:\/\/www.ksttukku.fi\/kauppa\/wp-json\/wp\/v2\/product\/15057","targetHints":{"allow":["GET"]}}],"collection":[{"href":"https:\/\/www.ksttukku.fi\/kauppa\/wp-json\/wp\/v2\/product"}],"about":[{"href":"https:\/\/www.ksttukku.fi\/kauppa\/wp-json\/wp\/v2\/types\/product"}],"replies":[{"embeddable":true,"href":"https:\/\/www.ksttukku.fi\/kauppa\/wp-json\/wp\/v2\/comments?post=15057"}],"wp:featuredmedia":[{"embeddable":true,"href":"https:\/\/www.ksttukku.fi\/kauppa\/wp-json\/wp\/v2\/media\/15058"}],"wp:attachment":[{"href":"https:\/\/www.ksttukku.fi\/kauppa\/wp-json\/wp\/v2\/media?parent=15057"}],"wp:term":[{"taxonomy":"product_brand","embeddable":true,"href":"https:\/\/www.ksttukku.fi\/kauppa\/wp-json\/wp\/v2\/product_brand?post=15057"},{"taxonomy":"product_cat","embeddable":true,"href":"https:\/\/www.ksttukku.fi\/kauppa\/wp-json\/wp\/v2\/product_cat?post=15057"},{"taxonomy":"product_tag","embeddable":true,"href":"https:\/\/www.ksttukku.fi\/kauppa\/wp-json\/wp\/v2\/product_tag?post=15057"}],"curies":[{"name":"wp","href":"https:\/\/api.w.org\/{rel}","templated":true}]}}