{"id":15062,"date":"2024-02-24T13:58:43","date_gmt":"2024-02-24T11:58:43","guid":{"rendered":"https:\/\/www.ksttukku.fi\/kauppa\/?post_type=product&#038;p=15062"},"modified":"2024-02-24T13:58:43","modified_gmt":"2024-02-24T11:58:43","slug":"seinakello-30cm-alumiinitausta-2","status":"publish","type":"product","link":"https:\/\/www.ksttukku.fi\/kauppa\/tuote\/seinakello-30cm-alumiinitausta-2\/","title":{"rendered":"Sein\u00e4kello 30cm alumiinitausta"},"content":{"rendered":"<p>Tyylik\u00e4s selke\u00e4numeroinen sein\u00e4kello.<\/p>\n<p>Hiljainen koneisto<\/p>\n<p>Materiaali: kehys ABS, polypropeeni, alumiinitausta<\/p>\n","protected":false},"excerpt":{"rendered":"<p>Tyylik\u00e4s selke\u00e4numeroinen sein\u00e4kello. Hiljainen koneisto Materiaali: kehys ABS, polypropeeni, alumiinitausta<\/p>\n","protected":false},"featured_media":15063,"comment_status":"closed","ping_status":"closed","template":"","meta":[],"product_brand":[],"product_cat":[491,453,377],"product_tag":[],"class_list":{"0":"post-15062","1":"product","2":"type-product","3":"status-publish","4":"has-post-thumbnail","6":"product_cat-kodin-sisustustuotteet","7":"product_cat-seinakellot","8":"product_cat-sisustus-lahjatavarat","10":"first","11":"instock","12":"taxable","13":"shipping-taxable","14":"purchasable","15":"product-type-simple"},"_links":{"self":[{"href":"https:\/\/www.ksttukku.fi\/kauppa\/wp-json\/wp\/v2\/product\/15062","targetHints":{"allow":["GET"]}}],"collection":[{"href":"https:\/\/www.ksttukku.fi\/kauppa\/wp-json\/wp\/v2\/product"}],"about":[{"href":"https:\/\/www.ksttukku.fi\/kauppa\/wp-json\/wp\/v2\/types\/product"}],"replies":[{"embeddable":true,"href":"https:\/\/www.ksttukku.fi\/kauppa\/wp-json\/wp\/v2\/comments?post=15062"}],"wp:featuredmedia":[{"embeddable":true,"href":"https:\/\/www.ksttukku.fi\/kauppa\/wp-json\/wp\/v2\/media\/15063"}],"wp:attachment":[{"href":"https:\/\/www.ksttukku.fi\/kauppa\/wp-json\/wp\/v2\/media?parent=15062"}],"wp:term":[{"taxonomy":"product_brand","embeddable":true,"href":"https:\/\/www.ksttukku.fi\/kauppa\/wp-json\/wp\/v2\/product_brand?post=15062"},{"taxonomy":"product_cat","embeddable":true,"href":"https:\/\/www.ksttukku.fi\/kauppa\/wp-json\/wp\/v2\/product_cat?post=15062"},{"taxonomy":"product_tag","embeddable":true,"href":"https:\/\/www.ksttukku.fi\/kauppa\/wp-json\/wp\/v2\/product_tag?post=15062"}],"curies":[{"name":"wp","href":"https:\/\/api.w.org\/{rel}","templated":true}]}}