{"id":15069,"date":"2024-02-26T11:55:21","date_gmt":"2024-02-26T09:55:21","guid":{"rendered":"https:\/\/www.ksttukku.fi\/kauppa\/?post_type=product&#038;p=15069"},"modified":"2024-02-26T12:11:48","modified_gmt":"2024-02-26T10:11:48","slug":"colly-riippuvalaisin","status":"publish","type":"product","link":"https:\/\/www.ksttukku.fi\/kauppa\/tuote\/colly-riippuvalaisin\/","title":{"rendered":"Colly riippuvalaisin 40 cm"},"content":{"rendered":"<p>Colly on riippuvalaisin, jonka varjostin on valmistettu mustasta ja luonnonv\u00e4risest\u00e4 bambusta, bambun luonnollinen kauneus ja mustan v\u00e4rin elegantti kontrasti luovat upean visuaalisen vaikutelman. Valaisimen varjostin ei ainoastaan tarjoa kaunista ulkon\u00e4k\u00f6\u00e4, vaan se my\u00f6s luo pehme\u00e4\u00e4 ja houkuttelevaa valoa ymp\u00e4r\u00f6iv\u00e4\u00e4n tilaan. T\u00e4m\u00e4 valaisin on yhdistelm\u00e4 luontoa ja modernia muotoilua, joka tekee siit\u00e4 sopivan monenlaisiin sisustustyyleihin. Kun valaisin on p\u00e4\u00e4ll\u00e4, bambuvarjostimen kauniit yksityiskohdat korostuvat ja luovat ainutlaatuisen valaistuksen tunnelman.<\/p>\n<p>1,2 metrin ripustuskorkeus<\/p>\n<p>Halkaisja: 40cm<\/p>\n<p>Kanta: 1xE27 max 40W.<\/p>\n<p>Sokeripalaliitos, kiinte\u00e4 asennus kattoon<\/p>\n<p>&nbsp;<\/p>\n","protected":false},"excerpt":{"rendered":"<p>Colly on riippuvalaisin, jonka varjostin on valmistettu mustasta ja luonnonv\u00e4risest\u00e4 bambusta, bambun luonnollinen kauneus ja mustan v\u00e4rin elegantti kontrasti luovat upean visuaalisen vaikutelman. Valaisimen varjostin ei ainoastaan tarjoa kaunista ulkon\u00e4k\u00f6\u00e4, vaan se my\u00f6s luo pehme\u00e4\u00e4 ja houkuttelevaa valoa ymp\u00e4r\u00f6iv\u00e4\u00e4n tilaan. T\u00e4m\u00e4 valaisin on yhdistelm\u00e4 luontoa ja modernia muotoilua, joka tekee siit\u00e4 sopivan monenlaisiin sisustustyyleihin. Kun [&hellip;]<\/p>\n","protected":false},"featured_media":15071,"comment_status":"closed","ping_status":"closed","template":"","meta":[],"product_brand":[],"product_cat":[49,35,34],"product_tag":[],"class_list":{"0":"post-15069","1":"product","2":"type-product","3":"status-publish","4":"has-post-thumbnail","6":"product_cat-riippuvalaisimet","7":"product_cat-sisavalaisimet","8":"product_cat-valaisimet","10":"first","11":"instock","12":"taxable","13":"shipping-taxable","14":"purchasable","15":"product-type-simple"},"_links":{"self":[{"href":"https:\/\/www.ksttukku.fi\/kauppa\/wp-json\/wp\/v2\/product\/15069","targetHints":{"allow":["GET"]}}],"collection":[{"href":"https:\/\/www.ksttukku.fi\/kauppa\/wp-json\/wp\/v2\/product"}],"about":[{"href":"https:\/\/www.ksttukku.fi\/kauppa\/wp-json\/wp\/v2\/types\/product"}],"replies":[{"embeddable":true,"href":"https:\/\/www.ksttukku.fi\/kauppa\/wp-json\/wp\/v2\/comments?post=15069"}],"wp:featuredmedia":[{"embeddable":true,"href":"https:\/\/www.ksttukku.fi\/kauppa\/wp-json\/wp\/v2\/media\/15071"}],"wp:attachment":[{"href":"https:\/\/www.ksttukku.fi\/kauppa\/wp-json\/wp\/v2\/media?parent=15069"}],"wp:term":[{"taxonomy":"product_brand","embeddable":true,"href":"https:\/\/www.ksttukku.fi\/kauppa\/wp-json\/wp\/v2\/product_brand?post=15069"},{"taxonomy":"product_cat","embeddable":true,"href":"https:\/\/www.ksttukku.fi\/kauppa\/wp-json\/wp\/v2\/product_cat?post=15069"},{"taxonomy":"product_tag","embeddable":true,"href":"https:\/\/www.ksttukku.fi\/kauppa\/wp-json\/wp\/v2\/product_tag?post=15069"}],"curies":[{"name":"wp","href":"https:\/\/api.w.org\/{rel}","templated":true}]}}