{"id":15085,"date":"2024-02-27T12:32:15","date_gmt":"2024-02-27T10:32:15","guid":{"rendered":"https:\/\/www.ksttukku.fi\/kauppa\/?post_type=product&#038;p=15085"},"modified":"2024-02-27T12:32:15","modified_gmt":"2024-02-27T10:32:15","slug":"carla-kattovalaisin-1480lm","status":"publish","type":"product","link":"https:\/\/www.ksttukku.fi\/kauppa\/tuote\/carla-kattovalaisin-1480lm\/","title":{"rendered":"Carla kattovalaisin 1480lm"},"content":{"rendered":"<p><span style=\"font-size: medium;\">Carla\u00a0 on todella upea kattovalaisin, joka her\u00e4tt\u00e4\u00e4 huomion heti ensisilm\u00e4yksell\u00e4. <\/span><\/p>\n<p><span style=\"font-size: medium;\">Sen elegantti ja tyylik\u00e4s muotoilu lis\u00e4\u00e4v\u00e4t arvokkuutta ja ilmett\u00e4 mihin tahansa sis\u00e4tilaan. <\/span><\/p>\n<p><span style=\"font-size: medium;\">Valaisimen neliskanttinen ja puunv\u00e4rinen MDF kehys yhdistettyn\u00e4 varjostimeen luovat lumoavan yhdistelm\u00e4n.<\/span><\/p>\n<p><span style=\"font-size: medium;\"> Carla valaisee tilan kauniisti ja luo miellytt\u00e4v\u00e4\u00e4 tunnelmaa sen ymp\u00e4rille. <\/span><\/p>\n<p><span style=\"font-size: medium;\">Valaisimen koko on 30cm x 30 cm, 12W\u00a0 3000K.<br \/>\n<\/span><\/p>\n<p>3-Step toiminto.<\/p>\n<p><span style=\"font-size: medium;\">sokeripalaliitos, kiinte\u00e4 asennus<\/span><\/p>\n","protected":false},"excerpt":{"rendered":"<p>Carla\u00a0 on todella upea kattovalaisin, joka her\u00e4tt\u00e4\u00e4 huomion heti ensisilm\u00e4yksell\u00e4. Sen elegantti ja tyylik\u00e4s muotoilu lis\u00e4\u00e4v\u00e4t arvokkuutta ja ilmett\u00e4 mihin tahansa sis\u00e4tilaan. Valaisimen neliskanttinen ja puunv\u00e4rinen MDF kehys yhdistettyn\u00e4 varjostimeen luovat lumoavan yhdistelm\u00e4n. Carla valaisee tilan kauniisti ja luo miellytt\u00e4v\u00e4\u00e4 tunnelmaa sen ymp\u00e4rille. Valaisimen koko on 30cm x 30 cm, 12W\u00a0 3000K. 3-Step toiminto. sokeripalaliitos, [&hellip;]<\/p>\n","protected":false},"featured_media":15087,"comment_status":"closed","ping_status":"closed","template":"","meta":[],"product_brand":[],"product_cat":[40,183,35,34],"product_tag":[],"class_list":{"0":"post-15085","1":"product","2":"type-product","3":"status-publish","4":"has-post-thumbnail","6":"product_cat-kattovalaisimet","7":"product_cat-led-paneelivalaisimet","8":"product_cat-sisavalaisimet","9":"product_cat-valaisimet","11":"first","12":"instock","13":"taxable","14":"shipping-taxable","15":"purchasable","16":"product-type-simple"},"_links":{"self":[{"href":"https:\/\/www.ksttukku.fi\/kauppa\/wp-json\/wp\/v2\/product\/15085","targetHints":{"allow":["GET"]}}],"collection":[{"href":"https:\/\/www.ksttukku.fi\/kauppa\/wp-json\/wp\/v2\/product"}],"about":[{"href":"https:\/\/www.ksttukku.fi\/kauppa\/wp-json\/wp\/v2\/types\/product"}],"replies":[{"embeddable":true,"href":"https:\/\/www.ksttukku.fi\/kauppa\/wp-json\/wp\/v2\/comments?post=15085"}],"wp:featuredmedia":[{"embeddable":true,"href":"https:\/\/www.ksttukku.fi\/kauppa\/wp-json\/wp\/v2\/media\/15087"}],"wp:attachment":[{"href":"https:\/\/www.ksttukku.fi\/kauppa\/wp-json\/wp\/v2\/media?parent=15085"}],"wp:term":[{"taxonomy":"product_brand","embeddable":true,"href":"https:\/\/www.ksttukku.fi\/kauppa\/wp-json\/wp\/v2\/product_brand?post=15085"},{"taxonomy":"product_cat","embeddable":true,"href":"https:\/\/www.ksttukku.fi\/kauppa\/wp-json\/wp\/v2\/product_cat?post=15085"},{"taxonomy":"product_tag","embeddable":true,"href":"https:\/\/www.ksttukku.fi\/kauppa\/wp-json\/wp\/v2\/product_tag?post=15085"}],"curies":[{"name":"wp","href":"https:\/\/api.w.org\/{rel}","templated":true}]}}