{"id":15098,"date":"2024-02-27T17:16:09","date_gmt":"2024-02-27T15:16:09","guid":{"rendered":"https:\/\/www.ksttukku.fi\/kauppa\/?post_type=product&#038;p=15098"},"modified":"2026-02-03T11:01:39","modified_gmt":"2026-02-03T09:01:39","slug":"led-alasvalo-65-w-4000k-musta","status":"publish","type":"product","link":"https:\/\/www.ksttukku.fi\/kauppa\/tuote\/led-alasvalo-65-w-4000k-musta\/","title":{"rendered":"Led-alasvalo 6,5 W 4000K musta"},"content":{"rendered":"<p>V\u00e4ril\u00e4mp\u00f6tila:\u00a0 4000K<\/p>\n<p>Suunnattava\u00a0 ja himmennett\u00e4v\u00e4 alasvalo luo kotiisi oikeanlaista valoa eri tarpeisiin.<\/p>\n<p>Triac-himmennett\u00e4v\u00e4<\/p>\n<p>Uppoasennus 75 &#8211; 85 mm asennusreik\u00e4\u00e4n, 15cm kytkent\u00e4johdot kytkent\u00e4rasialla, IP20.<\/p>\n<p>Materiaali: muovi<\/p>\n<p>J\u00e4nnite: 230V<\/p>\n<p>V\u00e4ri: musta<\/p>\n","protected":false},"excerpt":{"rendered":"<p>V\u00e4ril\u00e4mp\u00f6tila:\u00a0 4000K Suunnattava\u00a0 ja himmennett\u00e4v\u00e4 alasvalo luo kotiisi oikeanlaista valoa eri tarpeisiin. Triac-himmennett\u00e4v\u00e4 Uppoasennus 75 &#8211; 85 mm asennusreik\u00e4\u00e4n, 15cm kytkent\u00e4johdot kytkent\u00e4rasialla, IP20. Materiaali: muovi J\u00e4nnite: 230V V\u00e4ri: musta<\/p>\n","protected":false},"featured_media":15099,"comment_status":"closed","ping_status":"closed","template":"","meta":[],"product_brand":[],"product_cat":[46,35,52,34],"product_tag":[],"class_list":{"0":"post-15098","1":"product","2":"type-product","3":"status-publish","4":"has-post-thumbnail","6":"product_cat-alasvalot","7":"product_cat-sisavalaisimet","8":"product_cat-upotettavat","9":"product_cat-valaisimet","11":"first","12":"instock","13":"taxable","14":"shipping-taxable","15":"purchasable","16":"product-type-simple"},"_links":{"self":[{"href":"https:\/\/www.ksttukku.fi\/kauppa\/wp-json\/wp\/v2\/product\/15098","targetHints":{"allow":["GET"]}}],"collection":[{"href":"https:\/\/www.ksttukku.fi\/kauppa\/wp-json\/wp\/v2\/product"}],"about":[{"href":"https:\/\/www.ksttukku.fi\/kauppa\/wp-json\/wp\/v2\/types\/product"}],"replies":[{"embeddable":true,"href":"https:\/\/www.ksttukku.fi\/kauppa\/wp-json\/wp\/v2\/comments?post=15098"}],"wp:featuredmedia":[{"embeddable":true,"href":"https:\/\/www.ksttukku.fi\/kauppa\/wp-json\/wp\/v2\/media\/15099"}],"wp:attachment":[{"href":"https:\/\/www.ksttukku.fi\/kauppa\/wp-json\/wp\/v2\/media?parent=15098"}],"wp:term":[{"taxonomy":"product_brand","embeddable":true,"href":"https:\/\/www.ksttukku.fi\/kauppa\/wp-json\/wp\/v2\/product_brand?post=15098"},{"taxonomy":"product_cat","embeddable":true,"href":"https:\/\/www.ksttukku.fi\/kauppa\/wp-json\/wp\/v2\/product_cat?post=15098"},{"taxonomy":"product_tag","embeddable":true,"href":"https:\/\/www.ksttukku.fi\/kauppa\/wp-json\/wp\/v2\/product_tag?post=15098"}],"curies":[{"name":"wp","href":"https:\/\/api.w.org\/{rel}","templated":true}]}}