{"id":15123,"date":"2024-03-07T14:01:45","date_gmt":"2024-03-07T12:01:45","guid":{"rendered":"https:\/\/www.ksttukku.fi\/kauppa\/?post_type=product&#038;p=15123"},"modified":"2024-03-07T15:34:10","modified_gmt":"2024-03-07T13:34:10","slug":"airflood-valonheitin-pir-30w-2400lm-ip44-musta","status":"publish","type":"product","link":"https:\/\/www.ksttukku.fi\/kauppa\/tuote\/airflood-valonheitin-pir-30w-2400lm-ip44-musta\/","title":{"rendered":"Airflood valonheitin PIR 30W 2400lm IP44 musta"},"content":{"rendered":"<div class=\"long-product-name\" data-v-1141fb2a=\"\">\n<p>Moderni, kompakti Airflood led-heitin on suunniteltu pihapiirin, varastojen, kulkuv\u00e4ylien ja pys\u00e4k\u00f6intialueiden turvalliseen ja k\u00e4yt\u00e4nn\u00f6lliseen valaistukseen. Reunuksettoman muotoilun ansiosta valaisin istuu tyylikk\u00e4\u00e4sti monenlaisten rakennusten julkisivuihin ja etupaneeli antaa miellytt\u00e4v\u00e4n tasaista valoa koko pinta-alaltaan. Kaikissa heittimiss\u00e4 on s\u00e4\u00e4dett\u00e4v\u00e4 valaistuskulma. Voit valita joko mustan tai valkoisen mallin. Heittimiss\u00e4 on pistotulppaliit\u00e4nt\u00e4 ja kumikaapeli. Valikoimassa my\u00f6s liiketunnistimella varustetut PIR-mallit.<\/p>\n<p>Airflood Valonheitin 30W 4000K 2400lm Avauskulma Eritt\u00e4in leve\u00e4 s\u00e4de &gt;80\u00b0; Ei him; IP44; IK08; SL I; L70B50 25000h; LED kiinte\u00e4; CRI&gt;80; P\u00e4\u00e4ttyv\u00e4; 3x1mm\u00b2; Kotelo al; V\u00e4ri mus; Suojus Opaalimuovi; Liiketunnistin<\/p>\n<p>&nbsp;<\/p>\n<\/div>\n","protected":false},"excerpt":{"rendered":"<p>Moderni, kompakti Airflood led-heitin on suunniteltu pihapiirin, varastojen, kulkuv\u00e4ylien ja pys\u00e4k\u00f6intialueiden turvalliseen ja k\u00e4yt\u00e4nn\u00f6lliseen valaistukseen. Reunuksettoman muotoilun ansiosta valaisin istuu tyylikk\u00e4\u00e4sti monenlaisten rakennusten julkisivuihin ja etupaneeli antaa miellytt\u00e4v\u00e4n tasaista valoa koko pinta-alaltaan. Kaikissa heittimiss\u00e4 on s\u00e4\u00e4dett\u00e4v\u00e4 valaistuskulma. Voit valita joko mustan tai valkoisen mallin. Heittimiss\u00e4 on pistotulppaliit\u00e4nt\u00e4 ja kumikaapeli. Valikoimassa my\u00f6s liiketunnistimella varustetut PIR-mallit. Airflood [&hellip;]<\/p>\n","protected":false},"featured_media":15131,"comment_status":"closed","ping_status":"closed","template":"","meta":[],"product_brand":[],"product_cat":[535,36,39],"product_tag":[],"class_list":{"0":"post-15123","1":"product","2":"type-product","3":"status-publish","4":"has-post-thumbnail","6":"product_cat-airflood-valonheittimet","7":"product_cat-ulkovalaisimet","8":"product_cat-valonheittimet","10":"first","11":"instock","12":"taxable","13":"shipping-taxable","14":"purchasable","15":"product-type-simple"},"_links":{"self":[{"href":"https:\/\/www.ksttukku.fi\/kauppa\/wp-json\/wp\/v2\/product\/15123","targetHints":{"allow":["GET"]}}],"collection":[{"href":"https:\/\/www.ksttukku.fi\/kauppa\/wp-json\/wp\/v2\/product"}],"about":[{"href":"https:\/\/www.ksttukku.fi\/kauppa\/wp-json\/wp\/v2\/types\/product"}],"replies":[{"embeddable":true,"href":"https:\/\/www.ksttukku.fi\/kauppa\/wp-json\/wp\/v2\/comments?post=15123"}],"wp:featuredmedia":[{"embeddable":true,"href":"https:\/\/www.ksttukku.fi\/kauppa\/wp-json\/wp\/v2\/media\/15131"}],"wp:attachment":[{"href":"https:\/\/www.ksttukku.fi\/kauppa\/wp-json\/wp\/v2\/media?parent=15123"}],"wp:term":[{"taxonomy":"product_brand","embeddable":true,"href":"https:\/\/www.ksttukku.fi\/kauppa\/wp-json\/wp\/v2\/product_brand?post=15123"},{"taxonomy":"product_cat","embeddable":true,"href":"https:\/\/www.ksttukku.fi\/kauppa\/wp-json\/wp\/v2\/product_cat?post=15123"},{"taxonomy":"product_tag","embeddable":true,"href":"https:\/\/www.ksttukku.fi\/kauppa\/wp-json\/wp\/v2\/product_tag?post=15123"}],"curies":[{"name":"wp","href":"https:\/\/api.w.org\/{rel}","templated":true}]}}