{"id":15127,"date":"2024-03-07T14:51:33","date_gmt":"2024-03-07T12:51:33","guid":{"rendered":"https:\/\/www.ksttukku.fi\/kauppa\/?post_type=product&#038;p=15127"},"modified":"2025-08-27T12:44:12","modified_gmt":"2025-08-27T09:44:12","slug":"basic-led-valaisin-18-w-620-mm","status":"publish","type":"product","link":"https:\/\/www.ksttukku.fi\/kauppa\/tuote\/basic-led-valaisin-18-w-620-mm\/","title":{"rendered":"Basic Led-valaisin 18 W  620 mm"},"content":{"rendered":"<p>Matalarakenteinen Basic Led soveltuu kodin kuiviin sis\u00e4tiloihin.<\/p>\n<p>Tehokas ja hyv\u00e4 yleisvalaisin syttyy heti ja antaa tasaista valkoista valoa, 4000 K. Kiinte\u00e4 led.<\/p>\n<p>Asenna valaisin esim. kodinhoitohuoneeseen, vaatehuoneeseen tai varastoon.<\/p>\n<p>Kiinte\u00e4 led 18 W 2000 lm<\/p>\n<p>Pinta-asennus kattoon.<\/p>\n<p>Ketjutettavissa 3 x 2,5 mm2.<\/p>\n<p>Runko jauhemaalattua ter\u00e4st\u00e4, kupu opaloitua polykarbonaattia<\/p>\n<div class=\"technical-group-data\" data-v-d6a8b82c=\"\">\n<div class=\"technical-group-label\" data-v-d6a8b82c=\"\">Rungon v\u00e4ri: valkoinen<\/div>\n<div data-v-d6a8b82c=\"\">\n<div class=\"technical-group-data\" data-v-d6a8b82c=\"\">\n<div class=\"technical-group-label\" data-v-d6a8b82c=\"\">Leveys:\u00a0 121 mm<\/div>\n<\/div>\n<div class=\"technical-group-data\" data-v-d6a8b82c=\"\">\n<div class=\"technical-group-label\" data-v-d6a8b82c=\"\">Korkeus: 51<\/div>\n<\/div>\n<div class=\"technical-group-data\" data-v-d6a8b82c=\"\">\n<div class=\"technical-group-label\" data-v-d6a8b82c=\"\">Pituus: 620 mm<\/div>\n<\/div>\n<\/div>\n<div class=\"technical-group-value\" data-v-d6a8b82c=\"\"><\/div>\n<\/div>\n","protected":false},"excerpt":{"rendered":"<p>Matalarakenteinen Basic Led soveltuu kodin kuiviin sis\u00e4tiloihin. Tehokas ja hyv\u00e4 yleisvalaisin syttyy heti ja antaa tasaista valkoista valoa, 4000 K. Kiinte\u00e4 led. Asenna valaisin esim. kodinhoitohuoneeseen, vaatehuoneeseen tai varastoon. Kiinte\u00e4 led 18 W 2000 lm Pinta-asennus kattoon. Ketjutettavissa 3 x 2,5 mm2. Runko jauhemaalattua ter\u00e4st\u00e4, kupu opaloitua polykarbonaattia Rungon v\u00e4ri: valkoinen Leveys:\u00a0 121 mm Korkeus: [&hellip;]<\/p>\n","protected":false},"featured_media":15128,"comment_status":"closed","ping_status":"closed","template":"","meta":[],"product_brand":[],"product_cat":[40,183,34],"product_tag":[],"class_list":{"0":"post-15127","1":"product","2":"type-product","3":"status-publish","4":"has-post-thumbnail","6":"product_cat-kattovalaisimet","7":"product_cat-led-paneelivalaisimet","8":"product_cat-valaisimet","10":"first","11":"instock","12":"taxable","13":"shipping-taxable","14":"purchasable","15":"product-type-simple"},"_links":{"self":[{"href":"https:\/\/www.ksttukku.fi\/kauppa\/wp-json\/wp\/v2\/product\/15127","targetHints":{"allow":["GET"]}}],"collection":[{"href":"https:\/\/www.ksttukku.fi\/kauppa\/wp-json\/wp\/v2\/product"}],"about":[{"href":"https:\/\/www.ksttukku.fi\/kauppa\/wp-json\/wp\/v2\/types\/product"}],"replies":[{"embeddable":true,"href":"https:\/\/www.ksttukku.fi\/kauppa\/wp-json\/wp\/v2\/comments?post=15127"}],"wp:featuredmedia":[{"embeddable":true,"href":"https:\/\/www.ksttukku.fi\/kauppa\/wp-json\/wp\/v2\/media\/15128"}],"wp:attachment":[{"href":"https:\/\/www.ksttukku.fi\/kauppa\/wp-json\/wp\/v2\/media?parent=15127"}],"wp:term":[{"taxonomy":"product_brand","embeddable":true,"href":"https:\/\/www.ksttukku.fi\/kauppa\/wp-json\/wp\/v2\/product_brand?post=15127"},{"taxonomy":"product_cat","embeddable":true,"href":"https:\/\/www.ksttukku.fi\/kauppa\/wp-json\/wp\/v2\/product_cat?post=15127"},{"taxonomy":"product_tag","embeddable":true,"href":"https:\/\/www.ksttukku.fi\/kauppa\/wp-json\/wp\/v2\/product_tag?post=15127"}],"curies":[{"name":"wp","href":"https:\/\/api.w.org\/{rel}","templated":true}]}}