{"id":15173,"date":"2024-03-23T14:03:33","date_gmt":"2024-03-23T12:03:33","guid":{"rendered":"https:\/\/www.ksttukku.fi\/kauppa\/?post_type=product&#038;p=15173"},"modified":"2025-11-25T17:14:22","modified_gmt":"2025-11-25T15:14:22","slug":"korkea-kaappi-valkoinen-pvc","status":"publish","type":"product","link":"https:\/\/www.ksttukku.fi\/kauppa\/tuote\/korkea-kaappi-valkoinen-pvc\/","title":{"rendered":"Korkea kaappi valkoinen PVC"},"content":{"rendered":"<p>Kaappi on valmistettu 100 % vedenkest\u00e4v\u00e4st\u00e4 PVC:st\u00e4, jonka ansiosta kaapin voi asentaa huolettomasti minne tahansa kylpyhuoneessa, eik\u00e4 veden kanssa tule ongelmia. Ovessa on hidastesaranat. Kaapissa on nelj\u00e4 siirrett\u00e4viss\u00e4 olevaa hylly\u00e4, jotka voit asetella paikoilleen tarpeesi mukaan.<\/p>\n<p>Kaappi on kauttaaltaan maalattu ja valmiiksi koottu, joten j\u00e4ljelle j\u00e4\u00e4 vain hyllyjen asettaminen sek\u00e4 vetimen kiinnitt\u00e4minen. Voit vaihtaa kaapin k\u00e4tisyytt\u00e4.<\/p>\n<ul>\n<li>Leveys 360 mm<\/li>\n<li>Korkeus 1600 mm<\/li>\n<li>Syvyys 300 mm<\/li>\n<\/ul>\n<p>Myym\u00e4l\u00e4ss\u00e4 mallikappale<\/p>\n","protected":false},"excerpt":{"rendered":"<p>Kaappi on valmistettu 100 % vedenkest\u00e4v\u00e4st\u00e4 PVC:st\u00e4, jonka ansiosta kaapin voi asentaa huolettomasti minne tahansa kylpyhuoneessa, eik\u00e4 veden kanssa tule ongelmia. Ovessa on hidastesaranat. Kaapissa on nelj\u00e4 siirrett\u00e4viss\u00e4 olevaa hylly\u00e4, jotka voit asetella paikoilleen tarpeesi mukaan. Kaappi on kauttaaltaan maalattu ja valmiiksi koottu, joten j\u00e4ljelle j\u00e4\u00e4 vain hyllyjen asettaminen sek\u00e4 vetimen kiinnitt\u00e4minen. Voit vaihtaa kaapin [&hellip;]<\/p>\n","protected":false},"featured_media":15175,"comment_status":"closed","ping_status":"closed","template":"","meta":[],"product_brand":[],"product_cat":[151,150],"product_tag":[],"class_list":{"0":"post-15173","1":"product","2":"type-product","3":"status-publish","4":"has-post-thumbnail","6":"product_cat-kalusteet","7":"product_cat-kylpyhuone","9":"first","10":"outofstock","11":"taxable","12":"shipping-taxable","13":"purchasable","14":"product-type-simple"},"_links":{"self":[{"href":"https:\/\/www.ksttukku.fi\/kauppa\/wp-json\/wp\/v2\/product\/15173","targetHints":{"allow":["GET"]}}],"collection":[{"href":"https:\/\/www.ksttukku.fi\/kauppa\/wp-json\/wp\/v2\/product"}],"about":[{"href":"https:\/\/www.ksttukku.fi\/kauppa\/wp-json\/wp\/v2\/types\/product"}],"replies":[{"embeddable":true,"href":"https:\/\/www.ksttukku.fi\/kauppa\/wp-json\/wp\/v2\/comments?post=15173"}],"wp:featuredmedia":[{"embeddable":true,"href":"https:\/\/www.ksttukku.fi\/kauppa\/wp-json\/wp\/v2\/media\/15175"}],"wp:attachment":[{"href":"https:\/\/www.ksttukku.fi\/kauppa\/wp-json\/wp\/v2\/media?parent=15173"}],"wp:term":[{"taxonomy":"product_brand","embeddable":true,"href":"https:\/\/www.ksttukku.fi\/kauppa\/wp-json\/wp\/v2\/product_brand?post=15173"},{"taxonomy":"product_cat","embeddable":true,"href":"https:\/\/www.ksttukku.fi\/kauppa\/wp-json\/wp\/v2\/product_cat?post=15173"},{"taxonomy":"product_tag","embeddable":true,"href":"https:\/\/www.ksttukku.fi\/kauppa\/wp-json\/wp\/v2\/product_tag?post=15173"}],"curies":[{"name":"wp","href":"https:\/\/api.w.org\/{rel}","templated":true}]}}