{"id":15303,"date":"2024-04-19T18:21:56","date_gmt":"2024-04-19T15:21:56","guid":{"rendered":"https:\/\/www.ksttukku.fi\/kauppa\/?post_type=product&#038;p=15303"},"modified":"2025-02-10T16:13:29","modified_gmt":"2025-02-10T14:13:29","slug":"alumocci-sisustuslevy-tiili-kallio-greige-500x3050mm","status":"publish","type":"product","link":"https:\/\/www.ksttukku.fi\/kauppa\/tuote\/alumocci-sisustuslevy-tiili-kallio-greige-500x3050mm\/","title":{"rendered":"Alumocci sisustuslevy tiili kallio greige 500x3050mm"},"content":{"rendered":"<p><span class=\"selaus_tuotetarkenne\">Alumocci sisustuslevy on 4 mm vahvaa komposiittilevy\u00e4, jossa molemmin puolin alumiinikerros (Tummassa alumiinissa rst-kerros). L\u00e4mm\u00f6nkesto 118 \u00ba\/ h. Kuosilevyill\u00e4 paloluokka B.<\/span><\/p>\n<p>Alumoccia on helppo ty\u00f6st\u00e4\u00e4, taivuttaa ja leikata. Se sopii ominaisuuksiensa ansiosta kaikkiin kohteisiin niin sis\u00e4lle kuin ulos.<\/p>\n<p>&nbsp;<\/p>\n","protected":false},"excerpt":{"rendered":"<p>Alumocci sisustuslevy on 4 mm vahvaa komposiittilevy\u00e4, jossa molemmin puolin alumiinikerros (Tummassa alumiinissa rst-kerros). L\u00e4mm\u00f6nkesto 118 \u00ba\/ h. Kuosilevyill\u00e4 paloluokka B. Alumoccia on helppo ty\u00f6st\u00e4\u00e4, taivuttaa ja leikata. Se sopii ominaisuuksiensa ansiosta kaikkiin kohteisiin niin sis\u00e4lle kuin ulos. &nbsp;<\/p>\n","protected":false},"featured_media":15304,"comment_status":"closed","ping_status":"closed","template":"","meta":[],"product_brand":[],"product_cat":[302,245],"product_tag":[],"class_list":{"0":"post-15303","1":"product","2":"type-product","3":"status-publish","4":"has-post-thumbnail","6":"product_cat-alumoccilevyt","7":"product_cat-sisustuslevyt","9":"first","10":"instock","11":"taxable","12":"shipping-taxable","13":"purchasable","14":"product-type-simple"},"_links":{"self":[{"href":"https:\/\/www.ksttukku.fi\/kauppa\/wp-json\/wp\/v2\/product\/15303","targetHints":{"allow":["GET"]}}],"collection":[{"href":"https:\/\/www.ksttukku.fi\/kauppa\/wp-json\/wp\/v2\/product"}],"about":[{"href":"https:\/\/www.ksttukku.fi\/kauppa\/wp-json\/wp\/v2\/types\/product"}],"replies":[{"embeddable":true,"href":"https:\/\/www.ksttukku.fi\/kauppa\/wp-json\/wp\/v2\/comments?post=15303"}],"wp:featuredmedia":[{"embeddable":true,"href":"https:\/\/www.ksttukku.fi\/kauppa\/wp-json\/wp\/v2\/media\/15304"}],"wp:attachment":[{"href":"https:\/\/www.ksttukku.fi\/kauppa\/wp-json\/wp\/v2\/media?parent=15303"}],"wp:term":[{"taxonomy":"product_brand","embeddable":true,"href":"https:\/\/www.ksttukku.fi\/kauppa\/wp-json\/wp\/v2\/product_brand?post=15303"},{"taxonomy":"product_cat","embeddable":true,"href":"https:\/\/www.ksttukku.fi\/kauppa\/wp-json\/wp\/v2\/product_cat?post=15303"},{"taxonomy":"product_tag","embeddable":true,"href":"https:\/\/www.ksttukku.fi\/kauppa\/wp-json\/wp\/v2\/product_tag?post=15303"}],"curies":[{"name":"wp","href":"https:\/\/api.w.org\/{rel}","templated":true}]}}