{"id":15318,"date":"2024-04-24T13:28:09","date_gmt":"2024-04-24T10:28:09","guid":{"rendered":"https:\/\/www.ksttukku.fi\/kauppa\/?post_type=product&#038;p=15318"},"modified":"2024-04-24T13:28:09","modified_gmt":"2024-04-24T10:28:09","slug":"safemate-palovaroitin-optinen-vaimennustoiminnolla","status":"publish","type":"product","link":"https:\/\/www.ksttukku.fi\/kauppa\/tuote\/safemate-palovaroitin-optinen-vaimennustoiminnolla\/","title":{"rendered":"SafeMate Palovaroitin, optinen, vaimennustoiminnolla"},"content":{"rendered":"<table>\n<tbody>\n<tr>\n<th class=\"right top nowrap\"><\/th>\n<td>Kattoon asennettava optinen palovaroitin havaitsee savussa olevat hiukkaset ja n\u00e4in ollen se tunnistaa herkemmin paljon savuttavat sek\u00e4 kytev\u00e4t, esimerkiksi s\u00e4hk\u00f6laitteiden aiheuttamat palot. Optinen palovaroitin suositellaan asennettavaksi makuuhuoneisiin ja olohuoneisiin. Vaiennustoiminnon avulla voit poistaa varoittimen pois k\u00e4yt\u00f6st\u00e4 tilap\u00e4isesti.<\/p>\n<p>&nbsp;<\/td>\n<\/tr>\n<\/tbody>\n<\/table>\n","protected":false},"excerpt":{"rendered":"<p>Kattoon asennettava optinen palovaroitin havaitsee savussa olevat hiukkaset ja n\u00e4in ollen se tunnistaa herkemmin paljon savuttavat sek\u00e4 kytev\u00e4t, esimerkiksi s\u00e4hk\u00f6laitteiden aiheuttamat palot. Optinen palovaroitin suositellaan asennettavaksi makuuhuoneisiin ja olohuoneisiin. Vaiennustoiminnon avulla voit poistaa varoittimen pois k\u00e4yt\u00f6st\u00e4 tilap\u00e4isesti. &nbsp;<\/p>\n","protected":false},"featured_media":15319,"comment_status":"closed","ping_status":"closed","template":"","meta":[],"product_brand":[],"product_cat":[538],"product_tag":[],"class_list":{"0":"post-15318","1":"product","2":"type-product","3":"status-publish","4":"has-post-thumbnail","6":"product_cat-paloturva","8":"first","9":"instock","10":"taxable","11":"shipping-taxable","12":"purchasable","13":"product-type-simple"},"_links":{"self":[{"href":"https:\/\/www.ksttukku.fi\/kauppa\/wp-json\/wp\/v2\/product\/15318","targetHints":{"allow":["GET"]}}],"collection":[{"href":"https:\/\/www.ksttukku.fi\/kauppa\/wp-json\/wp\/v2\/product"}],"about":[{"href":"https:\/\/www.ksttukku.fi\/kauppa\/wp-json\/wp\/v2\/types\/product"}],"replies":[{"embeddable":true,"href":"https:\/\/www.ksttukku.fi\/kauppa\/wp-json\/wp\/v2\/comments?post=15318"}],"wp:featuredmedia":[{"embeddable":true,"href":"https:\/\/www.ksttukku.fi\/kauppa\/wp-json\/wp\/v2\/media\/15319"}],"wp:attachment":[{"href":"https:\/\/www.ksttukku.fi\/kauppa\/wp-json\/wp\/v2\/media?parent=15318"}],"wp:term":[{"taxonomy":"product_brand","embeddable":true,"href":"https:\/\/www.ksttukku.fi\/kauppa\/wp-json\/wp\/v2\/product_brand?post=15318"},{"taxonomy":"product_cat","embeddable":true,"href":"https:\/\/www.ksttukku.fi\/kauppa\/wp-json\/wp\/v2\/product_cat?post=15318"},{"taxonomy":"product_tag","embeddable":true,"href":"https:\/\/www.ksttukku.fi\/kauppa\/wp-json\/wp\/v2\/product_tag?post=15318"}],"curies":[{"name":"wp","href":"https:\/\/api.w.org\/{rel}","templated":true}]}}