{"id":15320,"date":"2024-04-24T15:09:30","date_gmt":"2024-04-24T12:09:30","guid":{"rendered":"https:\/\/www.ksttukku.fi\/kauppa\/?post_type=product&#038;p=15320"},"modified":"2024-04-24T15:12:34","modified_gmt":"2024-04-24T12:12:34","slug":"groa-riippuvalaisin-musta","status":"publish","type":"product","link":"https:\/\/www.ksttukku.fi\/kauppa\/tuote\/groa-riippuvalaisin-musta\/","title":{"rendered":"Groa riippuvalaisin musta"},"content":{"rendered":"<p>Riippuvalaisin puuta. Koottava.<br \/>\nIP20, luokka 2. E27, max 60W. Ei sis\u00e4ll\u00e4 valonl\u00e4hdett\u00e4.<br \/>\nKoukkukiinnitys, sokeripalaliit\u00e4nt\u00e4.<\/p>\n<ul>\n<li>\n<div>Materiaali: Puu<\/div>\n<\/li>\n<li>\n<div>V\u00e4ri: musta<\/div>\n<\/li>\n<li>\n<div>Mitat: 340.0 mm x 340.0 mm x 414.0 mm<\/div>\n<\/li>\n<\/ul>\n","protected":false},"excerpt":{"rendered":"<p>Riippuvalaisin puuta. Koottava. IP20, luokka 2. E27, max 60W. Ei sis\u00e4ll\u00e4 valonl\u00e4hdett\u00e4. Koukkukiinnitys, sokeripalaliit\u00e4nt\u00e4. Materiaali: Puu V\u00e4ri: musta Mitat: 340.0 mm x 340.0 mm x 414.0 mm<\/p>\n","protected":false},"featured_media":15321,"comment_status":"closed","ping_status":"closed","template":"","meta":[],"product_brand":[],"product_cat":[49,35,34],"product_tag":[],"class_list":{"0":"post-15320","1":"product","2":"type-product","3":"status-publish","4":"has-post-thumbnail","6":"product_cat-riippuvalaisimet","7":"product_cat-sisavalaisimet","8":"product_cat-valaisimet","10":"first","11":"instock","12":"taxable","13":"shipping-taxable","14":"purchasable","15":"product-type-simple"},"_links":{"self":[{"href":"https:\/\/www.ksttukku.fi\/kauppa\/wp-json\/wp\/v2\/product\/15320","targetHints":{"allow":["GET"]}}],"collection":[{"href":"https:\/\/www.ksttukku.fi\/kauppa\/wp-json\/wp\/v2\/product"}],"about":[{"href":"https:\/\/www.ksttukku.fi\/kauppa\/wp-json\/wp\/v2\/types\/product"}],"replies":[{"embeddable":true,"href":"https:\/\/www.ksttukku.fi\/kauppa\/wp-json\/wp\/v2\/comments?post=15320"}],"wp:featuredmedia":[{"embeddable":true,"href":"https:\/\/www.ksttukku.fi\/kauppa\/wp-json\/wp\/v2\/media\/15321"}],"wp:attachment":[{"href":"https:\/\/www.ksttukku.fi\/kauppa\/wp-json\/wp\/v2\/media?parent=15320"}],"wp:term":[{"taxonomy":"product_brand","embeddable":true,"href":"https:\/\/www.ksttukku.fi\/kauppa\/wp-json\/wp\/v2\/product_brand?post=15320"},{"taxonomy":"product_cat","embeddable":true,"href":"https:\/\/www.ksttukku.fi\/kauppa\/wp-json\/wp\/v2\/product_cat?post=15320"},{"taxonomy":"product_tag","embeddable":true,"href":"https:\/\/www.ksttukku.fi\/kauppa\/wp-json\/wp\/v2\/product_tag?post=15320"}],"curies":[{"name":"wp","href":"https:\/\/api.w.org\/{rel}","templated":true}]}}