{"id":15407,"date":"2024-05-08T14:45:27","date_gmt":"2024-05-08T11:45:27","guid":{"rendered":"https:\/\/www.ksttukku.fi\/kauppa\/?post_type=product&#038;p=15407"},"modified":"2024-05-08T14:54:46","modified_gmt":"2024-05-08T11:54:46","slug":"ruukku-purkkatytto-33-cm","status":"publish","type":"product","link":"https:\/\/www.ksttukku.fi\/kauppa\/tuote\/ruukku-purkkatytto-33-cm\/","title":{"rendered":"Ruukku Purkkatytt\u00f6 33 cm"},"content":{"rendered":"<p>Superihana purkkatytt\u00f6ruukku ilahduttaa jo pelk\u00e4ll\u00e4 olemassaolollaan!<\/p>\n<p>Ruukkuun voi istuttaa oikean kasvin tai laittaa tekokasvin. Sopii sis\u00e4- ja ulkok\u00e4ytt\u00f6\u00f6n.<\/p>\n<p>Tuotteen pakkasenkestoa ei voida taata. Suositellaan siirtoa sis\u00e4tiloihin talven ajaksi.<\/p>\n<p>V\u00e4ri: valkoinen\/kulta\/pinkki<\/p>\n<p>Materiaali: polyresiini<\/p>\n<p>&nbsp;<\/p>\n","protected":false},"excerpt":{"rendered":"<p>Superihana purkkatytt\u00f6ruukku ilahduttaa jo pelk\u00e4ll\u00e4 olemassaolollaan! Ruukkuun voi istuttaa oikean kasvin tai laittaa tekokasvin. Sopii sis\u00e4- ja ulkok\u00e4ytt\u00f6\u00f6n. Tuotteen pakkasenkestoa ei voida taata. Suositellaan siirtoa sis\u00e4tiloihin talven ajaksi. V\u00e4ri: valkoinen\/kulta\/pinkki Materiaali: polyresiini &nbsp;<\/p>\n","protected":false},"featured_media":15408,"comment_status":"closed","ping_status":"closed","template":"","meta":[],"product_brand":[],"product_cat":[491,377],"product_tag":[],"class_list":{"0":"post-15407","1":"product","2":"type-product","3":"status-publish","4":"has-post-thumbnail","6":"product_cat-kodin-sisustustuotteet","7":"product_cat-sisustus-lahjatavarat","9":"first","10":"instock","11":"taxable","12":"shipping-taxable","13":"purchasable","14":"product-type-simple"},"_links":{"self":[{"href":"https:\/\/www.ksttukku.fi\/kauppa\/wp-json\/wp\/v2\/product\/15407","targetHints":{"allow":["GET"]}}],"collection":[{"href":"https:\/\/www.ksttukku.fi\/kauppa\/wp-json\/wp\/v2\/product"}],"about":[{"href":"https:\/\/www.ksttukku.fi\/kauppa\/wp-json\/wp\/v2\/types\/product"}],"replies":[{"embeddable":true,"href":"https:\/\/www.ksttukku.fi\/kauppa\/wp-json\/wp\/v2\/comments?post=15407"}],"wp:featuredmedia":[{"embeddable":true,"href":"https:\/\/www.ksttukku.fi\/kauppa\/wp-json\/wp\/v2\/media\/15408"}],"wp:attachment":[{"href":"https:\/\/www.ksttukku.fi\/kauppa\/wp-json\/wp\/v2\/media?parent=15407"}],"wp:term":[{"taxonomy":"product_brand","embeddable":true,"href":"https:\/\/www.ksttukku.fi\/kauppa\/wp-json\/wp\/v2\/product_brand?post=15407"},{"taxonomy":"product_cat","embeddable":true,"href":"https:\/\/www.ksttukku.fi\/kauppa\/wp-json\/wp\/v2\/product_cat?post=15407"},{"taxonomy":"product_tag","embeddable":true,"href":"https:\/\/www.ksttukku.fi\/kauppa\/wp-json\/wp\/v2\/product_tag?post=15407"}],"curies":[{"name":"wp","href":"https:\/\/api.w.org\/{rel}","templated":true}]}}