{"id":15424,"date":"2024-05-15T17:00:47","date_gmt":"2024-05-15T14:00:47","guid":{"rendered":"https:\/\/www.ksttukku.fi\/kauppa\/?post_type=product&#038;p=15424"},"modified":"2024-05-15T17:12:17","modified_gmt":"2024-05-15T14:12:17","slug":"terassimarkiisi-450cm-x-300cm-harmaa","status":"publish","type":"product","link":"https:\/\/www.ksttukku.fi\/kauppa\/tuote\/terassimarkiisi-450cm-x-300cm-harmaa\/","title":{"rendered":"Terassimarkiisi   450cm x 300cm harmaa"},"content":{"rendered":"<h3>.<\/h3>\n<h3>Markiisit ovat laadukkaita ja perusteellisesti testattuja ja toimivia tuotteita. Siksi voimmekin antaa markiiseille takuun; mekanismilla on kahden vuoden takuu, kankailla takuuaika on viisi vuotta!<\/h3>\n<h3>Markiisit ovat helppo asentaa (selke\u00e4t asennusohjeet).Markiisi el\u00e4v\u00f6itt\u00e4\u00e4 talosi ulkon\u00e4k\u00f6\u00e4, suojaa auringolta sek\u00e4 ihmisi\u00e4 ett\u00e4 pihakalusteita ja muita pintoja.<\/h3>\n<p>Leveys 450cm x ulottuma 300cm<\/p>\n<p>V\u00e4ri: harmaa<\/p>\n<p>Markiisien runko on luja ja laadukas ja koska materiaalina k\u00e4ytet\u00e4\u00e4n alumiinia, runko on my\u00f6s kevyt. Markiisikangas on korkealaatuinen kyll\u00e4stetty ja UV-suojattu Tempotest akryylikangas. Markiisi sis\u00e4lt\u00e4\u00e4 laadukkaan mekanismin ja yhdistelm\u00e4kannakkeet sein\u00e4- tai kattokiinnitykseen. Kankaalla 5 vuoden ja mekanismilla 2 vuoden takuu!<\/p>\n<p>&nbsp;<\/p>\n","protected":false},"excerpt":{"rendered":"<p>. Markiisit ovat laadukkaita ja perusteellisesti testattuja ja toimivia tuotteita. Siksi voimmekin antaa markiiseille takuun; mekanismilla on kahden vuoden takuu, kankailla takuuaika on viisi vuotta! Markiisit ovat helppo asentaa (selke\u00e4t asennusohjeet).Markiisi el\u00e4v\u00f6itt\u00e4\u00e4 talosi ulkon\u00e4k\u00f6\u00e4, suojaa auringolta sek\u00e4 ihmisi\u00e4 ett\u00e4 pihakalusteita ja muita pintoja. Leveys 450cm x ulottuma 300cm V\u00e4ri: harmaa Markiisien runko on luja ja [&hellip;]<\/p>\n","protected":false},"featured_media":15425,"comment_status":"closed","ping_status":"closed","template":"","meta":[],"product_brand":[],"product_cat":[115,117],"product_tag":[],"class_list":{"0":"post-15424","1":"product","2":"type-product","3":"status-publish","4":"has-post-thumbnail","6":"product_cat-markiisit","7":"product_cat-tarjousmarkiisit","9":"first","10":"instock","11":"sale","12":"taxable","13":"shipping-taxable","14":"purchasable","15":"product-type-simple"},"_links":{"self":[{"href":"https:\/\/www.ksttukku.fi\/kauppa\/wp-json\/wp\/v2\/product\/15424","targetHints":{"allow":["GET"]}}],"collection":[{"href":"https:\/\/www.ksttukku.fi\/kauppa\/wp-json\/wp\/v2\/product"}],"about":[{"href":"https:\/\/www.ksttukku.fi\/kauppa\/wp-json\/wp\/v2\/types\/product"}],"replies":[{"embeddable":true,"href":"https:\/\/www.ksttukku.fi\/kauppa\/wp-json\/wp\/v2\/comments?post=15424"}],"wp:featuredmedia":[{"embeddable":true,"href":"https:\/\/www.ksttukku.fi\/kauppa\/wp-json\/wp\/v2\/media\/15425"}],"wp:attachment":[{"href":"https:\/\/www.ksttukku.fi\/kauppa\/wp-json\/wp\/v2\/media?parent=15424"}],"wp:term":[{"taxonomy":"product_brand","embeddable":true,"href":"https:\/\/www.ksttukku.fi\/kauppa\/wp-json\/wp\/v2\/product_brand?post=15424"},{"taxonomy":"product_cat","embeddable":true,"href":"https:\/\/www.ksttukku.fi\/kauppa\/wp-json\/wp\/v2\/product_cat?post=15424"},{"taxonomy":"product_tag","embeddable":true,"href":"https:\/\/www.ksttukku.fi\/kauppa\/wp-json\/wp\/v2\/product_tag?post=15424"}],"curies":[{"name":"wp","href":"https:\/\/api.w.org\/{rel}","templated":true}]}}