{"id":15446,"date":"2024-05-30T17:53:20","date_gmt":"2024-05-30T14:53:20","guid":{"rendered":"https:\/\/www.ksttukku.fi\/kauppa\/?post_type=product&#038;p=15446"},"modified":"2025-05-26T15:52:08","modified_gmt":"2025-05-26T12:52:08","slug":"seinapaneeli-jarnvik-269-vermor-122x12x2600mm","status":"publish","type":"product","link":"https:\/\/www.ksttukku.fi\/kauppa\/tuote\/seinapaneeli-jarnvik-269-vermor-122x12x2600mm\/","title":{"rendered":"Sein\u00e4paneeli J\u00e4rnvik 269 Vermor 122x12x2600mm"},"content":{"rendered":"<p>Matala\/leve\u00e4 -profiilinen, tyylik\u00e4s pontillinen<br \/>\nsein\u00e4paneeli 3D- kuosilla, jossa marmoria muistuttava<br \/>\nkivikuviointi. Voidaan asentaa pystyyn tai vaakaan.<br \/>\nT\u00e4ysin vedenkest\u00e4v\u00e4, ei sis\u00e4ll\u00e4 haitallisia aineita,<br \/>\nmateriaali polystyreeni. Kulutusta kest\u00e4v\u00e4 \/ ei<br \/>\nnaarmunnu helposti. Helppo ja nopea asentaa.<br \/>\nSiistimm\u00e4n lopputuloksen saavuttamiseksi panelin<br \/>\nasennuksessa suositellaan k\u00e4ytett\u00e4v\u00e4n erillisi\u00e4<br \/>\np\u00e4\u00e4typaloja.<\/p>\n","protected":false},"excerpt":{"rendered":"<p>Matala\/leve\u00e4 -profiilinen, tyylik\u00e4s pontillinen sein\u00e4paneeli 3D- kuosilla, jossa marmoria muistuttava kivikuviointi. Voidaan asentaa pystyyn tai vaakaan. T\u00e4ysin vedenkest\u00e4v\u00e4, ei sis\u00e4ll\u00e4 haitallisia aineita, materiaali polystyreeni. Kulutusta kest\u00e4v\u00e4 \/ ei naarmunnu helposti. Helppo ja nopea asentaa. Siistimm\u00e4n lopputuloksen saavuttamiseksi panelin asennuksessa suositellaan k\u00e4ytett\u00e4v\u00e4n erillisi\u00e4 p\u00e4\u00e4typaloja.<\/p>\n","protected":false},"featured_media":15450,"comment_status":"closed","ping_status":"closed","template":"","meta":[],"product_brand":[],"product_cat":[490,245],"product_tag":[],"class_list":{"0":"post-15446","1":"product","2":"type-product","3":"status-publish","4":"has-post-thumbnail","6":"product_cat-jarnvik-seinapaneelit","7":"product_cat-sisustuslevyt","9":"first","10":"instock","11":"taxable","12":"shipping-taxable","13":"purchasable","14":"product-type-simple"},"_links":{"self":[{"href":"https:\/\/www.ksttukku.fi\/kauppa\/wp-json\/wp\/v2\/product\/15446","targetHints":{"allow":["GET"]}}],"collection":[{"href":"https:\/\/www.ksttukku.fi\/kauppa\/wp-json\/wp\/v2\/product"}],"about":[{"href":"https:\/\/www.ksttukku.fi\/kauppa\/wp-json\/wp\/v2\/types\/product"}],"replies":[{"embeddable":true,"href":"https:\/\/www.ksttukku.fi\/kauppa\/wp-json\/wp\/v2\/comments?post=15446"}],"wp:featuredmedia":[{"embeddable":true,"href":"https:\/\/www.ksttukku.fi\/kauppa\/wp-json\/wp\/v2\/media\/15450"}],"wp:attachment":[{"href":"https:\/\/www.ksttukku.fi\/kauppa\/wp-json\/wp\/v2\/media?parent=15446"}],"wp:term":[{"taxonomy":"product_brand","embeddable":true,"href":"https:\/\/www.ksttukku.fi\/kauppa\/wp-json\/wp\/v2\/product_brand?post=15446"},{"taxonomy":"product_cat","embeddable":true,"href":"https:\/\/www.ksttukku.fi\/kauppa\/wp-json\/wp\/v2\/product_cat?post=15446"},{"taxonomy":"product_tag","embeddable":true,"href":"https:\/\/www.ksttukku.fi\/kauppa\/wp-json\/wp\/v2\/product_tag?post=15446"}],"curies":[{"name":"wp","href":"https:\/\/api.w.org\/{rel}","templated":true}]}}