{"id":15475,"date":"2024-06-04T11:51:27","date_gmt":"2024-06-04T08:51:27","guid":{"rendered":"https:\/\/www.ksttukku.fi\/kauppa\/?post_type=product&#038;p=15475"},"modified":"2024-06-05T11:02:07","modified_gmt":"2024-06-05T08:02:07","slug":"orbit-led-riippuvalaisin-5x-8w-5x-960lm-kelvin-230030004000k","status":"publish","type":"product","link":"https:\/\/www.ksttukku.fi\/kauppa\/tuote\/orbit-led-riippuvalaisin-5x-8w-5x-960lm-kelvin-230030004000k\/","title":{"rendered":"Orbit Led-riippuvalaisin  5x 8W \/ 5x 960lm,  kelvin 2300+3000+4000K TRIO SELECT"},"content":{"rendered":"<p>TRIO SELECT<\/p>\n<p>ORBIT-valaisinsarja tekee vaikutuksen tyylikk\u00e4\u00e4ll\u00e4 muotoilullaan, joka loistaa kiehtovana katseenvangitsijana mink\u00e4 tahansa ruokap\u00f6yd\u00e4n yl\u00e4puolella. Yl\u00f6s- ja alasvalaisimella varustettu viiden lampun riippuvalaisin luo viihtyis\u00e4n valotaustan, joka kutsuu viipyilem\u00e4\u00e4n ja nauttimaan.<\/p>\n<p>Valonl\u00e4hteiden korkeutta voidaan vaivattomasti s\u00e4\u00e4t\u00e4\u00e4 yksil\u00f6llisten tarpeiden mukaan yksinkertaisesti ty\u00f6nt\u00e4m\u00e4ll\u00e4 niit\u00e4 yl\u00f6s tai vet\u00e4m\u00e4ll\u00e4 niit\u00e4 alas. T\u00e4m\u00e4 takaa maksimaalisen mukavuuden ja optimaalisen valaistuskokemuksen, joka on juuri sit\u00e4, mit\u00e4 haluat.<\/p>\n<p>DIP SWITCH -kytkimen avulla voit valita kolmesta eri valon v\u00e4rist\u00e4 suoraan valaisimeen ja luoda haluamasi tunnelman. Kirkkautta voidaan s\u00e4\u00e4t\u00e4\u00e4 kolmessa vaiheessa tavanomaisen valokytkimen avulla. Pallomainen muotoilu yhdess\u00e4 mattamustan ja kahvin v\u00e4riyhdistelm\u00e4n kanssa antaa valaisimelle modernin ja tyylikk\u00e4\u00e4n ilmeen.<\/p>\n<p>Valaisimessa on my\u00f6s nykyaikainen LED-tekniikka, jolle on ominaista korkea valonlaatu ja energiatehokkuus.<\/p>\n<p>Korkeus: 200cm<\/p>\n<p>Halkaisija: 30cm<\/p>\n<p>Materiaali: metalli<\/p>\n<p>V\u00e4ri: mattamusta<\/p>\n","protected":false},"excerpt":{"rendered":"<p>TRIO SELECT ORBIT-valaisinsarja tekee vaikutuksen tyylikk\u00e4\u00e4ll\u00e4 muotoilullaan, joka loistaa kiehtovana katseenvangitsijana mink\u00e4 tahansa ruokap\u00f6yd\u00e4n yl\u00e4puolella. Yl\u00f6s- ja alasvalaisimella varustettu viiden lampun riippuvalaisin luo viihtyis\u00e4n valotaustan, joka kutsuu viipyilem\u00e4\u00e4n ja nauttimaan. Valonl\u00e4hteiden korkeutta voidaan vaivattomasti s\u00e4\u00e4t\u00e4\u00e4 yksil\u00f6llisten tarpeiden mukaan yksinkertaisesti ty\u00f6nt\u00e4m\u00e4ll\u00e4 niit\u00e4 yl\u00f6s tai vet\u00e4m\u00e4ll\u00e4 niit\u00e4 alas. T\u00e4m\u00e4 takaa maksimaalisen mukavuuden ja optimaalisen valaistuskokemuksen, joka on [&hellip;]<\/p>\n","protected":false},"featured_media":15479,"comment_status":"closed","ping_status":"closed","template":"","meta":[],"product_brand":[],"product_cat":[49,35,34],"product_tag":[],"class_list":{"0":"post-15475","1":"product","2":"type-product","3":"status-publish","4":"has-post-thumbnail","6":"product_cat-riippuvalaisimet","7":"product_cat-sisavalaisimet","8":"product_cat-valaisimet","10":"first","11":"instock","12":"taxable","13":"shipping-taxable","14":"purchasable","15":"product-type-simple"},"_links":{"self":[{"href":"https:\/\/www.ksttukku.fi\/kauppa\/wp-json\/wp\/v2\/product\/15475","targetHints":{"allow":["GET"]}}],"collection":[{"href":"https:\/\/www.ksttukku.fi\/kauppa\/wp-json\/wp\/v2\/product"}],"about":[{"href":"https:\/\/www.ksttukku.fi\/kauppa\/wp-json\/wp\/v2\/types\/product"}],"replies":[{"embeddable":true,"href":"https:\/\/www.ksttukku.fi\/kauppa\/wp-json\/wp\/v2\/comments?post=15475"}],"wp:featuredmedia":[{"embeddable":true,"href":"https:\/\/www.ksttukku.fi\/kauppa\/wp-json\/wp\/v2\/media\/15479"}],"wp:attachment":[{"href":"https:\/\/www.ksttukku.fi\/kauppa\/wp-json\/wp\/v2\/media?parent=15475"}],"wp:term":[{"taxonomy":"product_brand","embeddable":true,"href":"https:\/\/www.ksttukku.fi\/kauppa\/wp-json\/wp\/v2\/product_brand?post=15475"},{"taxonomy":"product_cat","embeddable":true,"href":"https:\/\/www.ksttukku.fi\/kauppa\/wp-json\/wp\/v2\/product_cat?post=15475"},{"taxonomy":"product_tag","embeddable":true,"href":"https:\/\/www.ksttukku.fi\/kauppa\/wp-json\/wp\/v2\/product_tag?post=15475"}],"curies":[{"name":"wp","href":"https:\/\/api.w.org\/{rel}","templated":true}]}}