{"id":15492,"date":"2024-06-04T15:21:14","date_gmt":"2024-06-04T12:21:14","guid":{"rendered":"https:\/\/www.ksttukku.fi\/kauppa\/?post_type=product&#038;p=15492"},"modified":"2025-08-13T16:36:18","modified_gmt":"2025-08-13T13:36:18","slug":"bubble-lattiavalaisin-7x-g9-%c2%b7-max-10w","status":"publish","type":"product","link":"https:\/\/www.ksttukku.fi\/kauppa\/tuote\/bubble-lattiavalaisin-7x-g9-%c2%b7-max-10w\/","title":{"rendered":"Bubble select lattiavalaisin 7x G9 \u00b7 max. 10W"},"content":{"rendered":"<p>BUBBLE-sarjan valaisimet luovat huomattavia korostuksia, joilla on wow-efekti.<\/p>\n<p>Lattiavalaisin avaa poikkeuksellisen vaikutuksensa erityisen n\u00e4ytt\u00e4v\u00e4sti olohuoneessa ja leikittelee valolla ja varjolla erottumattoman muotoilunsa ansiosta.<\/p>\n<p>Valo voidaan kytke\u00e4 p\u00e4\u00e4lle ja pois p\u00e4\u00e4lt\u00e4 k\u00e4tev\u00e4sti jalkakytkimell\u00e4.<\/p>\n<p>Valaisimen ainutlaatuista muotoilua korostaa meripihkanv\u00e4risen lasin sek\u00e4 antrasiitin ja kullanv\u00e4risen metallin materiaaliyhdistelm\u00e4.<\/p>\n<p>LED-valonl\u00e4hteiden k\u00e4ytt\u00f6\u00e4 suositellaan energiaa s\u00e4\u00e4st\u00e4v\u00e4\u00e4n valaistukseen<\/p>\n<p>Kanta: G 9<\/p>\n<p>Korkeus: 155 cm<\/p>\n<p>Materiaali: metalli\/lasi<\/p>\n","protected":false},"excerpt":{"rendered":"<p>BUBBLE-sarjan valaisimet luovat huomattavia korostuksia, joilla on wow-efekti. Lattiavalaisin avaa poikkeuksellisen vaikutuksensa erityisen n\u00e4ytt\u00e4v\u00e4sti olohuoneessa ja leikittelee valolla ja varjolla erottumattoman muotoilunsa ansiosta. Valo voidaan kytke\u00e4 p\u00e4\u00e4lle ja pois p\u00e4\u00e4lt\u00e4 k\u00e4tev\u00e4sti jalkakytkimell\u00e4. Valaisimen ainutlaatuista muotoilua korostaa meripihkanv\u00e4risen lasin sek\u00e4 antrasiitin ja kullanv\u00e4risen metallin materiaaliyhdistelm\u00e4. LED-valonl\u00e4hteiden k\u00e4ytt\u00f6\u00e4 suositellaan energiaa s\u00e4\u00e4st\u00e4v\u00e4\u00e4n valaistukseen Kanta: G 9 Korkeus: 155 [&hellip;]<\/p>\n","protected":false},"featured_media":15494,"comment_status":"closed","ping_status":"closed","template":"","meta":[],"product_brand":[],"product_cat":[43,35,34],"product_tag":[],"class_list":{"0":"post-15492","1":"product","2":"type-product","3":"status-publish","4":"has-post-thumbnail","6":"product_cat-lattiavalaisimet","7":"product_cat-sisavalaisimet","8":"product_cat-valaisimet","10":"first","11":"instock","12":"taxable","13":"shipping-taxable","14":"purchasable","15":"product-type-simple"},"_links":{"self":[{"href":"https:\/\/www.ksttukku.fi\/kauppa\/wp-json\/wp\/v2\/product\/15492","targetHints":{"allow":["GET"]}}],"collection":[{"href":"https:\/\/www.ksttukku.fi\/kauppa\/wp-json\/wp\/v2\/product"}],"about":[{"href":"https:\/\/www.ksttukku.fi\/kauppa\/wp-json\/wp\/v2\/types\/product"}],"replies":[{"embeddable":true,"href":"https:\/\/www.ksttukku.fi\/kauppa\/wp-json\/wp\/v2\/comments?post=15492"}],"wp:featuredmedia":[{"embeddable":true,"href":"https:\/\/www.ksttukku.fi\/kauppa\/wp-json\/wp\/v2\/media\/15494"}],"wp:attachment":[{"href":"https:\/\/www.ksttukku.fi\/kauppa\/wp-json\/wp\/v2\/media?parent=15492"}],"wp:term":[{"taxonomy":"product_brand","embeddable":true,"href":"https:\/\/www.ksttukku.fi\/kauppa\/wp-json\/wp\/v2\/product_brand?post=15492"},{"taxonomy":"product_cat","embeddable":true,"href":"https:\/\/www.ksttukku.fi\/kauppa\/wp-json\/wp\/v2\/product_cat?post=15492"},{"taxonomy":"product_tag","embeddable":true,"href":"https:\/\/www.ksttukku.fi\/kauppa\/wp-json\/wp\/v2\/product_tag?post=15492"}],"curies":[{"name":"wp","href":"https:\/\/api.w.org\/{rel}","templated":true}]}}