{"id":15500,"date":"2024-06-04T16:03:40","date_gmt":"2024-06-04T13:03:40","guid":{"rendered":"https:\/\/www.ksttukku.fi\/kauppa\/?post_type=product&#038;p=15500"},"modified":"2024-06-04T16:03:40","modified_gmt":"2024-06-04T13:03:40","slug":"nala-poytavalaisin-1900lm","status":"publish","type":"product","link":"https:\/\/www.ksttukku.fi\/kauppa\/tuote\/nala-poytavalaisin-1900lm\/","title":{"rendered":"Nala p\u00f6yt\u00e4valaisin 1900lm"},"content":{"rendered":"<p>NALA-malliston poikkeukselliset valaisimet tekev\u00e4t vaikutuksen kaarevalla muotoilullaan.<\/p>\n<p>P\u00f6yt\u00e4valaisimesta, joka koostuu kahdesta jatkuvasta valo-osasta, tulee lipaston tai y\u00f6p\u00f6yd\u00e4n keskeinen katseenvangitsija.<\/p>\n<p>Muotoilunsa lis\u00e4ksi valaisimessa on k\u00e4yt\u00e4nn\u00f6llisi\u00e4 toimintoja.<\/p>\n<p>Anturihimmennin mahdollistaa kirkkauden ja valon v\u00e4rin portaattoman s\u00e4\u00e4t\u00e4misen.<\/p>\n<p>Muotoilun ja mattamustan pinnan yhdistelm\u00e4 antaa NALA-riippuvalaisimelle aivan erityisen kosketuksen.<\/p>\n<p>Valaisimessa on my\u00f6s nykyaikainen LED-tekniikka, jolle on ominaista korkea valonlaatu ja energiatehokkuus.<\/p>\n<p>V\u00e4ril\u00e4mp\u00f6tila s\u00e4\u00e4dett\u00e4viss\u00e4<\/p>\n<p>Muistitoiminto<\/p>\n<p>Korkeus: 56 cm<\/p>\n<p>Materiaali:metalli<\/p>\n<p>V\u00e4ri: mattamusta<\/p>\n<p>&nbsp;<\/p>\n","protected":false},"excerpt":{"rendered":"<p>NALA-malliston poikkeukselliset valaisimet tekev\u00e4t vaikutuksen kaarevalla muotoilullaan. P\u00f6yt\u00e4valaisimesta, joka koostuu kahdesta jatkuvasta valo-osasta, tulee lipaston tai y\u00f6p\u00f6yd\u00e4n keskeinen katseenvangitsija. Muotoilunsa lis\u00e4ksi valaisimessa on k\u00e4yt\u00e4nn\u00f6llisi\u00e4 toimintoja. Anturihimmennin mahdollistaa kirkkauden ja valon v\u00e4rin portaattoman s\u00e4\u00e4t\u00e4misen. Muotoilun ja mattamustan pinnan yhdistelm\u00e4 antaa NALA-riippuvalaisimelle aivan erityisen kosketuksen. Valaisimessa on my\u00f6s nykyaikainen LED-tekniikka, jolle on ominaista korkea valonlaatu ja energiatehokkuus. [&hellip;]<\/p>\n","protected":false},"featured_media":15504,"comment_status":"closed","ping_status":"closed","template":"","meta":[],"product_brand":[],"product_cat":[44,35,34],"product_tag":[],"class_list":{"0":"post-15500","1":"product","2":"type-product","3":"status-publish","4":"has-post-thumbnail","6":"product_cat-poytavalaisimet","7":"product_cat-sisavalaisimet","8":"product_cat-valaisimet","10":"first","11":"instock","12":"taxable","13":"shipping-taxable","14":"purchasable","15":"product-type-simple"},"_links":{"self":[{"href":"https:\/\/www.ksttukku.fi\/kauppa\/wp-json\/wp\/v2\/product\/15500","targetHints":{"allow":["GET"]}}],"collection":[{"href":"https:\/\/www.ksttukku.fi\/kauppa\/wp-json\/wp\/v2\/product"}],"about":[{"href":"https:\/\/www.ksttukku.fi\/kauppa\/wp-json\/wp\/v2\/types\/product"}],"replies":[{"embeddable":true,"href":"https:\/\/www.ksttukku.fi\/kauppa\/wp-json\/wp\/v2\/comments?post=15500"}],"wp:featuredmedia":[{"embeddable":true,"href":"https:\/\/www.ksttukku.fi\/kauppa\/wp-json\/wp\/v2\/media\/15504"}],"wp:attachment":[{"href":"https:\/\/www.ksttukku.fi\/kauppa\/wp-json\/wp\/v2\/media?parent=15500"}],"wp:term":[{"taxonomy":"product_brand","embeddable":true,"href":"https:\/\/www.ksttukku.fi\/kauppa\/wp-json\/wp\/v2\/product_brand?post=15500"},{"taxonomy":"product_cat","embeddable":true,"href":"https:\/\/www.ksttukku.fi\/kauppa\/wp-json\/wp\/v2\/product_cat?post=15500"},{"taxonomy":"product_tag","embeddable":true,"href":"https:\/\/www.ksttukku.fi\/kauppa\/wp-json\/wp\/v2\/product_tag?post=15500"}],"curies":[{"name":"wp","href":"https:\/\/api.w.org\/{rel}","templated":true}]}}