{"id":15505,"date":"2024-06-04T16:52:23","date_gmt":"2024-06-04T13:52:23","guid":{"rendered":"https:\/\/www.ksttukku.fi\/kauppa\/?post_type=product&#038;p=15505"},"modified":"2024-06-04T16:54:12","modified_gmt":"2024-06-04T13:54:12","slug":"nala-riippuvalaisin-6800-lm","status":"publish","type":"product","link":"https:\/\/www.ksttukku.fi\/kauppa\/tuote\/nala-riippuvalaisin-6800-lm\/","title":{"rendered":"NALA riippuvalaisin 6800 lm TRIO SELEC"},"content":{"rendered":"<p>NALA-sarjan poikkeukselliset valaisimet tekev\u00e4t vaikutuksen kaarevalla muotoilullaan.<\/p>\n<p>Riippuvalaisimesta, joka koostuu kahdesta jatkuvasta valaisuelementist\u00e4,<\/p>\n<p>tulee keskeinen katseenvangitsija ruokap\u00f6yd\u00e4n tai olohuoneen p\u00f6yd\u00e4n yl\u00e4puolella.<\/p>\n<p>Muotoilunsa lis\u00e4ksi valaisimessa on k\u00e4yt\u00e4nn\u00f6llisi\u00e4 toimintoja. Integroidun SWITCH-himmennin mahdollistaa kirkkauden s\u00e4\u00e4t\u00e4misen kolmessa tasossa (100 %, 50 % ja 25 %) tavallisella valokytkimell\u00e4.<\/p>\n<p>Voit my\u00f6s k\u00e4ytt\u00e4\u00e4 suoraan valaisimessa olevaa DIP SWITCH -kytkint\u00e4, jolla voit valita kolmesta eri valon v\u00e4rist\u00e4 haluamasi tunnelman luomiseksi.<\/p>\n<p>Muotoilun ja mattamustan pinnan yhdistelm\u00e4 antaa NALA-riippuvalaisimelle aivan erityisen kosketuksen.<\/p>\n<p>Valaisimessa on my\u00f6s nykyaikainen LED-tekniikka, jolle on ominaista korkea valonlaatu ja energiatehokkuus.<\/p>\n<p>Leveys: 133 cm<\/p>\n<p>Korkeus: Korkeuss\u00e4\u00e4dett\u00e4v\u00e4 max 150 cm<\/p>\n<p>Materiaali: metalli<\/p>\n<p>V\u00e4ri: mattamusta<\/p>\n","protected":false},"excerpt":{"rendered":"<p>NALA-sarjan poikkeukselliset valaisimet tekev\u00e4t vaikutuksen kaarevalla muotoilullaan. Riippuvalaisimesta, joka koostuu kahdesta jatkuvasta valaisuelementist\u00e4, tulee keskeinen katseenvangitsija ruokap\u00f6yd\u00e4n tai olohuoneen p\u00f6yd\u00e4n yl\u00e4puolella. Muotoilunsa lis\u00e4ksi valaisimessa on k\u00e4yt\u00e4nn\u00f6llisi\u00e4 toimintoja. Integroidun SWITCH-himmennin mahdollistaa kirkkauden s\u00e4\u00e4t\u00e4misen kolmessa tasossa (100 %, 50 % ja 25 %) tavallisella valokytkimell\u00e4. Voit my\u00f6s k\u00e4ytt\u00e4\u00e4 suoraan valaisimessa olevaa DIP SWITCH -kytkint\u00e4, jolla voit valita [&hellip;]<\/p>\n","protected":false},"featured_media":15508,"comment_status":"closed","ping_status":"closed","template":"","meta":[],"product_brand":[],"product_cat":[49,35,34],"product_tag":[],"class_list":{"0":"post-15505","1":"product","2":"type-product","3":"status-publish","4":"has-post-thumbnail","6":"product_cat-riippuvalaisimet","7":"product_cat-sisavalaisimet","8":"product_cat-valaisimet","10":"first","11":"instock","12":"taxable","13":"shipping-taxable","14":"purchasable","15":"product-type-simple"},"_links":{"self":[{"href":"https:\/\/www.ksttukku.fi\/kauppa\/wp-json\/wp\/v2\/product\/15505","targetHints":{"allow":["GET"]}}],"collection":[{"href":"https:\/\/www.ksttukku.fi\/kauppa\/wp-json\/wp\/v2\/product"}],"about":[{"href":"https:\/\/www.ksttukku.fi\/kauppa\/wp-json\/wp\/v2\/types\/product"}],"replies":[{"embeddable":true,"href":"https:\/\/www.ksttukku.fi\/kauppa\/wp-json\/wp\/v2\/comments?post=15505"}],"wp:featuredmedia":[{"embeddable":true,"href":"https:\/\/www.ksttukku.fi\/kauppa\/wp-json\/wp\/v2\/media\/15508"}],"wp:attachment":[{"href":"https:\/\/www.ksttukku.fi\/kauppa\/wp-json\/wp\/v2\/media?parent=15505"}],"wp:term":[{"taxonomy":"product_brand","embeddable":true,"href":"https:\/\/www.ksttukku.fi\/kauppa\/wp-json\/wp\/v2\/product_brand?post=15505"},{"taxonomy":"product_cat","embeddable":true,"href":"https:\/\/www.ksttukku.fi\/kauppa\/wp-json\/wp\/v2\/product_cat?post=15505"},{"taxonomy":"product_tag","embeddable":true,"href":"https:\/\/www.ksttukku.fi\/kauppa\/wp-json\/wp\/v2\/product_tag?post=15505"}],"curies":[{"name":"wp","href":"https:\/\/api.w.org\/{rel}","templated":true}]}}