{"id":15515,"date":"2024-06-05T13:05:10","date_gmt":"2024-06-05T10:05:10","guid":{"rendered":"https:\/\/www.ksttukku.fi\/kauppa\/?post_type=product&#038;p=15515"},"modified":"2025-05-26T15:55:31","modified_gmt":"2025-05-26T12:55:31","slug":"paatypala-naaras-jarnvik-seinapaneeliin-vermor","status":"publish","type":"product","link":"https:\/\/www.ksttukku.fi\/kauppa\/tuote\/paatypala-naaras-jarnvik-seinapaneeliin-vermor\/","title":{"rendered":"P\u00e4\u00e4typala naaras J\u00e4rnvik sein\u00e4paneeliin Vermor"},"content":{"rendered":"<p>Mitat: 27 x 12 x 2600 mm<\/p>\n","protected":false},"excerpt":{"rendered":"<p>Mitat: 27 x 12 x 2600 mm<\/p>\n","protected":false},"featured_media":0,"comment_status":"closed","ping_status":"closed","template":"","meta":[],"product_brand":[],"product_cat":[490,245],"product_tag":[],"class_list":{"0":"post-15515","1":"product","2":"type-product","3":"status-publish","5":"product_cat-jarnvik-seinapaneelit","6":"product_cat-sisustuslevyt","8":"first","9":"instock","10":"taxable","11":"shipping-taxable","12":"purchasable","13":"product-type-simple"},"_links":{"self":[{"href":"https:\/\/www.ksttukku.fi\/kauppa\/wp-json\/wp\/v2\/product\/15515","targetHints":{"allow":["GET"]}}],"collection":[{"href":"https:\/\/www.ksttukku.fi\/kauppa\/wp-json\/wp\/v2\/product"}],"about":[{"href":"https:\/\/www.ksttukku.fi\/kauppa\/wp-json\/wp\/v2\/types\/product"}],"replies":[{"embeddable":true,"href":"https:\/\/www.ksttukku.fi\/kauppa\/wp-json\/wp\/v2\/comments?post=15515"}],"wp:attachment":[{"href":"https:\/\/www.ksttukku.fi\/kauppa\/wp-json\/wp\/v2\/media?parent=15515"}],"wp:term":[{"taxonomy":"product_brand","embeddable":true,"href":"https:\/\/www.ksttukku.fi\/kauppa\/wp-json\/wp\/v2\/product_brand?post=15515"},{"taxonomy":"product_cat","embeddable":true,"href":"https:\/\/www.ksttukku.fi\/kauppa\/wp-json\/wp\/v2\/product_cat?post=15515"},{"taxonomy":"product_tag","embeddable":true,"href":"https:\/\/www.ksttukku.fi\/kauppa\/wp-json\/wp\/v2\/product_tag?post=15515"}],"curies":[{"name":"wp","href":"https:\/\/api.w.org\/{rel}","templated":true}]}}