{"id":15516,"date":"2024-06-05T14:25:40","date_gmt":"2024-06-05T11:25:40","guid":{"rendered":"https:\/\/www.ksttukku.fi\/kauppa\/?post_type=product&#038;p=15516"},"modified":"2024-06-05T14:25:40","modified_gmt":"2024-06-05T11:25:40","slug":"barret-lattiavalaisin-trio-select","status":"publish","type":"product","link":"https:\/\/www.ksttukku.fi\/kauppa\/tuote\/barret-lattiavalaisin-trio-select\/","title":{"rendered":"Barret lattiavalaisin trio select"},"content":{"rendered":"<p>BARRET-lattiavalaisin asettaa tyylikk\u00e4it\u00e4 ja koristeellisia korostuksia, jotka ovat t\u00e4ydellisesti nykyisen trendin mukaisia.<\/p>\n<p>Kahden tyylikk\u00e4\u00e4sti muotoillun lasisen lampunvarjostimensa ansiosta se luo erityisen pehme\u00e4n ja tunnelmallisen valon olohuoneeseen tai eteiseen.<\/p>\n<p>Krominv\u00e4risen metallin k\u00e4ytt\u00f6 antaa valaisimelle ajatonta eleganssia, kun taas ulomman l\u00e4pin\u00e4kyv\u00e4n lasivarjostimen ja sisemm\u00e4n valkoisen lasivarjostimen yhdistelm\u00e4 s\u00e4teilee samalla modernia sisustustyyli\u00e4.<\/p>\n<p>LED-valonl\u00e4hteiden k\u00e4ytt\u00f6\u00e4 suositellaan energiaa s\u00e4\u00e4st\u00e4v\u00e4\u00e4n valaistukseen.<\/p>\n<p>Jalkakytkin<\/p>\n<p>Korkeus: 140 cm<\/p>\n<p>Kanta: 3x E14<\/p>\n<p>Materiaali: metalli\/lasi<\/p>\n","protected":false},"excerpt":{"rendered":"<p>BARRET-lattiavalaisin asettaa tyylikk\u00e4it\u00e4 ja koristeellisia korostuksia, jotka ovat t\u00e4ydellisesti nykyisen trendin mukaisia. Kahden tyylikk\u00e4\u00e4sti muotoillun lasisen lampunvarjostimensa ansiosta se luo erityisen pehme\u00e4n ja tunnelmallisen valon olohuoneeseen tai eteiseen. Krominv\u00e4risen metallin k\u00e4ytt\u00f6 antaa valaisimelle ajatonta eleganssia, kun taas ulomman l\u00e4pin\u00e4kyv\u00e4n lasivarjostimen ja sisemm\u00e4n valkoisen lasivarjostimen yhdistelm\u00e4 s\u00e4teilee samalla modernia sisustustyyli\u00e4. LED-valonl\u00e4hteiden k\u00e4ytt\u00f6\u00e4 suositellaan energiaa s\u00e4\u00e4st\u00e4v\u00e4\u00e4n valaistukseen. [&hellip;]<\/p>\n","protected":false},"featured_media":15517,"comment_status":"closed","ping_status":"closed","template":"","meta":[],"product_brand":[],"product_cat":[43,35,34],"product_tag":[],"class_list":{"0":"post-15516","1":"product","2":"type-product","3":"status-publish","4":"has-post-thumbnail","6":"product_cat-lattiavalaisimet","7":"product_cat-sisavalaisimet","8":"product_cat-valaisimet","10":"first","11":"instock","12":"taxable","13":"shipping-taxable","14":"purchasable","15":"product-type-simple"},"_links":{"self":[{"href":"https:\/\/www.ksttukku.fi\/kauppa\/wp-json\/wp\/v2\/product\/15516","targetHints":{"allow":["GET"]}}],"collection":[{"href":"https:\/\/www.ksttukku.fi\/kauppa\/wp-json\/wp\/v2\/product"}],"about":[{"href":"https:\/\/www.ksttukku.fi\/kauppa\/wp-json\/wp\/v2\/types\/product"}],"replies":[{"embeddable":true,"href":"https:\/\/www.ksttukku.fi\/kauppa\/wp-json\/wp\/v2\/comments?post=15516"}],"wp:featuredmedia":[{"embeddable":true,"href":"https:\/\/www.ksttukku.fi\/kauppa\/wp-json\/wp\/v2\/media\/15517"}],"wp:attachment":[{"href":"https:\/\/www.ksttukku.fi\/kauppa\/wp-json\/wp\/v2\/media?parent=15516"}],"wp:term":[{"taxonomy":"product_brand","embeddable":true,"href":"https:\/\/www.ksttukku.fi\/kauppa\/wp-json\/wp\/v2\/product_brand?post=15516"},{"taxonomy":"product_cat","embeddable":true,"href":"https:\/\/www.ksttukku.fi\/kauppa\/wp-json\/wp\/v2\/product_cat?post=15516"},{"taxonomy":"product_tag","embeddable":true,"href":"https:\/\/www.ksttukku.fi\/kauppa\/wp-json\/wp\/v2\/product_tag?post=15516"}],"curies":[{"name":"wp","href":"https:\/\/api.w.org\/{rel}","templated":true}]}}