{"id":15534,"date":"2024-06-06T14:47:29","date_gmt":"2024-06-06T11:47:29","guid":{"rendered":"https:\/\/www.ksttukku.fi\/kauppa\/?post_type=product&#038;p=15534"},"modified":"2025-05-17T13:28:33","modified_gmt":"2025-05-17T10:28:33","slug":"ladattava-myrskylyhty-maija-varavirtatoiminnolla-6w-ip44","status":"publish","type":"product","link":"https:\/\/www.ksttukku.fi\/kauppa\/tuote\/ladattava-myrskylyhty-maija-varavirtatoiminnolla-6w-ip44\/","title":{"rendered":"Ladattava myrskylyhty MAIJA varavirtatoiminnolla 6W IP44"},"content":{"rendered":"<p>Ladattava ja himmennett\u00e4v\u00e4 myrskylyhty Maija on varustettu varavirtatoiminnolla, joten se tuo turvaa esimerkiksi s\u00e4hk\u00f6katkojen varalle.<\/p>\n<p>Laadukkaat, kest\u00e4v\u00e4t materiaalit ja 1000 lumenin valoteho tekev\u00e4t t\u00e4st\u00e4 myrskylyhdyst\u00e4 hyv\u00e4n valonl\u00e4hteen my\u00f6s m\u00f6kille ja retkille.<\/p>\n<p><span id=\"data1\">Valoteho 50-1000lm<br \/>\nTeho: 6W<br \/>\nAkku 3600Mh<br \/>\nPaloaika 2,5-95 tuntia<br \/>\nLatausaika 5h<br \/>\nV\u00e4ril\u00e4mp\u00f6tila: 6500K<br \/>\nKotelointiluokka IP44<br \/>\nMitat: 126x126x235mm<\/span><\/p>\n","protected":false},"excerpt":{"rendered":"<p>Ladattava ja himmennett\u00e4v\u00e4 myrskylyhty Maija on varustettu varavirtatoiminnolla, joten se tuo turvaa esimerkiksi s\u00e4hk\u00f6katkojen varalle. Laadukkaat, kest\u00e4v\u00e4t materiaalit ja 1000 lumenin valoteho tekev\u00e4t t\u00e4st\u00e4 myrskylyhdyst\u00e4 hyv\u00e4n valonl\u00e4hteen my\u00f6s m\u00f6kille ja retkille. Valoteho 50-1000lm Teho: 6W Akku 3600Mh Paloaika 2,5-95 tuntia Latausaika 5h V\u00e4ril\u00e4mp\u00f6tila: 6500K Kotelointiluokka IP44 Mitat: 126x126x235mm<\/p>\n","protected":false},"featured_media":15535,"comment_status":"closed","ping_status":"closed","template":"","meta":[],"product_brand":[],"product_cat":[362,44,59,36,34],"product_tag":[],"class_list":{"0":"post-15534","1":"product","2":"type-product","3":"status-publish","4":"has-post-thumbnail","6":"product_cat-puutarhavalaisimet","7":"product_cat-poytavalaisimet","8":"product_cat-terassivalaisimet","9":"product_cat-ulkovalaisimet","10":"product_cat-valaisimet","12":"first","13":"instock","14":"taxable","15":"shipping-taxable","16":"purchasable","17":"product-type-simple"},"_links":{"self":[{"href":"https:\/\/www.ksttukku.fi\/kauppa\/wp-json\/wp\/v2\/product\/15534","targetHints":{"allow":["GET"]}}],"collection":[{"href":"https:\/\/www.ksttukku.fi\/kauppa\/wp-json\/wp\/v2\/product"}],"about":[{"href":"https:\/\/www.ksttukku.fi\/kauppa\/wp-json\/wp\/v2\/types\/product"}],"replies":[{"embeddable":true,"href":"https:\/\/www.ksttukku.fi\/kauppa\/wp-json\/wp\/v2\/comments?post=15534"}],"wp:featuredmedia":[{"embeddable":true,"href":"https:\/\/www.ksttukku.fi\/kauppa\/wp-json\/wp\/v2\/media\/15535"}],"wp:attachment":[{"href":"https:\/\/www.ksttukku.fi\/kauppa\/wp-json\/wp\/v2\/media?parent=15534"}],"wp:term":[{"taxonomy":"product_brand","embeddable":true,"href":"https:\/\/www.ksttukku.fi\/kauppa\/wp-json\/wp\/v2\/product_brand?post=15534"},{"taxonomy":"product_cat","embeddable":true,"href":"https:\/\/www.ksttukku.fi\/kauppa\/wp-json\/wp\/v2\/product_cat?post=15534"},{"taxonomy":"product_tag","embeddable":true,"href":"https:\/\/www.ksttukku.fi\/kauppa\/wp-json\/wp\/v2\/product_tag?post=15534"}],"curies":[{"name":"wp","href":"https:\/\/api.w.org\/{rel}","templated":true}]}}