{"id":15537,"date":"2024-06-06T17:08:36","date_gmt":"2024-06-06T14:08:36","guid":{"rendered":"https:\/\/www.ksttukku.fi\/kauppa\/?post_type=product&#038;p=15537"},"modified":"2026-04-27T10:17:36","modified_gmt":"2026-04-27T07:17:36","slug":"pylvasvalaisin-aurinkokennolla-10-lm-3000k-ip44","status":"publish","type":"product","link":"https:\/\/www.ksttukku.fi\/kauppa\/tuote\/pylvasvalaisin-aurinkokennolla-10-lm-3000k-ip44\/","title":{"rendered":"Tampella pylv\u00e4svalaisin aurinkokennolla 10 lm 3000K IP44"},"content":{"rendered":"<p>Aurinkokennolla toimiva HARJU TAMPELLA on metallirunkoinen moderni pihavalaisin, jossa on lasinen kupu ja tyylik\u00e4s putkilonmuotoinen kiinte\u00e4 led-lamppu n\u00e4kyv\u00e4ll\u00e4 hehkulangalla. Korkeus maapiikin kanssa 59,5 cm. Valaisimen valoteho 10 lm.<br \/>\nKiinte\u00e4 LED<br \/>\n2 -portainen valotehon s\u00e4\u00e4t\u00f6<br \/>\nToiminta-aika 8 tuntia t\u00e4ydell\u00e4 latauksella<\/p>\n<p>Musta runko alumiini, putki ruostumatonta ter\u00e4st\u00e4, piikki muovia, kupu lasia<br \/>\nKupu: 17 x 18 cm<br \/>\nKorkeus maapiikin kanssa: 59,50 cm<\/p>\n<p>Akku AA 1,2 V 1000mAh Ni-Mh<br \/>\nPoltin: kiinte\u00e4 led-filamenttilamppu<br \/>\nValoteho: 10 lm<\/p>\n","protected":false},"excerpt":{"rendered":"<p>Aurinkokennolla toimiva HARJU TAMPELLA on metallirunkoinen moderni pihavalaisin, jossa on lasinen kupu ja tyylik\u00e4s putkilonmuotoinen kiinte\u00e4 led-lamppu n\u00e4kyv\u00e4ll\u00e4 hehkulangalla. Korkeus maapiikin kanssa 59,5 cm. Valaisimen valoteho 10 lm. Kiinte\u00e4 LED 2 -portainen valotehon s\u00e4\u00e4t\u00f6 Toiminta-aika 8 tuntia t\u00e4ydell\u00e4 latauksella Musta runko alumiini, putki ruostumatonta ter\u00e4st\u00e4, piikki muovia, kupu lasia Kupu: 17 x 18 cm Korkeus [&hellip;]<\/p>\n","protected":false},"featured_media":15538,"comment_status":"closed","ping_status":"closed","template":"","meta":[],"product_brand":[],"product_cat":[306,539,362,36,34],"product_tag":[],"class_list":{"0":"post-15537","1":"product","2":"type-product","3":"status-publish","4":"has-post-thumbnail","6":"product_cat-aurinkokennovalaisimet","7":"product_cat-poistotori","8":"product_cat-puutarhavalaisimet","9":"product_cat-ulkovalaisimet","10":"product_cat-valaisimet","12":"first","13":"outofstock","14":"sale","15":"taxable","16":"shipping-taxable","17":"purchasable","18":"product-type-simple"},"_links":{"self":[{"href":"https:\/\/www.ksttukku.fi\/kauppa\/wp-json\/wp\/v2\/product\/15537","targetHints":{"allow":["GET"]}}],"collection":[{"href":"https:\/\/www.ksttukku.fi\/kauppa\/wp-json\/wp\/v2\/product"}],"about":[{"href":"https:\/\/www.ksttukku.fi\/kauppa\/wp-json\/wp\/v2\/types\/product"}],"replies":[{"embeddable":true,"href":"https:\/\/www.ksttukku.fi\/kauppa\/wp-json\/wp\/v2\/comments?post=15537"}],"wp:featuredmedia":[{"embeddable":true,"href":"https:\/\/www.ksttukku.fi\/kauppa\/wp-json\/wp\/v2\/media\/15538"}],"wp:attachment":[{"href":"https:\/\/www.ksttukku.fi\/kauppa\/wp-json\/wp\/v2\/media?parent=15537"}],"wp:term":[{"taxonomy":"product_brand","embeddable":true,"href":"https:\/\/www.ksttukku.fi\/kauppa\/wp-json\/wp\/v2\/product_brand?post=15537"},{"taxonomy":"product_cat","embeddable":true,"href":"https:\/\/www.ksttukku.fi\/kauppa\/wp-json\/wp\/v2\/product_cat?post=15537"},{"taxonomy":"product_tag","embeddable":true,"href":"https:\/\/www.ksttukku.fi\/kauppa\/wp-json\/wp\/v2\/product_tag?post=15537"}],"curies":[{"name":"wp","href":"https:\/\/api.w.org\/{rel}","templated":true}]}}