{"id":15547,"date":"2024-06-07T15:09:07","date_gmt":"2024-06-07T12:09:07","guid":{"rendered":"https:\/\/www.ksttukku.fi\/kauppa\/?post_type=product&#038;p=15547"},"modified":"2024-07-13T13:29:59","modified_gmt":"2024-07-13T10:29:59","slug":"hehku-aurinkokenno-valosarja-10-lamppua","status":"publish","type":"product","link":"https:\/\/www.ksttukku.fi\/kauppa\/tuote\/hehku-aurinkokenno-valosarja-10-lamppua\/","title":{"rendered":"Hehku aurinkokenno-valosarja 10 lamppua"},"content":{"rendered":"<p>HARJU HEHKU on aurinkokennolla toimiva 10-osainen valosarja esimerkiksi terassien, parvekkeiden, laiturien tai<\/p>\n<p>muiden piharakennusten tunnelmalliseen valaisuun.<\/p>\n<p>Filamenttilamput luovat kaunista l\u00e4mmint\u00e4 tunnelmavaloa (2300 K). Valoketjun pituus on 9,25 m ja lamppujen v\u00e4li 55 cm.<\/p>\n<p>3-portainen valotehon s\u00e4\u00e4t\u00f6<\/p>\n<p>Ajastus 7 h, mink\u00e4 j\u00e4lkeen automaattikatkaisu. USB-lataus mahdollinen.<\/p>\n<p>Materiaali: muovi<\/p>\n<p><span id=\"data1\">Aurinkopaneeli 3 W 5 V 600 mAh<br \/>\nAurinkopaneelikoko 130 x 195 m<\/span><\/p>\n","protected":false},"excerpt":{"rendered":"<p>HARJU HEHKU on aurinkokennolla toimiva 10-osainen valosarja esimerkiksi terassien, parvekkeiden, laiturien tai muiden piharakennusten tunnelmalliseen valaisuun. Filamenttilamput luovat kaunista l\u00e4mmint\u00e4 tunnelmavaloa (2300 K). Valoketjun pituus on 9,25 m ja lamppujen v\u00e4li 55 cm. 3-portainen valotehon s\u00e4\u00e4t\u00f6 Ajastus 7 h, mink\u00e4 j\u00e4lkeen automaattikatkaisu. USB-lataus mahdollinen. Materiaali: muovi Aurinkopaneeli 3 W 5 V 600 mAh Aurinkopaneelikoko 130 [&hellip;]<\/p>\n","protected":false},"featured_media":15549,"comment_status":"closed","ping_status":"closed","template":"","meta":[],"product_brand":[],"product_cat":[306,362,59,36,34],"product_tag":[],"class_list":{"0":"post-15547","1":"product","2":"type-product","3":"status-publish","4":"has-post-thumbnail","6":"product_cat-aurinkokennovalaisimet","7":"product_cat-puutarhavalaisimet","8":"product_cat-terassivalaisimet","9":"product_cat-ulkovalaisimet","10":"product_cat-valaisimet","12":"first","13":"instock","14":"sale","15":"taxable","16":"shipping-taxable","17":"purchasable","18":"product-type-simple"},"_links":{"self":[{"href":"https:\/\/www.ksttukku.fi\/kauppa\/wp-json\/wp\/v2\/product\/15547","targetHints":{"allow":["GET"]}}],"collection":[{"href":"https:\/\/www.ksttukku.fi\/kauppa\/wp-json\/wp\/v2\/product"}],"about":[{"href":"https:\/\/www.ksttukku.fi\/kauppa\/wp-json\/wp\/v2\/types\/product"}],"replies":[{"embeddable":true,"href":"https:\/\/www.ksttukku.fi\/kauppa\/wp-json\/wp\/v2\/comments?post=15547"}],"wp:featuredmedia":[{"embeddable":true,"href":"https:\/\/www.ksttukku.fi\/kauppa\/wp-json\/wp\/v2\/media\/15549"}],"wp:attachment":[{"href":"https:\/\/www.ksttukku.fi\/kauppa\/wp-json\/wp\/v2\/media?parent=15547"}],"wp:term":[{"taxonomy":"product_brand","embeddable":true,"href":"https:\/\/www.ksttukku.fi\/kauppa\/wp-json\/wp\/v2\/product_brand?post=15547"},{"taxonomy":"product_cat","embeddable":true,"href":"https:\/\/www.ksttukku.fi\/kauppa\/wp-json\/wp\/v2\/product_cat?post=15547"},{"taxonomy":"product_tag","embeddable":true,"href":"https:\/\/www.ksttukku.fi\/kauppa\/wp-json\/wp\/v2\/product_tag?post=15547"}],"curies":[{"name":"wp","href":"https:\/\/api.w.org\/{rel}","templated":true}]}}