{"id":1563,"date":"2018-05-14T12:27:58","date_gmt":"2018-05-14T09:27:58","guid":{"rendered":"http:\/\/www.ksttukku.fi\/kauppa\/?post_type=product&#038;p=1563"},"modified":"2025-07-15T15:31:49","modified_gmt":"2025-07-15T12:31:49","slug":"oleskelusaareke-katoksella","status":"publish","type":"product","link":"https:\/\/www.ksttukku.fi\/kauppa\/tuote\/oleskelusaareke-katoksella\/","title":{"rendered":"Oleskelusaareke katoksella"},"content":{"rendered":"<p>Koko: 180 x 132 cm.<br \/>\nTer\u00e4srunkoinen, litte\u00e4 PE-punonta.<br \/>\nPy\u00f6re\u00e4 oleskelusaareke aurinkokatteella.<br \/>\nPehmusteet 5 cm.<br \/>\n4 kpl tyynyj\u00e4.<br \/>\nIrtotyynyt 40 x 40 cm, py\u00f6re\u00e4 tyyny halk. 58 cm.<br \/>\nKaarevien osien tyynyt noin 53 x 117 cm.<br \/>\nPakattu yhteen laatikkoon 98 x 86 x 57 cm.<br \/>\nTummanharmaat polyesterip\u00e4\u00e4lliset on UV-suojattu, irrotettavat ja vesipest\u00e4v\u00e4t.<\/p>\n","protected":false},"excerpt":{"rendered":"<p>Koko: 180 x 132 cm. Ter\u00e4srunkoinen, litte\u00e4 PE-punonta. Py\u00f6re\u00e4 oleskelusaareke aurinkokatteella. Pehmusteet 5 cm. 4 kpl tyynyj\u00e4. Irtotyynyt 40 x 40 cm, py\u00f6re\u00e4 tyyny halk. 58 cm. Kaarevien osien tyynyt noin 53 x 117 cm. Pakattu yhteen laatikkoon 98 x 86 x 57 cm. Tummanharmaat polyesterip\u00e4\u00e4lliset on UV-suojattu, irrotettavat ja vesipest\u00e4v\u00e4t.<\/p>\n","protected":false},"featured_media":1564,"comment_status":"closed","ping_status":"closed","template":"","meta":[],"product_brand":[],"product_cat":[119,120],"product_tag":[],"class_list":{"0":"post-1563","1":"product","2":"type-product","3":"status-publish","4":"has-post-thumbnail","6":"product_cat-kesakalusteet","7":"product_cat-oleskeluryhmat","9":"first","10":"outofstock","11":"taxable","12":"shipping-taxable","13":"purchasable","14":"product-type-simple"},"_links":{"self":[{"href":"https:\/\/www.ksttukku.fi\/kauppa\/wp-json\/wp\/v2\/product\/1563","targetHints":{"allow":["GET"]}}],"collection":[{"href":"https:\/\/www.ksttukku.fi\/kauppa\/wp-json\/wp\/v2\/product"}],"about":[{"href":"https:\/\/www.ksttukku.fi\/kauppa\/wp-json\/wp\/v2\/types\/product"}],"replies":[{"embeddable":true,"href":"https:\/\/www.ksttukku.fi\/kauppa\/wp-json\/wp\/v2\/comments?post=1563"}],"wp:featuredmedia":[{"embeddable":true,"href":"https:\/\/www.ksttukku.fi\/kauppa\/wp-json\/wp\/v2\/media\/1564"}],"wp:attachment":[{"href":"https:\/\/www.ksttukku.fi\/kauppa\/wp-json\/wp\/v2\/media?parent=1563"}],"wp:term":[{"taxonomy":"product_brand","embeddable":true,"href":"https:\/\/www.ksttukku.fi\/kauppa\/wp-json\/wp\/v2\/product_brand?post=1563"},{"taxonomy":"product_cat","embeddable":true,"href":"https:\/\/www.ksttukku.fi\/kauppa\/wp-json\/wp\/v2\/product_cat?post=1563"},{"taxonomy":"product_tag","embeddable":true,"href":"https:\/\/www.ksttukku.fi\/kauppa\/wp-json\/wp\/v2\/product_tag?post=1563"}],"curies":[{"name":"wp","href":"https:\/\/api.w.org\/{rel}","templated":true}]}}