{"id":1577,"date":"2018-05-15T18:50:12","date_gmt":"2018-05-15T15:50:12","guid":{"rendered":"http:\/\/www.ksttukku.fi\/kauppa\/?post_type=product&#038;p=1577"},"modified":"2021-10-13T18:33:03","modified_gmt":"2021-10-13T15:33:03","slug":"firenze-kattovalaisin","status":"publish","type":"product","link":"https:\/\/www.ksttukku.fi\/kauppa\/tuote\/firenze-kattovalaisin\/","title":{"rendered":"Firenze kattovalaisin"},"content":{"rendered":"<p>FIRENZE on moderni ja tyylik\u00e4s kattovalaisin. Kromi \/ metalli varjostin ja K9 kristallit luovat sisustuksellisen vaikutelman, valaisimen lukemattomat kauniit kristallit tekev\u00e4t l\u00e4htem\u00e4tt\u00f6m\u00e4n vaikutuksen. Sopii erinomaisesti olohuoneen ja makuhuoneen valaisimeksi. Valaisin k\u00e4y koukkukiinnitykseen ja sis\u00e4lt\u00e4\u00e4 valaisinpistotulpan.<\/p>\n<p>\u2022 V\u00e4ri : Kromi<br \/>\n\u2022 halk. : 50,0cm<br \/>\n\u2022 kork. : 23,0cm<br \/>\n\u2022 7xG9 \/ 33W (sis\u00e4ltyy pakkaukseen)<\/p>\n","protected":false},"excerpt":{"rendered":"<p>FIRENZE on moderni ja tyylik\u00e4s kattovalaisin. Kromi \/ metalli varjostin ja K9 kristallit luovat sisustuksellisen vaikutelman, valaisimen lukemattomat kauniit kristallit tekev\u00e4t l\u00e4htem\u00e4tt\u00f6m\u00e4n vaikutuksen. Sopii erinomaisesti olohuoneen ja makuhuoneen valaisimeksi. Valaisin k\u00e4y koukkukiinnitykseen ja sis\u00e4lt\u00e4\u00e4 valaisinpistotulpan. \u2022 V\u00e4ri : Kromi \u2022 halk. : 50,0cm \u2022 kork. : 23,0cm \u2022 7xG9 \/ 33W (sis\u00e4ltyy pakkaukseen)<\/p>\n","protected":false},"featured_media":1578,"comment_status":"closed","ping_status":"closed","template":"","meta":[],"product_brand":[],"product_cat":[40,35,34],"product_tag":[],"class_list":{"0":"post-1577","1":"product","2":"type-product","3":"status-publish","4":"has-post-thumbnail","6":"product_cat-kattovalaisimet","7":"product_cat-sisavalaisimet","8":"product_cat-valaisimet","10":"first","11":"instock","12":"sale","13":"taxable","14":"shipping-taxable","15":"purchasable","16":"product-type-simple"},"_links":{"self":[{"href":"https:\/\/www.ksttukku.fi\/kauppa\/wp-json\/wp\/v2\/product\/1577","targetHints":{"allow":["GET"]}}],"collection":[{"href":"https:\/\/www.ksttukku.fi\/kauppa\/wp-json\/wp\/v2\/product"}],"about":[{"href":"https:\/\/www.ksttukku.fi\/kauppa\/wp-json\/wp\/v2\/types\/product"}],"replies":[{"embeddable":true,"href":"https:\/\/www.ksttukku.fi\/kauppa\/wp-json\/wp\/v2\/comments?post=1577"}],"wp:featuredmedia":[{"embeddable":true,"href":"https:\/\/www.ksttukku.fi\/kauppa\/wp-json\/wp\/v2\/media\/1578"}],"wp:attachment":[{"href":"https:\/\/www.ksttukku.fi\/kauppa\/wp-json\/wp\/v2\/media?parent=1577"}],"wp:term":[{"taxonomy":"product_brand","embeddable":true,"href":"https:\/\/www.ksttukku.fi\/kauppa\/wp-json\/wp\/v2\/product_brand?post=1577"},{"taxonomy":"product_cat","embeddable":true,"href":"https:\/\/www.ksttukku.fi\/kauppa\/wp-json\/wp\/v2\/product_cat?post=1577"},{"taxonomy":"product_tag","embeddable":true,"href":"https:\/\/www.ksttukku.fi\/kauppa\/wp-json\/wp\/v2\/product_tag?post=1577"}],"curies":[{"name":"wp","href":"https:\/\/api.w.org\/{rel}","templated":true}]}}