{"id":15827,"date":"2024-07-09T15:53:54","date_gmt":"2024-07-09T12:53:54","guid":{"rendered":"https:\/\/www.ksttukku.fi\/kauppa\/?post_type=product&#038;p=15827"},"modified":"2024-07-09T15:53:54","modified_gmt":"2024-07-09T12:53:54","slug":"contina-seina-kattovalaisin-musta","status":"publish","type":"product","link":"https:\/\/www.ksttukku.fi\/kauppa\/tuote\/contina-seina-kattovalaisin-musta\/","title":{"rendered":"Contina sein\u00e4\/kattovalaisin musta"},"content":{"rendered":"<div class=\"short-description\">\n<p>Sein\u00e4-\/kattovalaisin mattamustaa metallia ja opaalilasia. S\u00e4\u00e4dett\u00e4v\u00e4 165\u00ba.<br \/>\nIP20, luokka 2. G9, max 5W. Ei sis\u00e4ll\u00e4 valonl\u00e4hdett\u00e4.Virtajohdon pituus 150 cm.<br \/>\nHuom! Johto on irrallisena pakkauksessa, vaatii kytkenn\u00e4n sokeripalalla. Valaisin sopii my\u00f6s kiinte\u00e4\u00e4n asennukseen.<\/p>\n<p>Lasikuvun halkaisija 10 cm<br \/>\nSein\u00e4levyn halkaisija 12 cm<\/p>\n<p>Kanta: G 9<\/p>\n<\/div>\n","protected":false},"excerpt":{"rendered":"<p>Sein\u00e4-\/kattovalaisin mattamustaa metallia ja opaalilasia. S\u00e4\u00e4dett\u00e4v\u00e4 165\u00ba. IP20, luokka 2. G9, max 5W. Ei sis\u00e4ll\u00e4 valonl\u00e4hdett\u00e4.Virtajohdon pituus 150 cm. Huom! Johto on irrallisena pakkauksessa, vaatii kytkenn\u00e4n sokeripalalla. Valaisin sopii my\u00f6s kiinte\u00e4\u00e4n asennukseen. Lasikuvun halkaisija 10 cm Sein\u00e4levyn halkaisija 12 cm Kanta: G 9<\/p>\n","protected":false},"featured_media":15828,"comment_status":"closed","ping_status":"closed","template":"","meta":[],"product_brand":[],"product_cat":[40,42,35,34],"product_tag":[],"class_list":{"0":"post-15827","1":"product","2":"type-product","3":"status-publish","4":"has-post-thumbnail","6":"product_cat-kattovalaisimet","7":"product_cat-seinavalaisimet-sisavalaisimet","8":"product_cat-sisavalaisimet","9":"product_cat-valaisimet","11":"first","12":"instock","13":"taxable","14":"shipping-taxable","15":"purchasable","16":"product-type-simple"},"_links":{"self":[{"href":"https:\/\/www.ksttukku.fi\/kauppa\/wp-json\/wp\/v2\/product\/15827","targetHints":{"allow":["GET"]}}],"collection":[{"href":"https:\/\/www.ksttukku.fi\/kauppa\/wp-json\/wp\/v2\/product"}],"about":[{"href":"https:\/\/www.ksttukku.fi\/kauppa\/wp-json\/wp\/v2\/types\/product"}],"replies":[{"embeddable":true,"href":"https:\/\/www.ksttukku.fi\/kauppa\/wp-json\/wp\/v2\/comments?post=15827"}],"wp:featuredmedia":[{"embeddable":true,"href":"https:\/\/www.ksttukku.fi\/kauppa\/wp-json\/wp\/v2\/media\/15828"}],"wp:attachment":[{"href":"https:\/\/www.ksttukku.fi\/kauppa\/wp-json\/wp\/v2\/media?parent=15827"}],"wp:term":[{"taxonomy":"product_brand","embeddable":true,"href":"https:\/\/www.ksttukku.fi\/kauppa\/wp-json\/wp\/v2\/product_brand?post=15827"},{"taxonomy":"product_cat","embeddable":true,"href":"https:\/\/www.ksttukku.fi\/kauppa\/wp-json\/wp\/v2\/product_cat?post=15827"},{"taxonomy":"product_tag","embeddable":true,"href":"https:\/\/www.ksttukku.fi\/kauppa\/wp-json\/wp\/v2\/product_tag?post=15827"}],"curies":[{"name":"wp","href":"https:\/\/api.w.org\/{rel}","templated":true}]}}