{"id":15845,"date":"2024-07-11T17:38:10","date_gmt":"2024-07-11T14:38:10","guid":{"rendered":"https:\/\/www.ksttukku.fi\/kauppa\/?post_type=product&#038;p=15845"},"modified":"2024-07-11T17:39:32","modified_gmt":"2024-07-11T14:39:32","slug":"arabella-hotel-seinavalaisin-musta","status":"publish","type":"product","link":"https:\/\/www.ksttukku.fi\/kauppa\/tuote\/arabella-hotel-seinavalaisin-musta\/","title":{"rendered":"Arabella Hotel-sein\u00e4valaisin musta"},"content":{"rendered":"<p>Hotel-sein\u00e4valaisimessa on k\u00e4\u00e4nnelt\u00e4viss\u00e4 oleva\u00a0 lukuvalo sek\u00e4 kangasvarjolla oleva yl\u00e4valo.<\/p>\n<p>Molemmille valaisimille on oma kytkin rungossa.<\/p>\n<p>Yl\u00e4valon kanta : E27<\/p>\n<p>Lukuvalon kanta: GU 10<\/p>\n<p>Materiaali: metalli\/kangas<\/p>\n<p>V\u00e4ri: musta\/ kromi<\/p>\n<p>Valaisimessa v\u00e4lijohto, mutta sen voi ottaa tarvittaessa pois ja asentaa kiinte\u00e4sti.<\/p>\n<p>Korkeus: 45 cm<\/p>\n<p>Varjostimen halkaisija: 20 cm<\/p>\n<p>&nbsp;<\/p>\n","protected":false},"excerpt":{"rendered":"<p>Hotel-sein\u00e4valaisimessa on k\u00e4\u00e4nnelt\u00e4viss\u00e4 oleva\u00a0 lukuvalo sek\u00e4 kangasvarjolla oleva yl\u00e4valo. Molemmille valaisimille on oma kytkin rungossa. Yl\u00e4valon kanta : E27 Lukuvalon kanta: GU 10 Materiaali: metalli\/kangas V\u00e4ri: musta\/ kromi Valaisimessa v\u00e4lijohto, mutta sen voi ottaa tarvittaessa pois ja asentaa kiinte\u00e4sti. Korkeus: 45 cm Varjostimen halkaisija: 20 cm &nbsp;<\/p>\n","protected":false},"featured_media":15846,"comment_status":"closed","ping_status":"closed","template":"","meta":[],"product_brand":[],"product_cat":[42,35,34],"product_tag":[],"class_list":{"0":"post-15845","1":"product","2":"type-product","3":"status-publish","4":"has-post-thumbnail","6":"product_cat-seinavalaisimet-sisavalaisimet","7":"product_cat-sisavalaisimet","8":"product_cat-valaisimet","10":"first","11":"instock","12":"taxable","13":"shipping-taxable","14":"purchasable","15":"product-type-simple"},"_links":{"self":[{"href":"https:\/\/www.ksttukku.fi\/kauppa\/wp-json\/wp\/v2\/product\/15845","targetHints":{"allow":["GET"]}}],"collection":[{"href":"https:\/\/www.ksttukku.fi\/kauppa\/wp-json\/wp\/v2\/product"}],"about":[{"href":"https:\/\/www.ksttukku.fi\/kauppa\/wp-json\/wp\/v2\/types\/product"}],"replies":[{"embeddable":true,"href":"https:\/\/www.ksttukku.fi\/kauppa\/wp-json\/wp\/v2\/comments?post=15845"}],"wp:featuredmedia":[{"embeddable":true,"href":"https:\/\/www.ksttukku.fi\/kauppa\/wp-json\/wp\/v2\/media\/15846"}],"wp:attachment":[{"href":"https:\/\/www.ksttukku.fi\/kauppa\/wp-json\/wp\/v2\/media?parent=15845"}],"wp:term":[{"taxonomy":"product_brand","embeddable":true,"href":"https:\/\/www.ksttukku.fi\/kauppa\/wp-json\/wp\/v2\/product_brand?post=15845"},{"taxonomy":"product_cat","embeddable":true,"href":"https:\/\/www.ksttukku.fi\/kauppa\/wp-json\/wp\/v2\/product_cat?post=15845"},{"taxonomy":"product_tag","embeddable":true,"href":"https:\/\/www.ksttukku.fi\/kauppa\/wp-json\/wp\/v2\/product_tag?post=15845"}],"curies":[{"name":"wp","href":"https:\/\/api.w.org\/{rel}","templated":true}]}}