{"id":15882,"date":"2024-07-24T15:40:23","date_gmt":"2024-07-24T12:40:23","guid":{"rendered":"https:\/\/www.ksttukku.fi\/kauppa\/?post_type=product&#038;p=15882"},"modified":"2024-07-24T15:41:07","modified_gmt":"2024-07-24T12:41:07","slug":"milo-lattiavalaisin-sininen","status":"publish","type":"product","link":"https:\/\/www.ksttukku.fi\/kauppa\/tuote\/milo-lattiavalaisin-sininen\/","title":{"rendered":"Mio lattiavalaisin sininen"},"content":{"rendered":"<p>Nuorekas lattiavalaisin 142 cm\u00a0 suunnattavalla spotilla .<\/p>\n<p>Mio-valaisimen 2 metri\u00e4 pitk\u00e4ss\u00e4 kangasjohdossa on k\u00e4tev\u00e4 on\/off-kytkin<\/p>\n<p>Kanta: E14<\/p>\n","protected":false},"excerpt":{"rendered":"<p>Nuorekas lattiavalaisin 142 cm\u00a0 suunnattavalla spotilla . Mio-valaisimen 2 metri\u00e4 pitk\u00e4ss\u00e4 kangasjohdossa on k\u00e4tev\u00e4 on\/off-kytkin Kanta: E14<\/p>\n","protected":false},"featured_media":15883,"comment_status":"closed","ping_status":"closed","template":"","meta":[],"product_brand":[],"product_cat":[43,35,34],"product_tag":[],"class_list":{"0":"post-15882","1":"product","2":"type-product","3":"status-publish","4":"has-post-thumbnail","6":"product_cat-lattiavalaisimet","7":"product_cat-sisavalaisimet","8":"product_cat-valaisimet","10":"first","11":"instock","12":"taxable","13":"shipping-taxable","14":"purchasable","15":"product-type-simple"},"_links":{"self":[{"href":"https:\/\/www.ksttukku.fi\/kauppa\/wp-json\/wp\/v2\/product\/15882","targetHints":{"allow":["GET"]}}],"collection":[{"href":"https:\/\/www.ksttukku.fi\/kauppa\/wp-json\/wp\/v2\/product"}],"about":[{"href":"https:\/\/www.ksttukku.fi\/kauppa\/wp-json\/wp\/v2\/types\/product"}],"replies":[{"embeddable":true,"href":"https:\/\/www.ksttukku.fi\/kauppa\/wp-json\/wp\/v2\/comments?post=15882"}],"wp:featuredmedia":[{"embeddable":true,"href":"https:\/\/www.ksttukku.fi\/kauppa\/wp-json\/wp\/v2\/media\/15883"}],"wp:attachment":[{"href":"https:\/\/www.ksttukku.fi\/kauppa\/wp-json\/wp\/v2\/media?parent=15882"}],"wp:term":[{"taxonomy":"product_brand","embeddable":true,"href":"https:\/\/www.ksttukku.fi\/kauppa\/wp-json\/wp\/v2\/product_brand?post=15882"},{"taxonomy":"product_cat","embeddable":true,"href":"https:\/\/www.ksttukku.fi\/kauppa\/wp-json\/wp\/v2\/product_cat?post=15882"},{"taxonomy":"product_tag","embeddable":true,"href":"https:\/\/www.ksttukku.fi\/kauppa\/wp-json\/wp\/v2\/product_tag?post=15882"}],"curies":[{"name":"wp","href":"https:\/\/api.w.org\/{rel}","templated":true}]}}