{"id":1590,"date":"2018-05-16T17:14:43","date_gmt":"2018-05-16T14:14:43","guid":{"rendered":"http:\/\/www.ksttukku.fi\/kauppa\/?post_type=product&#038;p=1590"},"modified":"2018-06-15T12:48:16","modified_gmt":"2018-06-15T09:48:16","slug":"allaskaappi-ja-allas-50cm-valkoinen","status":"publish","type":"product","link":"https:\/\/www.ksttukku.fi\/kauppa\/tuote\/allaskaappi-ja-allas-50cm-valkoinen\/","title":{"rendered":"Allaskaappi ja allas 50cm valkoinen"},"content":{"rendered":"<p>100 % vedenkest\u00e4v\u00e4 pvc-allaskaappi, soveltuu kaikkiin kodin tiloihin. 3-kertainen maalikerros ja hidastesaranat. T-lux pvc-kaapit ovat ymp\u00e4rimaalattuja ja valmiiksi koottuja.<\/p>\n<ul>\n<li>Valkoinen<\/li>\n<li>Ryhm\u00e4 sis\u00e4lt\u00e4\u00e4 kaapin ja posliiniallastason<\/li>\n<li>Kaapin mitat: Leveys\u00a0490 mm, korkeus\u00a0465 mm, syvyys\u00a0385 mm<\/li>\n<li>Allastason mitat: Leveys 510 mm, korkeus 180 mm, syvyys 400 mm<\/li>\n<\/ul>\n","protected":false},"excerpt":{"rendered":"<p>100 % vedenkest\u00e4v\u00e4 pvc-allaskaappi, soveltuu kaikkiin kodin tiloihin. 3-kertainen maalikerros ja hidastesaranat. T-lux pvc-kaapit ovat ymp\u00e4rimaalattuja ja valmiiksi koottuja. Valkoinen Ryhm\u00e4 sis\u00e4lt\u00e4\u00e4 kaapin ja posliiniallastason Kaapin mitat: Leveys\u00a0490 mm, korkeus\u00a0465 mm, syvyys\u00a0385 mm Allastason mitat: Leveys 510 mm, korkeus 180 mm, syvyys 400 mm<\/p>\n","protected":false},"featured_media":1591,"comment_status":"closed","ping_status":"closed","template":"","meta":[],"product_brand":[],"product_cat":[151,150],"product_tag":[],"class_list":{"0":"post-1590","1":"product","2":"type-product","3":"status-publish","4":"has-post-thumbnail","6":"product_cat-kalusteet","7":"product_cat-kylpyhuone","9":"first","10":"instock","11":"taxable","12":"shipping-taxable","13":"purchasable","14":"product-type-simple"},"_links":{"self":[{"href":"https:\/\/www.ksttukku.fi\/kauppa\/wp-json\/wp\/v2\/product\/1590","targetHints":{"allow":["GET"]}}],"collection":[{"href":"https:\/\/www.ksttukku.fi\/kauppa\/wp-json\/wp\/v2\/product"}],"about":[{"href":"https:\/\/www.ksttukku.fi\/kauppa\/wp-json\/wp\/v2\/types\/product"}],"replies":[{"embeddable":true,"href":"https:\/\/www.ksttukku.fi\/kauppa\/wp-json\/wp\/v2\/comments?post=1590"}],"wp:featuredmedia":[{"embeddable":true,"href":"https:\/\/www.ksttukku.fi\/kauppa\/wp-json\/wp\/v2\/media\/1591"}],"wp:attachment":[{"href":"https:\/\/www.ksttukku.fi\/kauppa\/wp-json\/wp\/v2\/media?parent=1590"}],"wp:term":[{"taxonomy":"product_brand","embeddable":true,"href":"https:\/\/www.ksttukku.fi\/kauppa\/wp-json\/wp\/v2\/product_brand?post=1590"},{"taxonomy":"product_cat","embeddable":true,"href":"https:\/\/www.ksttukku.fi\/kauppa\/wp-json\/wp\/v2\/product_cat?post=1590"},{"taxonomy":"product_tag","embeddable":true,"href":"https:\/\/www.ksttukku.fi\/kauppa\/wp-json\/wp\/v2\/product_tag?post=1590"}],"curies":[{"name":"wp","href":"https:\/\/api.w.org\/{rel}","templated":true}]}}