{"id":15951,"date":"2024-08-08T17:24:43","date_gmt":"2024-08-08T14:24:43","guid":{"rendered":"https:\/\/www.ksttukku.fi\/kauppa\/?post_type=product&#038;p=15951"},"modified":"2025-06-07T10:41:18","modified_gmt":"2025-06-07T07:41:18","slug":"land-nuppi-matta-musta","status":"publish","type":"product","link":"https:\/\/www.ksttukku.fi\/kauppa\/tuote\/land-nuppi-matta-musta\/","title":{"rendered":"LAND NUPPI MATTA MUSTA"},"content":{"rendered":"<p>Uusi n\u00e4ytt\u00e4v\u00e4 selke\u00e4linjainen kalustenuppi,<\/p>\n<p>sopii monenlaiseen sisustustyyliin<\/p>\n<p>Halkaisija: 40 mm<\/p>\n<p>Korkeus: 33 mm<\/p>\n<p>Materiaali: pinnoitettu samakki<\/p>\n","protected":false},"excerpt":{"rendered":"<p>Uusi n\u00e4ytt\u00e4v\u00e4 selke\u00e4linjainen kalustenuppi, sopii monenlaiseen sisustustyyliin Halkaisija: 40 mm Korkeus: 33 mm Materiaali: pinnoitettu samakki<\/p>\n","protected":false},"featured_media":15952,"comment_status":"closed","ping_status":"closed","template":"","meta":[],"product_brand":[],"product_cat":[264,265],"product_tag":[],"class_list":{"0":"post-15951","1":"product","2":"type-product","3":"status-publish","4":"has-post-thumbnail","6":"product_cat-nupit","7":"product_cat-vetimet-ja-nupit","9":"first","10":"instock","11":"taxable","12":"shipping-taxable","13":"purchasable","14":"product-type-simple"},"_links":{"self":[{"href":"https:\/\/www.ksttukku.fi\/kauppa\/wp-json\/wp\/v2\/product\/15951","targetHints":{"allow":["GET"]}}],"collection":[{"href":"https:\/\/www.ksttukku.fi\/kauppa\/wp-json\/wp\/v2\/product"}],"about":[{"href":"https:\/\/www.ksttukku.fi\/kauppa\/wp-json\/wp\/v2\/types\/product"}],"replies":[{"embeddable":true,"href":"https:\/\/www.ksttukku.fi\/kauppa\/wp-json\/wp\/v2\/comments?post=15951"}],"wp:featuredmedia":[{"embeddable":true,"href":"https:\/\/www.ksttukku.fi\/kauppa\/wp-json\/wp\/v2\/media\/15952"}],"wp:attachment":[{"href":"https:\/\/www.ksttukku.fi\/kauppa\/wp-json\/wp\/v2\/media?parent=15951"}],"wp:term":[{"taxonomy":"product_brand","embeddable":true,"href":"https:\/\/www.ksttukku.fi\/kauppa\/wp-json\/wp\/v2\/product_brand?post=15951"},{"taxonomy":"product_cat","embeddable":true,"href":"https:\/\/www.ksttukku.fi\/kauppa\/wp-json\/wp\/v2\/product_cat?post=15951"},{"taxonomy":"product_tag","embeddable":true,"href":"https:\/\/www.ksttukku.fi\/kauppa\/wp-json\/wp\/v2\/product_tag?post=15951"}],"curies":[{"name":"wp","href":"https:\/\/api.w.org\/{rel}","templated":true}]}}