{"id":15969,"date":"2024-08-09T14:33:13","date_gmt":"2024-08-09T11:33:13","guid":{"rendered":"https:\/\/www.ksttukku.fi\/kauppa\/?post_type=product&#038;p=15969"},"modified":"2025-08-28T14:34:46","modified_gmt":"2025-08-28T11:34:46","slug":"flapp-vedin-128-200-mm-tammi","status":"publish","type":"product","link":"https:\/\/www.ksttukku.fi\/kauppa\/tuote\/flapp-vedin-128-200-mm-tammi\/","title":{"rendered":"FLAPP vedin 160 \/ 200 mm tammi"},"content":{"rendered":"<p>Uusi siro puinen listavedin.<\/p>\n<p>Pituus 200 mm, reik\u00e4v\u00e4li 160 mm, M4 kierteet.<\/p>\n<p>V\u00e4ri tammi.<\/p>\n","protected":false},"excerpt":{"rendered":"<p>Uusi siro puinen listavedin. Pituus 200 mm, reik\u00e4v\u00e4li 160 mm, M4 kierteet. V\u00e4ri tammi.<\/p>\n","protected":false},"featured_media":15970,"comment_status":"closed","ping_status":"closed","template":"","meta":[],"product_brand":[],"product_cat":[263,265],"product_tag":[],"class_list":{"0":"post-15969","1":"product","2":"type-product","3":"status-publish","4":"has-post-thumbnail","6":"product_cat-vetimet","7":"product_cat-vetimet-ja-nupit","9":"first","10":"instock","11":"taxable","12":"shipping-taxable","13":"purchasable","14":"product-type-simple"},"_links":{"self":[{"href":"https:\/\/www.ksttukku.fi\/kauppa\/wp-json\/wp\/v2\/product\/15969","targetHints":{"allow":["GET"]}}],"collection":[{"href":"https:\/\/www.ksttukku.fi\/kauppa\/wp-json\/wp\/v2\/product"}],"about":[{"href":"https:\/\/www.ksttukku.fi\/kauppa\/wp-json\/wp\/v2\/types\/product"}],"replies":[{"embeddable":true,"href":"https:\/\/www.ksttukku.fi\/kauppa\/wp-json\/wp\/v2\/comments?post=15969"}],"wp:featuredmedia":[{"embeddable":true,"href":"https:\/\/www.ksttukku.fi\/kauppa\/wp-json\/wp\/v2\/media\/15970"}],"wp:attachment":[{"href":"https:\/\/www.ksttukku.fi\/kauppa\/wp-json\/wp\/v2\/media?parent=15969"}],"wp:term":[{"taxonomy":"product_brand","embeddable":true,"href":"https:\/\/www.ksttukku.fi\/kauppa\/wp-json\/wp\/v2\/product_brand?post=15969"},{"taxonomy":"product_cat","embeddable":true,"href":"https:\/\/www.ksttukku.fi\/kauppa\/wp-json\/wp\/v2\/product_cat?post=15969"},{"taxonomy":"product_tag","embeddable":true,"href":"https:\/\/www.ksttukku.fi\/kauppa\/wp-json\/wp\/v2\/product_tag?post=15969"}],"curies":[{"name":"wp","href":"https:\/\/api.w.org\/{rel}","templated":true}]}}