{"id":15991,"date":"2024-08-09T17:27:19","date_gmt":"2024-08-09T14:27:19","guid":{"rendered":"https:\/\/www.ksttukku.fi\/kauppa\/?post_type=product&#038;p=15991"},"modified":"2024-08-09T17:27:19","modified_gmt":"2024-08-09T14:27:19","slug":"floid-vedin-128-mm-matta-musta","status":"publish","type":"product","link":"https:\/\/www.ksttukku.fi\/kauppa\/tuote\/floid-vedin-128-mm-matta-musta\/","title":{"rendered":"FLOID  vedin 128 mm matta musta"},"content":{"rendered":"<p>Uutuusvedin Floid on minimalistisen tyylik\u00e4s.<\/p>\n<p>Vetimen reik\u00e4v\u00e4li on 128 mm, pituus 144 mm, syvyys 16 mm ja korkeus 31 mm.<\/p>\n<p>S\u00e4vy matta musta,<\/p>\n<p>materiaali pinnoitettu samakki<\/p>\n","protected":false},"excerpt":{"rendered":"<p>Uutuusvedin Floid on minimalistisen tyylik\u00e4s. Vetimen reik\u00e4v\u00e4li on 128 mm, pituus 144 mm, syvyys 16 mm ja korkeus 31 mm. S\u00e4vy matta musta, materiaali pinnoitettu samakki<\/p>\n","protected":false},"featured_media":15992,"comment_status":"closed","ping_status":"closed","template":"","meta":[],"product_brand":[],"product_cat":[263,265],"product_tag":[],"class_list":{"0":"post-15991","1":"product","2":"type-product","3":"status-publish","4":"has-post-thumbnail","6":"product_cat-vetimet","7":"product_cat-vetimet-ja-nupit","9":"first","10":"instock","11":"taxable","12":"shipping-taxable","13":"purchasable","14":"product-type-simple"},"_links":{"self":[{"href":"https:\/\/www.ksttukku.fi\/kauppa\/wp-json\/wp\/v2\/product\/15991","targetHints":{"allow":["GET"]}}],"collection":[{"href":"https:\/\/www.ksttukku.fi\/kauppa\/wp-json\/wp\/v2\/product"}],"about":[{"href":"https:\/\/www.ksttukku.fi\/kauppa\/wp-json\/wp\/v2\/types\/product"}],"replies":[{"embeddable":true,"href":"https:\/\/www.ksttukku.fi\/kauppa\/wp-json\/wp\/v2\/comments?post=15991"}],"wp:featuredmedia":[{"embeddable":true,"href":"https:\/\/www.ksttukku.fi\/kauppa\/wp-json\/wp\/v2\/media\/15992"}],"wp:attachment":[{"href":"https:\/\/www.ksttukku.fi\/kauppa\/wp-json\/wp\/v2\/media?parent=15991"}],"wp:term":[{"taxonomy":"product_brand","embeddable":true,"href":"https:\/\/www.ksttukku.fi\/kauppa\/wp-json\/wp\/v2\/product_brand?post=15991"},{"taxonomy":"product_cat","embeddable":true,"href":"https:\/\/www.ksttukku.fi\/kauppa\/wp-json\/wp\/v2\/product_cat?post=15991"},{"taxonomy":"product_tag","embeddable":true,"href":"https:\/\/www.ksttukku.fi\/kauppa\/wp-json\/wp\/v2\/product_tag?post=15991"}],"curies":[{"name":"wp","href":"https:\/\/api.w.org\/{rel}","templated":true}]}}