{"id":16012,"date":"2024-08-15T17:36:12","date_gmt":"2024-08-15T14:36:12","guid":{"rendered":"https:\/\/www.ksttukku.fi\/kauppa\/?post_type=product&#038;p=16012"},"modified":"2025-02-05T11:42:12","modified_gmt":"2025-02-05T09:42:12","slug":"vinyylilankku-spcixpe-eco-kl33-2310-223m2-pkt-2790e-m2","status":"publish","type":"product","link":"https:\/\/www.ksttukku.fi\/kauppa\/tuote\/vinyylilankku-spcixpe-eco-kl33-2310-223m2-pkt-2790e-m2\/","title":{"rendered":"Vinyylilankku SPC+IXPE ECO KL33 2310   (2,23m2\/pkt) 29,90\u20ac\/m2"},"content":{"rendered":"<p>J\u00e4rnvik i4F SPC IXPE -j\u00e4ykk\u00e4ytimellinen vinyylilankku on uuden sukupolven vinyylilattia jossa on kivikomposiittinen (SPC) runkorakenne. Runkorakenteeseen on k\u00e4ytetty 70 % kiviainesta joka tekee lattiasta j\u00e4yk\u00e4n ja kest\u00e4v\u00e4n. Lankun pohjaan integroitu askel\u00e4\u00e4nieriste parantaa tilan akustiikkaa ja tekee lattiasta hiljaisemman.<\/p>\n<p>Lankut on helppo asentaa laadukkaan i4F -ponttirakenteen ansiosta. Asennus tapahtuu pitk\u00e4n sivun osalta taittamalla, p\u00e4\u00e4typontit lukitaan ly\u00f6m\u00e4ll\u00e4 rekyylitt\u00f6m\u00e4ll\u00e4 kumivasaralla pontti kiinni. i4F SPC IXPE vinyylilattia on kest\u00e4v\u00e4 ja helppohoitoinen ja se asennetaan kelluvana. Liimaa ei tarvita ja se soveltuu k\u00e4ytett\u00e4v\u00e4ksi lattial\u00e4mmityksen kanssa. J\u00e4ykk\u00e4ytimellinen vinyylilankku soveltuu kaikkiin asuintiloihin sek\u00e4 raskaamman k\u00e4yt\u00f6n julkisiin tiloihin.<\/p>\n<p>Tuote on valmistettu Euroopassa joten sen kuljetuksesta johtuvat p\u00e4\u00e4st\u00f6t ovat huomattavasti pienemm\u00e4t kuin Euroopan ulkopuolella valmistetuilla lattioilla.<\/p>\n<p>Materiaali: PVC (100% uusiomateriaali), SPC (70% kiviainesta)<\/p>\n<p>Koko: 22,8 x 121,9 cm<\/p>\n<p>Paksuus: 5,0 mm<\/p>\n<p>Kulutuskerros: 0,55 mm<\/p>\n<p>Kulutuskerros: 0,55 mm<\/p>\n<p>Mikroviiste: Kyll\u00e4<\/p>\n<p>K\u00e4ytt\u00f6luokka: 33<\/p>\n<p>Ponttirakenne: i4F drop lock<\/p>\n<p>Askel\u00e4\u00e4nieriste: IXPE 1,0 mm<\/p>\n","protected":false},"excerpt":{"rendered":"<p>myyd\u00e4\u00e4n t\u00e4ysin pakkauksin 2,23m2\/pkt<\/p>\n","protected":false},"featured_media":16013,"comment_status":"closed","ping_status":"closed","template":"","meta":[],"product_brand":[],"product_cat":[245,359],"product_tag":[],"class_list":{"0":"post-16012","1":"product","2":"type-product","3":"status-publish","4":"has-post-thumbnail","6":"product_cat-sisustuslevyt","7":"product_cat-vinyylilankut","9":"first","10":"instock","11":"taxable","12":"shipping-taxable","13":"purchasable","14":"product-type-simple"},"_links":{"self":[{"href":"https:\/\/www.ksttukku.fi\/kauppa\/wp-json\/wp\/v2\/product\/16012","targetHints":{"allow":["GET"]}}],"collection":[{"href":"https:\/\/www.ksttukku.fi\/kauppa\/wp-json\/wp\/v2\/product"}],"about":[{"href":"https:\/\/www.ksttukku.fi\/kauppa\/wp-json\/wp\/v2\/types\/product"}],"replies":[{"embeddable":true,"href":"https:\/\/www.ksttukku.fi\/kauppa\/wp-json\/wp\/v2\/comments?post=16012"}],"wp:featuredmedia":[{"embeddable":true,"href":"https:\/\/www.ksttukku.fi\/kauppa\/wp-json\/wp\/v2\/media\/16013"}],"wp:attachment":[{"href":"https:\/\/www.ksttukku.fi\/kauppa\/wp-json\/wp\/v2\/media?parent=16012"}],"wp:term":[{"taxonomy":"product_brand","embeddable":true,"href":"https:\/\/www.ksttukku.fi\/kauppa\/wp-json\/wp\/v2\/product_brand?post=16012"},{"taxonomy":"product_cat","embeddable":true,"href":"https:\/\/www.ksttukku.fi\/kauppa\/wp-json\/wp\/v2\/product_cat?post=16012"},{"taxonomy":"product_tag","embeddable":true,"href":"https:\/\/www.ksttukku.fi\/kauppa\/wp-json\/wp\/v2\/product_tag?post=16012"}],"curies":[{"name":"wp","href":"https:\/\/api.w.org\/{rel}","templated":true}]}}