{"id":16018,"date":"2024-08-16T15:58:28","date_gmt":"2024-08-16T12:58:28","guid":{"rendered":"https:\/\/www.ksttukku.fi\/kauppa\/?post_type=product&#038;p=16018"},"modified":"2025-08-28T12:19:34","modified_gmt":"2025-08-28T09:19:34","slug":"otsalamppu-ladattava-2000lm","status":"publish","type":"product","link":"https:\/\/www.ksttukku.fi\/kauppa\/tuote\/otsalamppu-ladattava-2000lm\/","title":{"rendered":"Otsalamppu ladattava 2000 lm"},"content":{"rendered":"<p>Tehokas 2000 lm:n ladattava alumiiniotsalamppu valaisee jopa 250 metriin asti s\u00e4\u00e4dett\u00e4v\u00e4ll\u00e4 valokeilalla.<\/p>\n<p>Valo toimii yhdell\u00e4 5-6 tunnin latauksella 4 tuntia.<\/p>\n<p>Micro-USB-latauskaapeli mukana pakkauksessa.<\/p>\n<p>Virtal\u00e4hteen\u00e4 kaksi 18650 Litium-akkua<\/p>\n","protected":false},"excerpt":{"rendered":"<p>Tehokas 2000 lm:n ladattava alumiiniotsalamppu valaisee jopa 250 metriin asti s\u00e4\u00e4dett\u00e4v\u00e4ll\u00e4 valokeilalla. Valo toimii yhdell\u00e4 5-6 tunnin latauksella 4 tuntia. Micro-USB-latauskaapeli mukana pakkauksessa. Virtal\u00e4hteen\u00e4 kaksi 18650 Litium-akkua<\/p>\n","protected":false},"featured_media":16019,"comment_status":"closed","ping_status":"closed","template":"","meta":[],"product_brand":[],"product_cat":[311,309,34],"product_tag":[],"class_list":{"0":"post-16018","1":"product","2":"type-product","3":"status-publish","4":"has-post-thumbnail","6":"product_cat-otsavalot","7":"product_cat-paristovalaisimet","8":"product_cat-valaisimet","10":"first","11":"outofstock","12":"taxable","13":"shipping-taxable","14":"purchasable","15":"product-type-simple"},"_links":{"self":[{"href":"https:\/\/www.ksttukku.fi\/kauppa\/wp-json\/wp\/v2\/product\/16018","targetHints":{"allow":["GET"]}}],"collection":[{"href":"https:\/\/www.ksttukku.fi\/kauppa\/wp-json\/wp\/v2\/product"}],"about":[{"href":"https:\/\/www.ksttukku.fi\/kauppa\/wp-json\/wp\/v2\/types\/product"}],"replies":[{"embeddable":true,"href":"https:\/\/www.ksttukku.fi\/kauppa\/wp-json\/wp\/v2\/comments?post=16018"}],"wp:featuredmedia":[{"embeddable":true,"href":"https:\/\/www.ksttukku.fi\/kauppa\/wp-json\/wp\/v2\/media\/16019"}],"wp:attachment":[{"href":"https:\/\/www.ksttukku.fi\/kauppa\/wp-json\/wp\/v2\/media?parent=16018"}],"wp:term":[{"taxonomy":"product_brand","embeddable":true,"href":"https:\/\/www.ksttukku.fi\/kauppa\/wp-json\/wp\/v2\/product_brand?post=16018"},{"taxonomy":"product_cat","embeddable":true,"href":"https:\/\/www.ksttukku.fi\/kauppa\/wp-json\/wp\/v2\/product_cat?post=16018"},{"taxonomy":"product_tag","embeddable":true,"href":"https:\/\/www.ksttukku.fi\/kauppa\/wp-json\/wp\/v2\/product_tag?post=16018"}],"curies":[{"name":"wp","href":"https:\/\/api.w.org\/{rel}","templated":true}]}}