{"id":16022,"date":"2024-08-16T17:40:41","date_gmt":"2024-08-16T14:40:41","guid":{"rendered":"https:\/\/www.ksttukku.fi\/kauppa\/?post_type=product&#038;p=16022"},"modified":"2024-08-16T17:40:41","modified_gmt":"2024-08-16T14:40:41","slug":"berg-otsalamppu-3w-cob-led-250lm","status":"publish","type":"product","link":"https:\/\/www.ksttukku.fi\/kauppa\/tuote\/berg-otsalamppu-3w-cob-led-250lm\/","title":{"rendered":"Berg Otsalamppu 3W COB LED 250lm"},"content":{"rendered":"<p>Laadukas ja tehokas 3W LED-otsavalo ymp\u00e4rivuotiseen ulkoiluun sek\u00e4 ty\u00f6valoksi. Kevyen otsavalon ansiosta pime\u00e4ss\u00e4 on helppo liikkua k\u00e4det vapaina. Monta toimintoa: XPE 100% &#8211; XPE 30% &#8211; COB kirkas &#8211; COB punainen &#8211; COB punainen vilkku &#8211; POIS. Valovirta 250lm.<\/p>\n<p>Materiaali: ABS-muovi 3 x AAA-paristo (mukana)<\/p>\n","protected":false},"excerpt":{"rendered":"<p>Laadukas ja tehokas 3W LED-otsavalo ymp\u00e4rivuotiseen ulkoiluun sek\u00e4 ty\u00f6valoksi. Kevyen otsavalon ansiosta pime\u00e4ss\u00e4 on helppo liikkua k\u00e4det vapaina. Monta toimintoa: XPE 100% &#8211; XPE 30% &#8211; COB kirkas &#8211; COB punainen &#8211; COB punainen vilkku &#8211; POIS. Valovirta 250lm. Materiaali: ABS-muovi 3 x AAA-paristo (mukana)<\/p>\n","protected":false},"featured_media":16023,"comment_status":"closed","ping_status":"closed","template":"","meta":[],"product_brand":[],"product_cat":[311,309,57,34],"product_tag":[],"class_list":{"0":"post-16022","1":"product","2":"type-product","3":"status-publish","4":"has-post-thumbnail","6":"product_cat-otsavalot","7":"product_cat-paristovalaisimet","8":"product_cat-retkeily","9":"product_cat-valaisimet","11":"first","12":"instock","13":"taxable","14":"shipping-taxable","15":"purchasable","16":"product-type-simple"},"_links":{"self":[{"href":"https:\/\/www.ksttukku.fi\/kauppa\/wp-json\/wp\/v2\/product\/16022","targetHints":{"allow":["GET"]}}],"collection":[{"href":"https:\/\/www.ksttukku.fi\/kauppa\/wp-json\/wp\/v2\/product"}],"about":[{"href":"https:\/\/www.ksttukku.fi\/kauppa\/wp-json\/wp\/v2\/types\/product"}],"replies":[{"embeddable":true,"href":"https:\/\/www.ksttukku.fi\/kauppa\/wp-json\/wp\/v2\/comments?post=16022"}],"wp:featuredmedia":[{"embeddable":true,"href":"https:\/\/www.ksttukku.fi\/kauppa\/wp-json\/wp\/v2\/media\/16023"}],"wp:attachment":[{"href":"https:\/\/www.ksttukku.fi\/kauppa\/wp-json\/wp\/v2\/media?parent=16022"}],"wp:term":[{"taxonomy":"product_brand","embeddable":true,"href":"https:\/\/www.ksttukku.fi\/kauppa\/wp-json\/wp\/v2\/product_brand?post=16022"},{"taxonomy":"product_cat","embeddable":true,"href":"https:\/\/www.ksttukku.fi\/kauppa\/wp-json\/wp\/v2\/product_cat?post=16022"},{"taxonomy":"product_tag","embeddable":true,"href":"https:\/\/www.ksttukku.fi\/kauppa\/wp-json\/wp\/v2\/product_tag?post=16022"}],"curies":[{"name":"wp","href":"https:\/\/api.w.org\/{rel}","templated":true}]}}