{"id":16025,"date":"2024-08-17T11:12:50","date_gmt":"2024-08-17T08:12:50","guid":{"rendered":"https:\/\/www.ksttukku.fi\/kauppa\/?post_type=product&#038;p=16025"},"modified":"2024-08-17T11:12:50","modified_gmt":"2024-08-17T08:12:50","slug":"airam-hugo-polkupyoran-etuvalo","status":"publish","type":"product","link":"https:\/\/www.ksttukku.fi\/kauppa\/tuote\/airam-hugo-polkupyoran-etuvalo\/","title":{"rendered":"Airam Hugo polkupy\u00f6r\u00e4n etuvalo"},"content":{"rendered":"<p>Py\u00f6r\u00e4n etuvalo\u00a0 LED 5W 250LM,<\/p>\n<p>Led Valo 100%, 50%, off.<br \/>\nMateriaali:\u00a0 alumiiniseosta<\/p>\n<p>Paristo: 3 x AAA ( ei sis\u00e4lly)<\/p>\n<p>K\u00e4yt\u00e4nn\u00f6llinen pikakiinnitys<\/p>\n","protected":false},"excerpt":{"rendered":"<p>Py\u00f6r\u00e4n etuvalo\u00a0 LED 5W 250LM, Led Valo 100%, 50%, off. Materiaali:\u00a0 alumiiniseosta Paristo: 3 x AAA ( ei sis\u00e4lly) K\u00e4yt\u00e4nn\u00f6llinen pikakiinnitys<\/p>\n","protected":false},"featured_media":16026,"comment_status":"closed","ping_status":"closed","template":"","meta":[],"product_brand":[],"product_cat":[310,309,313,34],"product_tag":[],"class_list":{"0":"post-16025","1":"product","2":"type-product","3":"status-publish","4":"has-post-thumbnail","6":"product_cat-kasivalaisimet","7":"product_cat-paristovalaisimet","8":"product_cat-polkupyoranvalot","9":"product_cat-valaisimet","11":"first","12":"instock","13":"taxable","14":"shipping-taxable","15":"purchasable","16":"product-type-simple"},"_links":{"self":[{"href":"https:\/\/www.ksttukku.fi\/kauppa\/wp-json\/wp\/v2\/product\/16025","targetHints":{"allow":["GET"]}}],"collection":[{"href":"https:\/\/www.ksttukku.fi\/kauppa\/wp-json\/wp\/v2\/product"}],"about":[{"href":"https:\/\/www.ksttukku.fi\/kauppa\/wp-json\/wp\/v2\/types\/product"}],"replies":[{"embeddable":true,"href":"https:\/\/www.ksttukku.fi\/kauppa\/wp-json\/wp\/v2\/comments?post=16025"}],"wp:featuredmedia":[{"embeddable":true,"href":"https:\/\/www.ksttukku.fi\/kauppa\/wp-json\/wp\/v2\/media\/16026"}],"wp:attachment":[{"href":"https:\/\/www.ksttukku.fi\/kauppa\/wp-json\/wp\/v2\/media?parent=16025"}],"wp:term":[{"taxonomy":"product_brand","embeddable":true,"href":"https:\/\/www.ksttukku.fi\/kauppa\/wp-json\/wp\/v2\/product_brand?post=16025"},{"taxonomy":"product_cat","embeddable":true,"href":"https:\/\/www.ksttukku.fi\/kauppa\/wp-json\/wp\/v2\/product_cat?post=16025"},{"taxonomy":"product_tag","embeddable":true,"href":"https:\/\/www.ksttukku.fi\/kauppa\/wp-json\/wp\/v2\/product_tag?post=16025"}],"curies":[{"name":"wp","href":"https:\/\/api.w.org\/{rel}","templated":true}]}}