{"id":16027,"date":"2024-08-17T12:38:09","date_gmt":"2024-08-17T09:38:09","guid":{"rendered":"https:\/\/www.ksttukku.fi\/kauppa\/?post_type=product&#038;p=16027"},"modified":"2024-08-17T12:38:09","modified_gmt":"2024-08-17T09:38:09","slug":"airam-pyoran-etuvalo-usb","status":"publish","type":"product","link":"https:\/\/www.ksttukku.fi\/kauppa\/tuote\/airam-pyoran-etuvalo-usb\/","title":{"rendered":"Airam Py\u00f6r\u00e4n etuvalo USB"},"content":{"rendered":"<p>USB-ladattava polkupy\u00f6r\u00e4n etuvalo. Roiskesuojattu USB-latausaukko valon takaosassa. Latausaika on n. kolme tuntia, latausjohto mukana pakkauksessa. Yhdell\u00e4 latauksella ja 100 % teholla valo palaa kolme tuntia, 50 % teholla kuusi tuntia, vilkkuominaisuudella jopa kahdeksan tuntia. Eri valotoiminnot toimivat portaittain on\/off-kytkimest\u00e4. Pikakiinnityksen avulla tuote on helppo kiinnitt\u00e4\u00e4 ja nopea irrottaa.<\/p>\n","protected":false},"excerpt":{"rendered":"<p>USB-ladattava polkupy\u00f6r\u00e4n etuvalo. Roiskesuojattu USB-latausaukko valon takaosassa. Latausaika on n. kolme tuntia, latausjohto mukana pakkauksessa. Yhdell\u00e4 latauksella ja 100 % teholla valo palaa kolme tuntia, 50 % teholla kuusi tuntia, vilkkuominaisuudella jopa kahdeksan tuntia. Eri valotoiminnot toimivat portaittain on\/off-kytkimest\u00e4. Pikakiinnityksen avulla tuote on helppo kiinnitt\u00e4\u00e4 ja nopea irrottaa.<\/p>\n","protected":false},"featured_media":16028,"comment_status":"closed","ping_status":"closed","template":"","meta":[],"product_brand":[],"product_cat":[309,313,34],"product_tag":[],"class_list":{"0":"post-16027","1":"product","2":"type-product","3":"status-publish","4":"has-post-thumbnail","6":"product_cat-paristovalaisimet","7":"product_cat-polkupyoranvalot","8":"product_cat-valaisimet","10":"first","11":"instock","12":"taxable","13":"shipping-taxable","14":"purchasable","15":"product-type-simple"},"_links":{"self":[{"href":"https:\/\/www.ksttukku.fi\/kauppa\/wp-json\/wp\/v2\/product\/16027","targetHints":{"allow":["GET"]}}],"collection":[{"href":"https:\/\/www.ksttukku.fi\/kauppa\/wp-json\/wp\/v2\/product"}],"about":[{"href":"https:\/\/www.ksttukku.fi\/kauppa\/wp-json\/wp\/v2\/types\/product"}],"replies":[{"embeddable":true,"href":"https:\/\/www.ksttukku.fi\/kauppa\/wp-json\/wp\/v2\/comments?post=16027"}],"wp:featuredmedia":[{"embeddable":true,"href":"https:\/\/www.ksttukku.fi\/kauppa\/wp-json\/wp\/v2\/media\/16028"}],"wp:attachment":[{"href":"https:\/\/www.ksttukku.fi\/kauppa\/wp-json\/wp\/v2\/media?parent=16027"}],"wp:term":[{"taxonomy":"product_brand","embeddable":true,"href":"https:\/\/www.ksttukku.fi\/kauppa\/wp-json\/wp\/v2\/product_brand?post=16027"},{"taxonomy":"product_cat","embeddable":true,"href":"https:\/\/www.ksttukku.fi\/kauppa\/wp-json\/wp\/v2\/product_cat?post=16027"},{"taxonomy":"product_tag","embeddable":true,"href":"https:\/\/www.ksttukku.fi\/kauppa\/wp-json\/wp\/v2\/product_tag?post=16027"}],"curies":[{"name":"wp","href":"https:\/\/api.w.org\/{rel}","templated":true}]}}