{"id":16039,"date":"2024-08-21T11:26:38","date_gmt":"2024-08-21T08:26:38","guid":{"rendered":"https:\/\/www.ksttukku.fi\/kauppa\/?post_type=product&#038;p=16039"},"modified":"2024-08-21T11:26:38","modified_gmt":"2024-08-21T08:26:38","slug":"talolyhty-copenhagen-beige-155-cm","status":"publish","type":"product","link":"https:\/\/www.ksttukku.fi\/kauppa\/tuote\/talolyhty-copenhagen-beige-155-cm\/","title":{"rendered":"Talolyhty Copenhagen beige 15,5 cm"},"content":{"rendered":"<p>Hurmaavat keraamiset talon muotoiset lyhdyt n\u00e4ytt\u00e4v\u00e4t kauniilta niin yksin kuin useamman kappaleen asetelmassa.<\/p>\n<p>Rakenna oma lyhtykyl\u00e4si ja ihaile ikkunoista loistavaa valoa.<\/p>\n<p>Soveltuu kynttil\u00f6ille, LED-kynttil\u00f6ille ja paristok\u00e4ytt\u00f6isille koristevaloille.<\/p>\n","protected":false},"excerpt":{"rendered":"<p>Hurmaavat keraamiset talon muotoiset lyhdyt n\u00e4ytt\u00e4v\u00e4t kauniilta niin yksin kuin useamman kappaleen asetelmassa. Rakenna oma lyhtykyl\u00e4si ja ihaile ikkunoista loistavaa valoa. Soveltuu kynttil\u00f6ille, LED-kynttil\u00f6ille ja paristok\u00e4ytt\u00f6isille koristevaloille.<\/p>\n","protected":false},"featured_media":16040,"comment_status":"closed","ping_status":"closed","template":"","meta":[],"product_brand":[],"product_cat":[491,484,377],"product_tag":[],"class_list":{"0":"post-16039","1":"product","2":"type-product","3":"status-publish","4":"has-post-thumbnail","6":"product_cat-kodin-sisustustuotteet","7":"product_cat-lyhdyt","8":"product_cat-sisustus-lahjatavarat","10":"first","11":"instock","12":"taxable","13":"shipping-taxable","14":"purchasable","15":"product-type-simple"},"_links":{"self":[{"href":"https:\/\/www.ksttukku.fi\/kauppa\/wp-json\/wp\/v2\/product\/16039","targetHints":{"allow":["GET"]}}],"collection":[{"href":"https:\/\/www.ksttukku.fi\/kauppa\/wp-json\/wp\/v2\/product"}],"about":[{"href":"https:\/\/www.ksttukku.fi\/kauppa\/wp-json\/wp\/v2\/types\/product"}],"replies":[{"embeddable":true,"href":"https:\/\/www.ksttukku.fi\/kauppa\/wp-json\/wp\/v2\/comments?post=16039"}],"wp:featuredmedia":[{"embeddable":true,"href":"https:\/\/www.ksttukku.fi\/kauppa\/wp-json\/wp\/v2\/media\/16040"}],"wp:attachment":[{"href":"https:\/\/www.ksttukku.fi\/kauppa\/wp-json\/wp\/v2\/media?parent=16039"}],"wp:term":[{"taxonomy":"product_brand","embeddable":true,"href":"https:\/\/www.ksttukku.fi\/kauppa\/wp-json\/wp\/v2\/product_brand?post=16039"},{"taxonomy":"product_cat","embeddable":true,"href":"https:\/\/www.ksttukku.fi\/kauppa\/wp-json\/wp\/v2\/product_cat?post=16039"},{"taxonomy":"product_tag","embeddable":true,"href":"https:\/\/www.ksttukku.fi\/kauppa\/wp-json\/wp\/v2\/product_tag?post=16039"}],"curies":[{"name":"wp","href":"https:\/\/api.w.org\/{rel}","templated":true}]}}