{"id":16041,"date":"2024-08-21T12:06:02","date_gmt":"2024-08-21T09:06:02","guid":{"rendered":"https:\/\/www.ksttukku.fi\/kauppa\/?post_type=product&#038;p=16041"},"modified":"2024-08-21T12:06:03","modified_gmt":"2024-08-21T09:06:03","slug":"koriste-kuusi-155-cm-matta-valkoinen","status":"publish","type":"product","link":"https:\/\/www.ksttukku.fi\/kauppa\/tuote\/koriste-kuusi-155-cm-matta-valkoinen\/","title":{"rendered":"Koriste Kuusi 15,5 cm matta valkoinen"},"content":{"rendered":"<p>Luo joulutunnelma kotiisi kauniilla p\u00f6yt\u00e4koristeilla.<\/p>\n<p>Tyylik\u00e4s posliinista valmistettu p\u00f6yt\u00e4koriste on juhlava lis\u00e4 joulup\u00f6yt\u00e4\u00e4n.<\/p>\n","protected":false},"excerpt":{"rendered":"<p>Luo joulutunnelma kotiisi kauniilla p\u00f6yt\u00e4koristeilla. Tyylik\u00e4s posliinista valmistettu p\u00f6yt\u00e4koriste on juhlava lis\u00e4 joulup\u00f6yt\u00e4\u00e4n.<\/p>\n","protected":false},"featured_media":16042,"comment_status":"closed","ping_status":"closed","template":"","meta":[],"product_brand":[],"product_cat":[491,377],"product_tag":[],"class_list":{"0":"post-16041","1":"product","2":"type-product","3":"status-publish","4":"has-post-thumbnail","6":"product_cat-kodin-sisustustuotteet","7":"product_cat-sisustus-lahjatavarat","9":"first","10":"instock","11":"taxable","12":"shipping-taxable","13":"purchasable","14":"product-type-simple"},"_links":{"self":[{"href":"https:\/\/www.ksttukku.fi\/kauppa\/wp-json\/wp\/v2\/product\/16041","targetHints":{"allow":["GET"]}}],"collection":[{"href":"https:\/\/www.ksttukku.fi\/kauppa\/wp-json\/wp\/v2\/product"}],"about":[{"href":"https:\/\/www.ksttukku.fi\/kauppa\/wp-json\/wp\/v2\/types\/product"}],"replies":[{"embeddable":true,"href":"https:\/\/www.ksttukku.fi\/kauppa\/wp-json\/wp\/v2\/comments?post=16041"}],"wp:featuredmedia":[{"embeddable":true,"href":"https:\/\/www.ksttukku.fi\/kauppa\/wp-json\/wp\/v2\/media\/16042"}],"wp:attachment":[{"href":"https:\/\/www.ksttukku.fi\/kauppa\/wp-json\/wp\/v2\/media?parent=16041"}],"wp:term":[{"taxonomy":"product_brand","embeddable":true,"href":"https:\/\/www.ksttukku.fi\/kauppa\/wp-json\/wp\/v2\/product_brand?post=16041"},{"taxonomy":"product_cat","embeddable":true,"href":"https:\/\/www.ksttukku.fi\/kauppa\/wp-json\/wp\/v2\/product_cat?post=16041"},{"taxonomy":"product_tag","embeddable":true,"href":"https:\/\/www.ksttukku.fi\/kauppa\/wp-json\/wp\/v2\/product_tag?post=16041"}],"curies":[{"name":"wp","href":"https:\/\/api.w.org\/{rel}","templated":true}]}}