{"id":16081,"date":"2024-08-27T13:50:15","date_gmt":"2024-08-27T10:50:15","guid":{"rendered":"https:\/\/www.ksttukku.fi\/kauppa\/?post_type=product&#038;p=16081"},"modified":"2024-08-27T13:56:43","modified_gmt":"2024-08-27T10:56:43","slug":"lehtikuvioinen-matto-pyorea-133-cm-harmaa","status":"publish","type":"product","link":"https:\/\/www.ksttukku.fi\/kauppa\/tuote\/lehtikuvioinen-matto-pyorea-133-cm-harmaa\/","title":{"rendered":"Lehtikuvioinen matto  py\u00f6re\u00e4 133 cm harmaa"},"content":{"rendered":"<p>Maton silmukkanukka on kest\u00e4v\u00e4\u00e4 polyamidia, liukuestepohjaus pit\u00e4\u00e4 maton hyvin paikallaan. Helppohoitoinen HESTIA\u00ae Lehti -matto on vesipest\u00e4v\u00e4 .<\/p>\n<p>Uutuuskuosin on suunnitellut Liina Blom.<\/p>\n<p>Materiaali: \u00a0 \u00a0100% Polyamidi<br \/>\nPohja: \u00a0 \u00a0 \u00a0 \u00a0 \u00a0 \u00a0 \u00a0Liukuestepohjaus lateksi<br \/>\n\u200b<br \/>\nSuositellaan laakavesipesua 30 asteessa<\/p>\n","protected":false},"excerpt":{"rendered":"<p>Maton silmukkanukka on kest\u00e4v\u00e4\u00e4 polyamidia, liukuestepohjaus pit\u00e4\u00e4 maton hyvin paikallaan. Helppohoitoinen HESTIA\u00ae Lehti -matto on vesipest\u00e4v\u00e4 . Uutuuskuosin on suunnitellut Liina Blom. Materiaali: \u00a0 \u00a0100% Polyamidi Pohja: \u00a0 \u00a0 \u00a0 \u00a0 \u00a0 \u00a0 \u00a0Liukuestepohjaus lateksi \u200b Suositellaan laakavesipesua 30 asteessa<\/p>\n","protected":false},"featured_media":16082,"comment_status":"closed","ping_status":"closed","template":"","meta":[],"product_brand":[],"product_cat":[23,22],"product_tag":[],"class_list":{"0":"post-16081","1":"product","2":"type-product","3":"status-publish","4":"has-post-thumbnail","6":"product_cat-kaytava-ja-yleismatot","7":"product_cat-matot","9":"first","10":"instock","11":"taxable","12":"shipping-taxable","13":"purchasable","14":"product-type-simple"},"_links":{"self":[{"href":"https:\/\/www.ksttukku.fi\/kauppa\/wp-json\/wp\/v2\/product\/16081","targetHints":{"allow":["GET"]}}],"collection":[{"href":"https:\/\/www.ksttukku.fi\/kauppa\/wp-json\/wp\/v2\/product"}],"about":[{"href":"https:\/\/www.ksttukku.fi\/kauppa\/wp-json\/wp\/v2\/types\/product"}],"replies":[{"embeddable":true,"href":"https:\/\/www.ksttukku.fi\/kauppa\/wp-json\/wp\/v2\/comments?post=16081"}],"wp:featuredmedia":[{"embeddable":true,"href":"https:\/\/www.ksttukku.fi\/kauppa\/wp-json\/wp\/v2\/media\/16082"}],"wp:attachment":[{"href":"https:\/\/www.ksttukku.fi\/kauppa\/wp-json\/wp\/v2\/media?parent=16081"}],"wp:term":[{"taxonomy":"product_brand","embeddable":true,"href":"https:\/\/www.ksttukku.fi\/kauppa\/wp-json\/wp\/v2\/product_brand?post=16081"},{"taxonomy":"product_cat","embeddable":true,"href":"https:\/\/www.ksttukku.fi\/kauppa\/wp-json\/wp\/v2\/product_cat?post=16081"},{"taxonomy":"product_tag","embeddable":true,"href":"https:\/\/www.ksttukku.fi\/kauppa\/wp-json\/wp\/v2\/product_tag?post=16081"}],"curies":[{"name":"wp","href":"https:\/\/api.w.org\/{rel}","templated":true}]}}