{"id":16085,"date":"2024-08-27T14:06:41","date_gmt":"2024-08-27T11:06:41","guid":{"rendered":"https:\/\/www.ksttukku.fi\/kauppa\/?post_type=product&#038;p=16085"},"modified":"2024-08-27T14:06:41","modified_gmt":"2024-08-27T11:06:41","slug":"hestia-melissa-matto-punainen-pyorea-133-cm","status":"publish","type":"product","link":"https:\/\/www.ksttukku.fi\/kauppa\/tuote\/hestia-melissa-matto-punainen-pyorea-133-cm\/","title":{"rendered":"Hestia Melissa-matto punainen py\u00f6re\u00e4 133 cm"},"content":{"rendered":"<p>Helppohoitoinen HESTIA\u00ae Melissa -yleismatto sopii moneen tilaan. Uutuuskuosin on suunnitellut Liina Blom.<\/p>\n<p>Maton silmukkanukka on kest\u00e4v\u00e4\u00e4 polyamidia, liukuestepohjaus pit\u00e4\u00e4 maton hyvin paikallaan.<\/p>\n<p>Materiaali: 100% Polyamidi<br \/>\nPohja: liukuestepohjaus lateksi<br \/>\n\u200b<br \/>\nSuos. laakavesipesua 30 asteessa<\/p>\n","protected":false},"excerpt":{"rendered":"<p>Helppohoitoinen HESTIA\u00ae Melissa -yleismatto sopii moneen tilaan. Uutuuskuosin on suunnitellut Liina Blom. Maton silmukkanukka on kest\u00e4v\u00e4\u00e4 polyamidia, liukuestepohjaus pit\u00e4\u00e4 maton hyvin paikallaan. Materiaali: 100% Polyamidi Pohja: liukuestepohjaus lateksi \u200b Suos. laakavesipesua 30 asteessa<\/p>\n","protected":false},"featured_media":16086,"comment_status":"closed","ping_status":"closed","template":"","meta":[],"product_brand":[],"product_cat":[23,22],"product_tag":[],"class_list":{"0":"post-16085","1":"product","2":"type-product","3":"status-publish","4":"has-post-thumbnail","6":"product_cat-kaytava-ja-yleismatot","7":"product_cat-matot","9":"first","10":"instock","11":"taxable","12":"shipping-taxable","13":"purchasable","14":"product-type-simple"},"_links":{"self":[{"href":"https:\/\/www.ksttukku.fi\/kauppa\/wp-json\/wp\/v2\/product\/16085","targetHints":{"allow":["GET"]}}],"collection":[{"href":"https:\/\/www.ksttukku.fi\/kauppa\/wp-json\/wp\/v2\/product"}],"about":[{"href":"https:\/\/www.ksttukku.fi\/kauppa\/wp-json\/wp\/v2\/types\/product"}],"replies":[{"embeddable":true,"href":"https:\/\/www.ksttukku.fi\/kauppa\/wp-json\/wp\/v2\/comments?post=16085"}],"wp:featuredmedia":[{"embeddable":true,"href":"https:\/\/www.ksttukku.fi\/kauppa\/wp-json\/wp\/v2\/media\/16086"}],"wp:attachment":[{"href":"https:\/\/www.ksttukku.fi\/kauppa\/wp-json\/wp\/v2\/media?parent=16085"}],"wp:term":[{"taxonomy":"product_brand","embeddable":true,"href":"https:\/\/www.ksttukku.fi\/kauppa\/wp-json\/wp\/v2\/product_brand?post=16085"},{"taxonomy":"product_cat","embeddable":true,"href":"https:\/\/www.ksttukku.fi\/kauppa\/wp-json\/wp\/v2\/product_cat?post=16085"},{"taxonomy":"product_tag","embeddable":true,"href":"https:\/\/www.ksttukku.fi\/kauppa\/wp-json\/wp\/v2\/product_tag?post=16085"}],"curies":[{"name":"wp","href":"https:\/\/api.w.org\/{rel}","templated":true}]}}