{"id":16145,"date":"2024-08-27T17:25:30","date_gmt":"2024-08-27T14:25:30","guid":{"rendered":"https:\/\/www.ksttukku.fi\/kauppa\/?post_type=product&#038;p=16145"},"modified":"2026-01-27T12:09:38","modified_gmt":"2026-01-27T10:09:38","slug":"aada-matto-antrasiitti-2","status":"publish","type":"product","link":"https:\/\/www.ksttukku.fi\/kauppa\/tuote\/aada-matto-antrasiitti-2\/","title":{"rendered":"Aada matto antrasiitti"},"content":{"rendered":"<p>Materiaali: 100% Polyamidi<br \/>\nPohja: Erikoisliukuestepohjaus (ei sis\u00e4ll\u00e4 lateksia)<\/p>\n<p>Helppohoitoinen HESTIA\u00ae Aada -yleismatto sopii moneen tilaan. Maton silmukkanukka on kest\u00e4v\u00e4\u00e4 polyamidia,<br \/>\nliukuestepohjaus pit\u00e4\u00e4 maton hyvin paikallaan. Helppohoitoinen Aada -matto on kevyt k\u00e4sitell\u00e4 ja se voidaan<br \/>\npest\u00e4 30 asteessa.<\/p>\n<p>Matto soveltuu k\u00e4ytett\u00e4v\u00e4ksi lattial\u00e4mmityksen kanssa.<\/p>\n<p>Hoito: Vesipesu 30 astetta<\/p>\n","protected":false},"excerpt":{"rendered":"<p>Materiaali: 100% Polyamidi Pohja: Erikoisliukuestepohjaus (ei sis\u00e4ll\u00e4 lateksia) Helppohoitoinen HESTIA\u00ae Aada -yleismatto sopii moneen tilaan. Maton silmukkanukka on kest\u00e4v\u00e4\u00e4 polyamidia, liukuestepohjaus pit\u00e4\u00e4 maton hyvin paikallaan. Helppohoitoinen Aada -matto on kevyt k\u00e4sitell\u00e4 ja se voidaan pest\u00e4 30 asteessa. Matto soveltuu k\u00e4ytett\u00e4v\u00e4ksi lattial\u00e4mmityksen kanssa. Hoito: Vesipesu 30 astetta<\/p>\n","protected":false},"featured_media":16156,"comment_status":"closed","ping_status":"closed","template":"","meta":[],"product_brand":[],"product_cat":[23,22],"product_tag":[],"class_list":{"0":"post-16145","1":"product","2":"type-product","3":"status-publish","4":"has-post-thumbnail","6":"product_cat-kaytava-ja-yleismatot","7":"product_cat-matot","9":"first","10":"instock","11":"taxable","12":"shipping-taxable","13":"purchasable","14":"product-type-variable"},"_links":{"self":[{"href":"https:\/\/www.ksttukku.fi\/kauppa\/wp-json\/wp\/v2\/product\/16145","targetHints":{"allow":["GET"]}}],"collection":[{"href":"https:\/\/www.ksttukku.fi\/kauppa\/wp-json\/wp\/v2\/product"}],"about":[{"href":"https:\/\/www.ksttukku.fi\/kauppa\/wp-json\/wp\/v2\/types\/product"}],"replies":[{"embeddable":true,"href":"https:\/\/www.ksttukku.fi\/kauppa\/wp-json\/wp\/v2\/comments?post=16145"}],"wp:featuredmedia":[{"embeddable":true,"href":"https:\/\/www.ksttukku.fi\/kauppa\/wp-json\/wp\/v2\/media\/16156"}],"wp:attachment":[{"href":"https:\/\/www.ksttukku.fi\/kauppa\/wp-json\/wp\/v2\/media?parent=16145"}],"wp:term":[{"taxonomy":"product_brand","embeddable":true,"href":"https:\/\/www.ksttukku.fi\/kauppa\/wp-json\/wp\/v2\/product_brand?post=16145"},{"taxonomy":"product_cat","embeddable":true,"href":"https:\/\/www.ksttukku.fi\/kauppa\/wp-json\/wp\/v2\/product_cat?post=16145"},{"taxonomy":"product_tag","embeddable":true,"href":"https:\/\/www.ksttukku.fi\/kauppa\/wp-json\/wp\/v2\/product_tag?post=16145"}],"curies":[{"name":"wp","href":"https:\/\/api.w.org\/{rel}","templated":true}]}}