{"id":16173,"date":"2024-08-29T14:46:31","date_gmt":"2024-08-29T11:46:31","guid":{"rendered":"https:\/\/www.ksttukku.fi\/kauppa\/?post_type=product&#038;p=16173"},"modified":"2025-11-24T13:03:55","modified_gmt":"2025-11-24T11:03:55","slug":"sienna-kumipohjainen-matto-80-cm-musta-harmaa","status":"publish","type":"product","link":"https:\/\/www.ksttukku.fi\/kauppa\/tuote\/sienna-kumipohjainen-matto-80-cm-musta-harmaa\/","title":{"rendered":"Sienna kumipohjainen matto 80 cm musta\/harmaa"},"content":{"rendered":"<p>Sienna kumipohjainen matto on helppohoitoinen ja \u00a0sile\u00e4pintainen matto l\u00e4hes kaikkiin kodin tiloihin. Kumipohjainen matto pysyy paikallaan vauhdikkaassakin menossa!<\/p>\n<p>Sienna on tyylik\u00e4s yleismatto keitti\u00f6\u00f6n ja eteistiloihin. Sile\u00e4ksi kudotusta pinnasta tahrat on helppo pyyhki\u00e4 kostealla liinalla, joten matto on helppohoitoinen. N\u00e4ytt\u00e4v\u00e4 graafinen kuvio tuo mattoon ilmett\u00e4. Sile\u00e4pintainen matto sopii hyvin esimerkiksi lapsi- ja lemmikkiperheisiin.<\/p>\n<p>\u00c4l\u00e4 unohda tilata mattojen p\u00e4iden kanttauspalvelua.<\/p>\n","protected":false},"excerpt":{"rendered":"<p>Sienna kumipohjainen matto on helppohoitoinen ja \u00a0sile\u00e4pintainen matto l\u00e4hes kaikkiin kodin tiloihin. Kumipohjainen matto pysyy paikallaan vauhdikkaassakin menossa! Sienna on tyylik\u00e4s yleismatto keitti\u00f6\u00f6n ja eteistiloihin. Sile\u00e4ksi kudotusta pinnasta tahrat on helppo pyyhki\u00e4 kostealla liinalla, joten matto on helppohoitoinen. N\u00e4ytt\u00e4v\u00e4 graafinen kuvio tuo mattoon ilmett\u00e4. Sile\u00e4pintainen matto sopii hyvin esimerkiksi lapsi- ja lemmikkiperheisiin. \u00c4l\u00e4 unohda tilata [&hellip;]<\/p>\n","protected":false},"featured_media":16174,"comment_status":"closed","ping_status":"closed","template":"","meta":[],"product_brand":[],"product_cat":[23,22,516],"product_tag":[],"class_list":{"0":"post-16173","1":"product","2":"type-product","3":"status-publish","4":"has-post-thumbnail","6":"product_cat-kaytava-ja-yleismatot","7":"product_cat-matot","8":"product_cat-sileaksi-kudottu-matto","10":"first","11":"outofstock","12":"taxable","13":"shipping-taxable","14":"purchasable","15":"product-type-simple"},"_links":{"self":[{"href":"https:\/\/www.ksttukku.fi\/kauppa\/wp-json\/wp\/v2\/product\/16173","targetHints":{"allow":["GET"]}}],"collection":[{"href":"https:\/\/www.ksttukku.fi\/kauppa\/wp-json\/wp\/v2\/product"}],"about":[{"href":"https:\/\/www.ksttukku.fi\/kauppa\/wp-json\/wp\/v2\/types\/product"}],"replies":[{"embeddable":true,"href":"https:\/\/www.ksttukku.fi\/kauppa\/wp-json\/wp\/v2\/comments?post=16173"}],"wp:featuredmedia":[{"embeddable":true,"href":"https:\/\/www.ksttukku.fi\/kauppa\/wp-json\/wp\/v2\/media\/16174"}],"wp:attachment":[{"href":"https:\/\/www.ksttukku.fi\/kauppa\/wp-json\/wp\/v2\/media?parent=16173"}],"wp:term":[{"taxonomy":"product_brand","embeddable":true,"href":"https:\/\/www.ksttukku.fi\/kauppa\/wp-json\/wp\/v2\/product_brand?post=16173"},{"taxonomy":"product_cat","embeddable":true,"href":"https:\/\/www.ksttukku.fi\/kauppa\/wp-json\/wp\/v2\/product_cat?post=16173"},{"taxonomy":"product_tag","embeddable":true,"href":"https:\/\/www.ksttukku.fi\/kauppa\/wp-json\/wp\/v2\/product_tag?post=16173"}],"curies":[{"name":"wp","href":"https:\/\/api.w.org\/{rel}","templated":true}]}}