{"id":16189,"date":"2024-08-29T17:42:22","date_gmt":"2024-08-29T14:42:22","guid":{"rendered":"https:\/\/www.ksttukku.fi\/kauppa\/?post_type=product&#038;p=16189"},"modified":"2024-08-29T17:42:22","modified_gmt":"2024-08-29T14:42:22","slug":"tuuli-villamatto-rosa-200-x-290-cm","status":"publish","type":"product","link":"https:\/\/www.ksttukku.fi\/kauppa\/tuote\/tuuli-villamatto-rosa-200-x-290-cm\/","title":{"rendered":"Tuuli villamatto rosa 200 x 290 cm"},"content":{"rendered":"<p>Kaunis kuviollinen sopii erityisen hyvin olohuoneen sohvaryhm\u00e4n yhteyteen. Raikas valkoinen yhdistettyn\u00e4 roosaan, vihre\u00e4\u00e4n ja harmaaseen antaa matolle modernin ja trendikk\u00e4\u00e4n ilmeen. Kokeile mattoa my\u00f6s makuuhuoneeseen. Luonnonmateriaalista valmistettu matto.<\/p>\n<p>Hoitona s\u00e4\u00e4nn\u00f6llinen imurointi ja tuuletus, tarvittaessa vesipesu 30 asteisella vedell\u00e4. K\u00e4yt\u00e4 villalle sopivaa pesuainetta. Kuivata tasossa. Tahroja voi pyyhki\u00e4 kostealla liinalla, tarvittaessa voit k\u00e4ytt\u00e4\u00e4 villalle sopivaa pesuainetta, kuten marseille- tai sappisaippuaa. \u00c4l\u00e4 puistele mattoa maton p\u00e4ist\u00e4. Matosta voi alkuun irrota nukkaa.<\/p>\n","protected":false},"excerpt":{"rendered":"<p>Kaunis kuviollinen sopii erityisen hyvin olohuoneen sohvaryhm\u00e4n yhteyteen. Raikas valkoinen yhdistettyn\u00e4 roosaan, vihre\u00e4\u00e4n ja harmaaseen antaa matolle modernin ja trendikk\u00e4\u00e4n ilmeen. Kokeile mattoa my\u00f6s makuuhuoneeseen. Luonnonmateriaalista valmistettu matto. Hoitona s\u00e4\u00e4nn\u00f6llinen imurointi ja tuuletus, tarvittaessa vesipesu 30 asteisella vedell\u00e4. K\u00e4yt\u00e4 villalle sopivaa pesuainetta. Kuivata tasossa. Tahroja voi pyyhki\u00e4 kostealla liinalla, tarvittaessa voit k\u00e4ytt\u00e4\u00e4 villalle sopivaa pesuainetta, [&hellip;]<\/p>\n","protected":false},"featured_media":16186,"comment_status":"closed","ping_status":"closed","template":"","meta":[],"product_brand":[],"product_cat":[23,22,509],"product_tag":[],"class_list":{"0":"post-16189","1":"product","2":"type-product","3":"status-publish","4":"has-post-thumbnail","6":"product_cat-kaytava-ja-yleismatot","7":"product_cat-matot","8":"product_cat-villamatto","10":"first","11":"instock","12":"taxable","13":"shipping-taxable","14":"purchasable","15":"product-type-simple"},"_links":{"self":[{"href":"https:\/\/www.ksttukku.fi\/kauppa\/wp-json\/wp\/v2\/product\/16189","targetHints":{"allow":["GET"]}}],"collection":[{"href":"https:\/\/www.ksttukku.fi\/kauppa\/wp-json\/wp\/v2\/product"}],"about":[{"href":"https:\/\/www.ksttukku.fi\/kauppa\/wp-json\/wp\/v2\/types\/product"}],"replies":[{"embeddable":true,"href":"https:\/\/www.ksttukku.fi\/kauppa\/wp-json\/wp\/v2\/comments?post=16189"}],"wp:featuredmedia":[{"embeddable":true,"href":"https:\/\/www.ksttukku.fi\/kauppa\/wp-json\/wp\/v2\/media\/16186"}],"wp:attachment":[{"href":"https:\/\/www.ksttukku.fi\/kauppa\/wp-json\/wp\/v2\/media?parent=16189"}],"wp:term":[{"taxonomy":"product_brand","embeddable":true,"href":"https:\/\/www.ksttukku.fi\/kauppa\/wp-json\/wp\/v2\/product_brand?post=16189"},{"taxonomy":"product_cat","embeddable":true,"href":"https:\/\/www.ksttukku.fi\/kauppa\/wp-json\/wp\/v2\/product_cat?post=16189"},{"taxonomy":"product_tag","embeddable":true,"href":"https:\/\/www.ksttukku.fi\/kauppa\/wp-json\/wp\/v2\/product_tag?post=16189"}],"curies":[{"name":"wp","href":"https:\/\/api.w.org\/{rel}","templated":true}]}}