{"id":16199,"date":"2024-08-31T12:02:36","date_gmt":"2024-08-31T09:02:36","guid":{"rendered":"https:\/\/www.ksttukku.fi\/kauppa\/?post_type=product&#038;p=16199"},"modified":"2026-03-03T14:52:58","modified_gmt":"2026-03-03T12:52:58","slug":"luna-nukkamatto-133-x-190-cm","status":"publish","type":"product","link":"https:\/\/www.ksttukku.fi\/kauppa\/tuote\/luna-nukkamatto-133-x-190-cm\/","title":{"rendered":"Luna nukkamatto 133 x 190 cm"},"content":{"rendered":"<p>Pehme\u00e4pintaisessa matossa on kaunis kiilto. Matto soveltuu erinomaisesti olohuoneen sohvaryhm\u00e4n yhteyteen. Pehme\u00e4 matto tuntuu mukavalta jalan alla my\u00f6s makuuhuoneessa. It\u00e4mainen kuosi on klassinen ja se sopii niin moderniin kuin perinteiseenkin sisustukseen. Matossa on rauhallinen v\u00e4ritys ja se on helppo yhdist\u00e4\u00e4 kodin muuhun sisustukseen. Maton pohjav\u00e4ri on vaalea, kaunis beigen s\u00e4vy tuo hennon it\u00e4maisen kuvion pehme\u00e4sti esille.<\/p>\n<p>Imuroi ja tuuleta mattoa s\u00e4\u00e4nn\u00f6llisesti. Tarvittaessa tasopesu 30-asteisella vedell\u00e4. Kuivatus tasossa. Tahroja voi pyyhki\u00e4 kostealla liinalla. K\u00e4\u00e4ntele mattoa s\u00e4\u00e4nn\u00f6llisesti niin se kuluu tasaisemmin.<\/p>\n<p>materiaali:\u00a0 100 % polyesteri, pohjamateriaali sis\u00e4lt\u00e4\u00e4 juuttia ja lateksia<\/p>\n","protected":false},"excerpt":{"rendered":"<p>Pehme\u00e4pintaisessa matossa on kaunis kiilto. Matto soveltuu erinomaisesti olohuoneen sohvaryhm\u00e4n yhteyteen. Pehme\u00e4 matto tuntuu mukavalta jalan alla my\u00f6s makuuhuoneessa. It\u00e4mainen kuosi on klassinen ja se sopii niin moderniin kuin perinteiseenkin sisustukseen. Matossa on rauhallinen v\u00e4ritys ja se on helppo yhdist\u00e4\u00e4 kodin muuhun sisustukseen. Maton pohjav\u00e4ri on vaalea, kaunis beigen s\u00e4vy tuo hennon it\u00e4maisen kuvion pehme\u00e4sti [&hellip;]<\/p>\n","protected":false},"featured_media":16200,"comment_status":"closed","ping_status":"closed","template":"","meta":[],"product_brand":[],"product_cat":[22,27],"product_tag":[],"class_list":{"0":"post-16199","1":"product","2":"type-product","3":"status-publish","4":"has-post-thumbnail","6":"product_cat-matot","7":"product_cat-nukkamatot","9":"first","10":"outofstock","11":"taxable","12":"shipping-taxable","13":"purchasable","14":"product-type-simple"},"_links":{"self":[{"href":"https:\/\/www.ksttukku.fi\/kauppa\/wp-json\/wp\/v2\/product\/16199","targetHints":{"allow":["GET"]}}],"collection":[{"href":"https:\/\/www.ksttukku.fi\/kauppa\/wp-json\/wp\/v2\/product"}],"about":[{"href":"https:\/\/www.ksttukku.fi\/kauppa\/wp-json\/wp\/v2\/types\/product"}],"replies":[{"embeddable":true,"href":"https:\/\/www.ksttukku.fi\/kauppa\/wp-json\/wp\/v2\/comments?post=16199"}],"wp:featuredmedia":[{"embeddable":true,"href":"https:\/\/www.ksttukku.fi\/kauppa\/wp-json\/wp\/v2\/media\/16200"}],"wp:attachment":[{"href":"https:\/\/www.ksttukku.fi\/kauppa\/wp-json\/wp\/v2\/media?parent=16199"}],"wp:term":[{"taxonomy":"product_brand","embeddable":true,"href":"https:\/\/www.ksttukku.fi\/kauppa\/wp-json\/wp\/v2\/product_brand?post=16199"},{"taxonomy":"product_cat","embeddable":true,"href":"https:\/\/www.ksttukku.fi\/kauppa\/wp-json\/wp\/v2\/product_cat?post=16199"},{"taxonomy":"product_tag","embeddable":true,"href":"https:\/\/www.ksttukku.fi\/kauppa\/wp-json\/wp\/v2\/product_tag?post=16199"}],"curies":[{"name":"wp","href":"https:\/\/api.w.org\/{rel}","templated":true}]}}