{"id":16207,"date":"2024-09-02T12:06:14","date_gmt":"2024-09-02T09:06:14","guid":{"rendered":"https:\/\/www.ksttukku.fi\/kauppa\/?post_type=product&#038;p=16207"},"modified":"2024-09-02T12:08:29","modified_gmt":"2024-09-02T09:08:29","slug":"tyopistevalaisin-handy-450-ip21-5w-830c-1x2pr","status":"publish","type":"product","link":"https:\/\/www.ksttukku.fi\/kauppa\/tuote\/tyopistevalaisin-handy-450-ip21-5w-830c-1x2pr\/","title":{"rendered":"TY\u00d6PISTEVALAISIN HANDY 450 IP21 5W\/830C 1X2PR"},"content":{"rendered":"<p>Airam Handy ty\u00f6pistevalaisimet sopivat keitti\u00f6iden ja kodinhoitohuoneiden v\u00e4litilojen valaistukseen. Kaksiosaisella maadoitetulla pistorasialla varustettu\u00a0 malli. Runko on valkoista alumiinia ja kupu matta polykarbonaatti. Handy typistevalaisin eiv\u00e4t ole himmennett\u00e4viss\u00e4.<\/p>\n<p>Voit pinta-asentaa Handyn suoraan tai 45\u00b0 kulmaan.\u00a0 Kaksiosainen maadoitettu pistorasia ja on\/off-kytkin, jolla voit ohjata niit\u00e4 valaisinkohtaisesti.<\/p>\n<p>v\u00e4ril\u00e4mp\u00f6tila: 3000\/4000 K<\/p>\n<p>pituus: 450 mm<\/p>\n<p>leveys: 74 mm<\/p>\n","protected":false},"excerpt":{"rendered":"<p>Airam Handy ty\u00f6pistevalaisimet sopivat keitti\u00f6iden ja kodinhoitohuoneiden v\u00e4litilojen valaistukseen. Kaksiosaisella maadoitetulla pistorasialla varustettu\u00a0 malli. Runko on valkoista alumiinia ja kupu matta polykarbonaatti. Handy typistevalaisin eiv\u00e4t ole himmennett\u00e4viss\u00e4. Voit pinta-asentaa Handyn suoraan tai 45\u00b0 kulmaan.\u00a0 Kaksiosainen maadoitettu pistorasia ja on\/off-kytkin, jolla voit ohjata niit\u00e4 valaisinkohtaisesti. v\u00e4ril\u00e4mp\u00f6tila: 3000\/4000 K pituus: 450 mm leveys: 74 mm<\/p>\n","protected":false},"featured_media":16208,"comment_status":"closed","ping_status":"closed","template":"","meta":[],"product_brand":[],"product_cat":[35,142,34],"product_tag":[],"class_list":{"0":"post-16207","1":"product","2":"type-product","3":"status-publish","4":"has-post-thumbnail","6":"product_cat-sisavalaisimet","7":"product_cat-tyopistevalaisimet","8":"product_cat-valaisimet","10":"first","11":"instock","12":"taxable","13":"shipping-taxable","14":"purchasable","15":"product-type-simple"},"_links":{"self":[{"href":"https:\/\/www.ksttukku.fi\/kauppa\/wp-json\/wp\/v2\/product\/16207","targetHints":{"allow":["GET"]}}],"collection":[{"href":"https:\/\/www.ksttukku.fi\/kauppa\/wp-json\/wp\/v2\/product"}],"about":[{"href":"https:\/\/www.ksttukku.fi\/kauppa\/wp-json\/wp\/v2\/types\/product"}],"replies":[{"embeddable":true,"href":"https:\/\/www.ksttukku.fi\/kauppa\/wp-json\/wp\/v2\/comments?post=16207"}],"wp:featuredmedia":[{"embeddable":true,"href":"https:\/\/www.ksttukku.fi\/kauppa\/wp-json\/wp\/v2\/media\/16208"}],"wp:attachment":[{"href":"https:\/\/www.ksttukku.fi\/kauppa\/wp-json\/wp\/v2\/media?parent=16207"}],"wp:term":[{"taxonomy":"product_brand","embeddable":true,"href":"https:\/\/www.ksttukku.fi\/kauppa\/wp-json\/wp\/v2\/product_brand?post=16207"},{"taxonomy":"product_cat","embeddable":true,"href":"https:\/\/www.ksttukku.fi\/kauppa\/wp-json\/wp\/v2\/product_cat?post=16207"},{"taxonomy":"product_tag","embeddable":true,"href":"https:\/\/www.ksttukku.fi\/kauppa\/wp-json\/wp\/v2\/product_tag?post=16207"}],"curies":[{"name":"wp","href":"https:\/\/api.w.org\/{rel}","templated":true}]}}