{"id":16222,"date":"2024-09-03T16:57:15","date_gmt":"2024-09-03T13:57:15","guid":{"rendered":"https:\/\/www.ksttukku.fi\/kauppa\/?post_type=product&#038;p=16222"},"modified":"2024-09-03T17:07:48","modified_gmt":"2024-09-03T14:07:48","slug":"rio-nukkamatto-80-x-200-cm-tummanharmaa","status":"publish","type":"product","link":"https:\/\/www.ksttukku.fi\/kauppa\/tuote\/rio-nukkamatto-80-x-200-cm-tummanharmaa\/","title":{"rendered":"Rio nukkamatto 80 x 200 cm  tummanharmaa"},"content":{"rendered":"<p>Rio nukkamatto on pehme\u00e4 valinta kodin kaikkiin oleskelutiloihin.<\/p>\n<p>Neutraalit s\u00e4vyt sopivat niin moderniin kuin perinteiseenkin sisustukseen.<\/p>\n<ul>\n<li>Pehme\u00e4nukkainen<\/li>\n<li>P\u00f6ly\u00e4m\u00e4t\u00f6n<\/li>\n<li>Helppohoitoinen<\/li>\n<li>Sopii makuuhuoneeseen<\/li>\n<li>materiaali 100%\u00a0 polypropeen<\/li>\n<li>murointi ja tuuletus s\u00e4\u00e4nn\u00f6llisesti, tarvittaessa tasovesipesu 30 asteisella vedell\u00e4. Kuivatus tasossa. Tahroja voi pyyhki\u00e4 kostealla liinalla.<\/li>\n<li>Tasovesipesu 30 astetta.<\/li>\n<\/ul>\n","protected":false},"excerpt":{"rendered":"<p>Rio nukkamatto on pehme\u00e4 valinta kodin kaikkiin oleskelutiloihin. Neutraalit s\u00e4vyt sopivat niin moderniin kuin perinteiseenkin sisustukseen. Pehme\u00e4nukkainen P\u00f6ly\u00e4m\u00e4t\u00f6n Helppohoitoinen Sopii makuuhuoneeseen materiaali 100%\u00a0 polypropeen murointi ja tuuletus s\u00e4\u00e4nn\u00f6llisesti, tarvittaessa tasovesipesu 30 asteisella vedell\u00e4. Kuivatus tasossa. Tahroja voi pyyhki\u00e4 kostealla liinalla. Tasovesipesu 30 astetta.<\/p>\n","protected":false},"featured_media":16223,"comment_status":"closed","ping_status":"closed","template":"","meta":[],"product_brand":[],"product_cat":[22,27],"product_tag":[],"class_list":{"0":"post-16222","1":"product","2":"type-product","3":"status-publish","4":"has-post-thumbnail","6":"product_cat-matot","7":"product_cat-nukkamatot","9":"first","10":"instock","11":"taxable","12":"shipping-taxable","13":"purchasable","14":"product-type-simple"},"_links":{"self":[{"href":"https:\/\/www.ksttukku.fi\/kauppa\/wp-json\/wp\/v2\/product\/16222","targetHints":{"allow":["GET"]}}],"collection":[{"href":"https:\/\/www.ksttukku.fi\/kauppa\/wp-json\/wp\/v2\/product"}],"about":[{"href":"https:\/\/www.ksttukku.fi\/kauppa\/wp-json\/wp\/v2\/types\/product"}],"replies":[{"embeddable":true,"href":"https:\/\/www.ksttukku.fi\/kauppa\/wp-json\/wp\/v2\/comments?post=16222"}],"wp:featuredmedia":[{"embeddable":true,"href":"https:\/\/www.ksttukku.fi\/kauppa\/wp-json\/wp\/v2\/media\/16223"}],"wp:attachment":[{"href":"https:\/\/www.ksttukku.fi\/kauppa\/wp-json\/wp\/v2\/media?parent=16222"}],"wp:term":[{"taxonomy":"product_brand","embeddable":true,"href":"https:\/\/www.ksttukku.fi\/kauppa\/wp-json\/wp\/v2\/product_brand?post=16222"},{"taxonomy":"product_cat","embeddable":true,"href":"https:\/\/www.ksttukku.fi\/kauppa\/wp-json\/wp\/v2\/product_cat?post=16222"},{"taxonomy":"product_tag","embeddable":true,"href":"https:\/\/www.ksttukku.fi\/kauppa\/wp-json\/wp\/v2\/product_tag?post=16222"}],"curies":[{"name":"wp","href":"https:\/\/api.w.org\/{rel}","templated":true}]}}