{"id":16225,"date":"2024-09-05T12:17:13","date_gmt":"2024-09-05T09:17:13","guid":{"rendered":"https:\/\/www.ksttukku.fi\/kauppa\/?post_type=product&#038;p=16225"},"modified":"2024-09-05T12:18:57","modified_gmt":"2024-09-05T09:18:57","slug":"kohdelamppu-led-6-w-12-v-gu5-3-3000-k","status":"publish","type":"product","link":"https:\/\/www.ksttukku.fi\/kauppa\/tuote\/kohdelamppu-led-6-w-12-v-gu5-3-3000-k\/","title":{"rendered":"Kohdelamppu LED 6 W 12 V GU5.3 3000 K"},"content":{"rendered":"<p>Kanta: GU 5,3<\/p>\n<p>Valoteho 480 lm.<\/p>\n<p>Valaisukulma 120\u00b0<\/p>\n<p>v\u00e4ril\u00e4mp\u00f6tila 3000 K.<\/p>\n<p>J\u00e4nnite: 12 Volttia<\/p>\n","protected":false},"excerpt":{"rendered":"<p>Kanta: GU 5,3 Valoteho 480 lm. Valaisukulma 120\u00b0 v\u00e4ril\u00e4mp\u00f6tila 3000 K. J\u00e4nnite: 12 Volttia<\/p>\n","protected":false},"featured_media":16226,"comment_status":"closed","ping_status":"closed","template":"","meta":[],"product_brand":[],"product_cat":[187,186,185,34],"product_tag":[],"class_list":{"0":"post-16225","1":"product","2":"type-product","3":"status-publish","4":"has-post-thumbnail","6":"product_cat-kohdelamput","7":"product_cat-ledlamput","8":"product_cat-lamput","9":"product_cat-valaisimet","11":"first","12":"instock","13":"taxable","14":"shipping-taxable","15":"purchasable","16":"product-type-simple"},"_links":{"self":[{"href":"https:\/\/www.ksttukku.fi\/kauppa\/wp-json\/wp\/v2\/product\/16225","targetHints":{"allow":["GET"]}}],"collection":[{"href":"https:\/\/www.ksttukku.fi\/kauppa\/wp-json\/wp\/v2\/product"}],"about":[{"href":"https:\/\/www.ksttukku.fi\/kauppa\/wp-json\/wp\/v2\/types\/product"}],"replies":[{"embeddable":true,"href":"https:\/\/www.ksttukku.fi\/kauppa\/wp-json\/wp\/v2\/comments?post=16225"}],"wp:featuredmedia":[{"embeddable":true,"href":"https:\/\/www.ksttukku.fi\/kauppa\/wp-json\/wp\/v2\/media\/16226"}],"wp:attachment":[{"href":"https:\/\/www.ksttukku.fi\/kauppa\/wp-json\/wp\/v2\/media?parent=16225"}],"wp:term":[{"taxonomy":"product_brand","embeddable":true,"href":"https:\/\/www.ksttukku.fi\/kauppa\/wp-json\/wp\/v2\/product_brand?post=16225"},{"taxonomy":"product_cat","embeddable":true,"href":"https:\/\/www.ksttukku.fi\/kauppa\/wp-json\/wp\/v2\/product_cat?post=16225"},{"taxonomy":"product_tag","embeddable":true,"href":"https:\/\/www.ksttukku.fi\/kauppa\/wp-json\/wp\/v2\/product_tag?post=16225"}],"curies":[{"name":"wp","href":"https:\/\/api.w.org\/{rel}","templated":true}]}}