{"id":16248,"date":"2024-09-18T13:48:20","date_gmt":"2024-09-18T10:48:20","guid":{"rendered":"https:\/\/www.ksttukku.fi\/kauppa\/?post_type=product&#038;p=16248"},"modified":"2025-05-27T14:19:31","modified_gmt":"2025-05-27T11:19:31","slug":"bibury-sivuverho-purjerenkailla-140x-260-cm-valk","status":"publish","type":"product","link":"https:\/\/www.ksttukku.fi\/kauppa\/tuote\/bibury-sivuverho-purjerenkailla-140x-260-cm-valk\/","title":{"rendered":"Ranskalainen Bibury sivuverho purjerenkailla  140x 260 cm valk"},"content":{"rendered":"<p>N\u00e4ytt\u00e4v\u00e4 kohokuvioitu\u00a0 sivuverho purjerenkailla<\/p>\n<p>Materiaali: 100% polyesteri<\/p>\n<p>Koko: 140 x 260 cm<\/p>\n<p>8 metallirengasta<\/p>\n<p>Hoito-ohje: pesu 30\u00b0<\/p>\n<p>V\u00e4ri: valkoinen<\/p>\n","protected":false},"excerpt":{"rendered":"<p>N\u00e4ytt\u00e4v\u00e4 kohokuvioitu\u00a0 sivuverho purjerenkailla Materiaali: 100% polyesteri Koko: 140 x 260 cm 8 metallirengasta Hoito-ohje: pesu 30\u00b0 V\u00e4ri: valkoinen<\/p>\n","protected":false},"featured_media":16249,"comment_status":"closed","ping_status":"closed","template":"","meta":[],"product_brand":[],"product_cat":[330],"product_tag":[],"class_list":{"0":"post-16248","1":"product","2":"type-product","3":"status-publish","4":"has-post-thumbnail","6":"product_cat-verhot","8":"first","9":"outofstock","10":"taxable","11":"shipping-taxable","12":"purchasable","13":"product-type-simple"},"_links":{"self":[{"href":"https:\/\/www.ksttukku.fi\/kauppa\/wp-json\/wp\/v2\/product\/16248","targetHints":{"allow":["GET"]}}],"collection":[{"href":"https:\/\/www.ksttukku.fi\/kauppa\/wp-json\/wp\/v2\/product"}],"about":[{"href":"https:\/\/www.ksttukku.fi\/kauppa\/wp-json\/wp\/v2\/types\/product"}],"replies":[{"embeddable":true,"href":"https:\/\/www.ksttukku.fi\/kauppa\/wp-json\/wp\/v2\/comments?post=16248"}],"wp:featuredmedia":[{"embeddable":true,"href":"https:\/\/www.ksttukku.fi\/kauppa\/wp-json\/wp\/v2\/media\/16249"}],"wp:attachment":[{"href":"https:\/\/www.ksttukku.fi\/kauppa\/wp-json\/wp\/v2\/media?parent=16248"}],"wp:term":[{"taxonomy":"product_brand","embeddable":true,"href":"https:\/\/www.ksttukku.fi\/kauppa\/wp-json\/wp\/v2\/product_brand?post=16248"},{"taxonomy":"product_cat","embeddable":true,"href":"https:\/\/www.ksttukku.fi\/kauppa\/wp-json\/wp\/v2\/product_cat?post=16248"},{"taxonomy":"product_tag","embeddable":true,"href":"https:\/\/www.ksttukku.fi\/kauppa\/wp-json\/wp\/v2\/product_tag?post=16248"}],"curies":[{"name":"wp","href":"https:\/\/api.w.org\/{rel}","templated":true}]}}