{"id":16295,"date":"2024-10-05T14:10:45","date_gmt":"2024-10-05T11:10:45","guid":{"rendered":"https:\/\/www.ksttukku.fi\/kauppa\/?post_type=product&#038;p=16295"},"modified":"2024-10-05T14:13:24","modified_gmt":"2024-10-05T11:13:24","slug":"star-trading-smart-valonauha-8-x-2-m","status":"publish","type":"product","link":"https:\/\/www.ksttukku.fi\/kauppa\/tuote\/star-trading-smart-valonauha-8-x-2-m\/","title":{"rendered":"Star trading Smart valonauha 8 x 2 m"},"content":{"rendered":"<p>Johdossa olevassa ohjaimen, pakkaukseen sis\u00e4ltyv\u00e4n kaukos\u00e4\u00e4timen tai Smart Life -sovelluksen avulla on helppo valita valon v\u00e4ri, sytytt\u00e4\u00e4 ja sammuttaa valot. Sovelluksessa on my\u00f6s mahdollista luoda aikataulun valojen palamiselle.<br \/>\nValosarja on Google Home ja Amazon Alexa -yhteensopiva.<br \/>\nKiinte\u00e4 LED, kokonaisteho 10W.<\/p>\n<p>Valosarjaa voi ohjata my\u00f6s mukana tulevalla kaukos\u00e4\u00e4timell\u00e4<\/p>\n<p>IP 44<\/p>\n<p>Liitosjohdon pituus: 5 metri\u00e4<\/p>\n","protected":false},"excerpt":{"rendered":"<p>Johdossa olevassa ohjaimen, pakkaukseen sis\u00e4ltyv\u00e4n kaukos\u00e4\u00e4timen tai Smart Life -sovelluksen avulla on helppo valita valon v\u00e4ri, sytytt\u00e4\u00e4 ja sammuttaa valot. Sovelluksessa on my\u00f6s mahdollista luoda aikataulun valojen palamiselle. Valosarja on Google Home ja Amazon Alexa -yhteensopiva. Kiinte\u00e4 LED, kokonaisteho 10W. Valosarjaa voi ohjata my\u00f6s mukana tulevalla kaukos\u00e4\u00e4timell\u00e4 IP 44 Liitosjohdon pituus: 5 metri\u00e4<\/p>\n","protected":false},"featured_media":16296,"comment_status":"closed","ping_status":"closed","template":"","meta":[],"product_brand":[],"product_cat":[176,197,199,177,317],"product_tag":[],"class_list":{"0":"post-16295","1":"product","2":"type-product","3":"status-publish","4":"has-post-thumbnail","6":"product_cat-joulu-ja-koristevalot","7":"product_cat-joulukuusen-valosarjat","8":"product_cat-koristevalot","9":"product_cat-valosarjat","10":"product_cat-alyvalaisimet-ja-lamput","12":"first","13":"instock","14":"taxable","15":"shipping-taxable","16":"purchasable","17":"product-type-simple"},"_links":{"self":[{"href":"https:\/\/www.ksttukku.fi\/kauppa\/wp-json\/wp\/v2\/product\/16295","targetHints":{"allow":["GET"]}}],"collection":[{"href":"https:\/\/www.ksttukku.fi\/kauppa\/wp-json\/wp\/v2\/product"}],"about":[{"href":"https:\/\/www.ksttukku.fi\/kauppa\/wp-json\/wp\/v2\/types\/product"}],"replies":[{"embeddable":true,"href":"https:\/\/www.ksttukku.fi\/kauppa\/wp-json\/wp\/v2\/comments?post=16295"}],"wp:featuredmedia":[{"embeddable":true,"href":"https:\/\/www.ksttukku.fi\/kauppa\/wp-json\/wp\/v2\/media\/16296"}],"wp:attachment":[{"href":"https:\/\/www.ksttukku.fi\/kauppa\/wp-json\/wp\/v2\/media?parent=16295"}],"wp:term":[{"taxonomy":"product_brand","embeddable":true,"href":"https:\/\/www.ksttukku.fi\/kauppa\/wp-json\/wp\/v2\/product_brand?post=16295"},{"taxonomy":"product_cat","embeddable":true,"href":"https:\/\/www.ksttukku.fi\/kauppa\/wp-json\/wp\/v2\/product_cat?post=16295"},{"taxonomy":"product_tag","embeddable":true,"href":"https:\/\/www.ksttukku.fi\/kauppa\/wp-json\/wp\/v2\/product_tag?post=16295"}],"curies":[{"name":"wp","href":"https:\/\/api.w.org\/{rel}","templated":true}]}}